{"id":79037,"date":"2025-04-03T12:57:34","date_gmt":"2025-04-03T12:57:34","guid":{"rendered":"https:\/\/brandss.com.py\/index\/?post_type=product&#038;p=79037"},"modified":"2025-06-21T19:10:30","modified_gmt":"2025-06-21T19:10:30","slug":"labial-hidratante-maybelline-lips-15-cherry-me","status":"publish","type":"product","link":"https:\/\/brandss.com.py\/index\/producto\/labial-hidratante-maybelline-lips-15-cherry-me\/","title":{"rendered":"LABIAL HIDRATANTE MAYBELLINE LIPS 15 CHERRY ME"},"content":{"rendered":"<div class=\"mb3\">\n<div><img loading=\"lazy\" decoding=\"async\" class=\"\" src=\"https:\/\/1000marcas.net\/wp-content\/uploads\/2020\/02\/logo-Maybelline.png\" alt=\"Maybelline Logo - s\u00edmbolo, significado logotipo, historia, PNG\" width=\"528\" height=\"297\" \/><\/div>\n<h1>LIPS 15 CHERRY ME<\/h1>\n<div class=\"dangerous-html mb3\"><span>\u00a1Olv\u00eddate del b\u00e1lsamo labial b\u00e1sico! Consigue una reparaci\u00f3n labial intensa e hidrataci\u00f3n durante ocho horas.<\/span><\/p>\n<p><span>QU\u00c9 ES:<\/span><br \/>\n<span>El b\u00e1lsamo hidratante Baby Lips\u00ae hidrata los labios durante ocho horas. Los labios lucen visiblemente renovados despu\u00e9s de una semana.<\/span><\/div>\n<\/div>\n<div class=\"mb3\">\n<div class=\"dangerous-html mb3\"><span>BENEFICIOS<\/span><br \/>\n<span>Es un cuidado cl\u00ednico para labios suaves como los de un beb\u00e9. Su f\u00f3rmula exclusiva hidrata y protege los labios durante ocho horas completas. Despu\u00e9s de una semana, los labios est\u00e1n visiblemente renovados.<\/span><br \/>\n<span>\u2022 El 88 % experiment\u00f3 labios m\u00e1s suaves<\/span><br \/>\n<span>\u2022 El 83 % experiment\u00f3 labios con mejor aspecto<\/span><br \/>\n<span>\u2022 El 82 % experiment\u00f3 labios menos secos<\/span><br \/>\n<span>\u2022 El 70 % experiment\u00f3 labios m\u00e1s flexibles<\/span><\/p>\n<p><span>C\u00d3MO APLICAR<\/span><br \/>\n<span>Paso 1. Aplique el b\u00e1lsamo labial en el centro del labio superior y siga los contornos de la boca.<\/span><br \/>\n<span>Paso 2. Deslice el b\u00e1lsamo labial por todo el labio inferior.<\/span><br \/>\n<span>Paso 3. El b\u00e1lsamo labial se puede usar solo o debajo del l\u00e1piz labial o el brillo labial.<\/span><\/div>\n<\/div>\n<div class=\"w_X8rh w_O8M0 bn bg-transparent dark-gray pa0 sans-serif mb3 lh-copy\"><span class=\"w_EXrs\"><span class=\"w_q67L\"><span>informaci\u00f3n:<\/span><\/span><\/span><\/p>\n<div class=\"w_l385\">\n<div><span class=\"b\"><span>Nos esforzamos por mostrarle informaci\u00f3n de productos lo m\u00e1s precisa posible.<\/span>\u00a0<\/span><span>Sin embargo, la informaci\u00f3n que ve aqu\u00ed la proporcionan fabricantes, proveedores, vendedores externos del Marketplace y otros, y no la verificamos por separado.<\/span><\/div>\n<\/div>\n<\/div>\n","protected":false},"excerpt":{"rendered":"<p>LIPS 15 CHERRY ME \u00a1Olv\u00eddate del b\u00e1lsamo labial b\u00e1sico! Consigue una reparaci\u00f3n labial intensa e hidrataci\u00f3n durante ocho horas. QU\u00c9<\/p>\n","protected":false},"featured_media":79043,"comment_status":"open","ping_status":"closed","template":"","meta":{"nf_dc_page":""},"product_brand":[],"product_cat":[95],"product_tag":[],"class_list":{"0":"post-79037","1":"product","2":"type-product","3":"status-publish","4":"has-post-thumbnail","6":"product_cat-maquillaje","8":"first","9":"instock","10":"shipping-taxable","11":"purchasable","12":"product-type-simple"},"_links":{"self":[{"href":"https:\/\/brandss.com.py\/index\/wp-json\/wp\/v2\/product\/79037","targetHints":{"allow":["GET"]}}],"collection":[{"href":"https:\/\/brandss.com.py\/index\/wp-json\/wp\/v2\/product"}],"about":[{"href":"https:\/\/brandss.com.py\/index\/wp-json\/wp\/v2\/types\/product"}],"replies":[{"embeddable":true,"href":"https:\/\/brandss.com.py\/index\/wp-json\/wp\/v2\/comments?post=79037"}],"version-history":[{"count":1,"href":"https:\/\/brandss.com.py\/index\/wp-json\/wp\/v2\/product\/79037\/revisions"}],"predecessor-version":[{"id":79046,"href":"https:\/\/brandss.com.py\/index\/wp-json\/wp\/v2\/product\/79037\/revisions\/79046"}],"wp:featuredmedia":[{"embeddable":true,"href":"https:\/\/brandss.com.py\/index\/wp-json\/wp\/v2\/media\/79043"}],"wp:attachment":[{"href":"https:\/\/brandss.com.py\/index\/wp-json\/wp\/v2\/media?parent=79037"}],"wp:term":[{"taxonomy":"product_brand","embeddable":true,"href":"https:\/\/brandss.com.py\/index\/wp-json\/wp\/v2\/product_brand?post=79037"},{"taxonomy":"product_cat","embeddable":true,"href":"https:\/\/brandss.com.py\/index\/wp-json\/wp\/v2\/product_cat?post=79037"},{"taxonomy":"product_tag","embeddable":true,"href":"https:\/\/brandss.com.py\/index\/wp-json\/wp\/v2\/product_tag?post=79037"}],"curies":[{"name":"wp","href":"https:\/\/api.w.org\/{rel}","templated":true}]}}