{"id":79048,"date":"2025-04-03T13:06:40","date_gmt":"2025-04-03T13:06:40","guid":{"rendered":"https:\/\/brandss.com.py\/index\/?post_type=product&#038;p=79048"},"modified":"2026-02-13T10:58:51","modified_gmt":"2026-02-13T10:58:51","slug":"polvo-loreal-infallible-semi-permanente","status":"publish","type":"product","link":"https:\/\/brandss.com.py\/index\/producto\/polvo-loreal-infallible-semi-permanente\/","title":{"rendered":"POLVO FACIAL LOREAL INFALLIBLE SEMI PERMANENTE"},"content":{"rendered":"<div id=\"product-ai-feature\" class=\"\"><img loading=\"lazy\" decoding=\"async\" class=\"\" src=\"https:\/\/cdn.worldvectorlogo.com\/logos\/l-oreal-3.svg\" alt=\"L'Oreal Logotipo Vector - Descarga Gratis SVG | Worldvectorlogo\" width=\"217\" height=\"217\" \/><\/div>\n<h1>\u00a0Fresh Wear 24 Hr de L&#8217;Or\u00e9al Paris, 180 Linen, 0.31 oz<\/h1>\n<div class=\"\">Base de maquillaje en polvo infalible de hasta 24 horas de duraci\u00f3n que cubre como un l\u00edquido y matifica como un polvo sin dejar un aspecto apelmazado.<\/div>\n<div class=\"product-detail-section\">\n<div class=\"heading-sec\">\n<ul>\n<li>Base de maquillaje en polvo Infallible Fresh Wear 24 Hr de L&#8217;Or\u00e9al Paris, 180 Linen. Exige m\u00e1s durabilidad con este favorito viral de TikTok: la base de maquillaje en polvo Infallible Fresh Wear de hasta 24 horas cubre como un l\u00edquido y matifica como un polvo, sin efecto pastoso. Su textura ligera y ligera en polvo proporciona una cobertura total y un acabado mate natural que se siente transpirable y ligero, dejando la piel con una sensaci\u00f3n de comodidad hasta por 24 horas. Con efecto difuminador y control de brillo durante todo el d\u00eda, este polvo proporciona un acabado uniforme que no se transfiere. Es resistente al agua, al calor y al sudor. Disponible en 20 tonos, es apto para todo tipo de piel, incluyendo piel grasa y piel con tendencia acneica.<\/li>\n<\/ul>\n<table id=\"product-attribute-specs-table\" class=\"featureTable\">\n<tbody>\n<tr>\n<td>Caracter\u00edsticas<\/td>\n<td>Ligero<\/td>\n<\/tr>\n<tr>\n<td>Marca<\/td>\n<td>L&#8217;Or\u00e9al Par\u00eds<\/td>\n<\/tr>\n<tr>\n<td>Forma<\/td>\n<td>Polvo prensado<\/td>\n<\/tr>\n<tr>\n<td>Color<\/td>\n<td>180 Lino<\/td>\n<\/tr>\n<tr>\n<td>Tipo de piel<\/td>\n<td>Todo<\/td>\n<\/tr>\n<tr>\n<td>N\u00famero de pieza del fabricante<\/td>\n<td>K0536400<\/td>\n<\/tr>\n<tr>\n<td>Tono de piel<\/td>\n<td>Regular a medio<\/td>\n<\/tr>\n<tr>\n<td>Formulario de maquillaje<\/td>\n<td>Polvos compactos<\/td>\n<\/tr>\n<tr>\n<td>Dimensiones del producto ensamblado (L x An x Al)<\/td>\n<td>0,79 x 2,65 x 2,65 pulgadas (2 x 6,7 x 6,7 cm)<\/td>\n<\/tr>\n<tr>\n<td>Grupo de edad<\/td>\n<td>Adulto<\/td>\n<\/tr>\n<tr>\n<td>Tipo de piel<\/td>\n<td>Todo<\/td>\n<\/tr>\n<tr>\n<td>Tono de piel<\/td>\n<td>Regular a medio<\/td>\n<\/tr>\n<tr>\n<td>Condici\u00f3n<\/td>\n<td>Nuevo<\/td>\n<\/tr>\n<tr>\n<td>Beneficios clave del cuidado de la piel<\/td>\n<td>Hidratante<\/td>\n<\/tr>\n<tr>\n<td>Ocasi\u00f3n<\/td>\n<td>Para toda ocasi\u00f3n<\/td>\n<\/tr>\n<tr>\n<td>Estilo dispensador<\/td>\n<td>Estrujar<\/td>\n<\/tr>\n<\/tbody>\n<\/table>\n<ul>\n<li>Base de maquillaje en polvo Infallible Fresh Wear 24 horas de L&#8217;Or\u00e9al Paris, 180 Linen, 0.31 oz<\/li>\n<li>No es comedog\u00e9nico, no deja sensaci\u00f3n grasa y ha sido probado bajo control dermatol\u00f3gico. Cobertura de hasta 24 horas.<\/li>\n<li>Base de maquillaje en polvo infalible de hasta 24 horas de duraci\u00f3n que cubre como un l\u00edquido y matifica como un polvo sin dejar un aspecto apelmazado.<\/li>\n<li>La textura ligera y fina en polvo proporciona una cobertura total y un acabado mate natural que se siente transpirable y ligero, dejando la piel con una sensaci\u00f3n de comodidad durante hasta 24 horas.<\/li>\n<li>Con efecto difuminador y control de brillo durante todo el d\u00eda, este polvo proporciona un acabado uniforme que no se transfiere. Es resistente al agua, al calor y al sudor.<\/li>\n<li>Disponible en 20 tonos y adecuado para todo tipo de piel, piel grasa y piel con tendencia acneica.<\/li>\n<\/ul>\n<p><b>Instrucciones<\/b><\/p>\n<p>Apl\u00edcalo sobre la piel con la esponja aplicadora incluida. La esponja absorbe el producto de forma \u00f3ptima y su superficie lisa facilita su aplicaci\u00f3n. \u00dasalo h\u00famedo para una cobertura completa o seco para una cobertura media modulable.<\/p>\n<\/div>\n<\/div>\n","protected":false},"excerpt":{"rendered":"<p>\u00a0Fresh Wear 24 Hr de L&#8217;Or\u00e9al Paris, 180 Linen, 0.31 oz Base de maquillaje en polvo infalible de hasta 24<\/p>\n","protected":false},"featured_media":79050,"comment_status":"open","ping_status":"closed","template":"","meta":{"nf_dc_page":""},"product_brand":[349],"product_cat":[95],"product_tag":[455],"class_list":{"0":"post-79048","1":"product","2":"type-product","3":"status-publish","4":"has-post-thumbnail","6":"product_brand-loreal","7":"product_cat-maquillaje","8":"product_tag-455","10":"first","11":"instock","12":"shipping-taxable","13":"purchasable","14":"product-type-simple"},"_links":{"self":[{"href":"https:\/\/brandss.com.py\/index\/wp-json\/wp\/v2\/product\/79048","targetHints":{"allow":["GET"]}}],"collection":[{"href":"https:\/\/brandss.com.py\/index\/wp-json\/wp\/v2\/product"}],"about":[{"href":"https:\/\/brandss.com.py\/index\/wp-json\/wp\/v2\/types\/product"}],"replies":[{"embeddable":true,"href":"https:\/\/brandss.com.py\/index\/wp-json\/wp\/v2\/comments?post=79048"}],"version-history":[{"count":3,"href":"https:\/\/brandss.com.py\/index\/wp-json\/wp\/v2\/product\/79048\/revisions"}],"predecessor-version":[{"id":91160,"href":"https:\/\/brandss.com.py\/index\/wp-json\/wp\/v2\/product\/79048\/revisions\/91160"}],"wp:featuredmedia":[{"embeddable":true,"href":"https:\/\/brandss.com.py\/index\/wp-json\/wp\/v2\/media\/79050"}],"wp:attachment":[{"href":"https:\/\/brandss.com.py\/index\/wp-json\/wp\/v2\/media?parent=79048"}],"wp:term":[{"taxonomy":"product_brand","embeddable":true,"href":"https:\/\/brandss.com.py\/index\/wp-json\/wp\/v2\/product_brand?post=79048"},{"taxonomy":"product_cat","embeddable":true,"href":"https:\/\/brandss.com.py\/index\/wp-json\/wp\/v2\/product_cat?post=79048"},{"taxonomy":"product_tag","embeddable":true,"href":"https:\/\/brandss.com.py\/index\/wp-json\/wp\/v2\/product_tag?post=79048"}],"curies":[{"name":"wp","href":"https:\/\/api.w.org\/{rel}","templated":true}]}}