{"id":79057,"date":"2025-04-03T13:29:44","date_gmt":"2025-04-03T13:29:44","guid":{"rendered":"https:\/\/brandss.com.py\/index\/?post_type=product&#038;p=79057"},"modified":"2025-12-11T17:41:05","modified_gmt":"2025-12-11T17:41:05","slug":"perfume-masculino-roberto-capuccini-blue-intenso-edp-100ml","status":"publish","type":"product","link":"https:\/\/brandss.com.py\/index\/producto\/perfume-masculino-roberto-capuccini-blue-intenso-edp-100ml\/","title":{"rendered":"PERFUME MASCULINO ROBERTO CAPUCCI BLUE INTENSO EDP 100ML"},"content":{"rendered":"<p><img decoding=\"async\" src=\"https:\/\/alessandrabelotti.it\/wp-content\/uploads\/2020\/05\/0007_roberto-capucci.jpg\" alt=\"Roberto Capucci - Alessandra Belotti - Real Beauty Consultant\" \/><\/p>\n<h1>BLUE INTENSO<\/h1>\n<p>Roberto Capucci Blu Homme Eau de Parfum es una fragancia intensa y profunda, tan cautivadora como las olas del mar. Desde el primer momento te envuelve con sus notas c\u00edtricas y especiadas para luego embriagarte con sus esencias amaderadas y florales. Esta fragancia es un maravilloso mosaico de aromas \u00fanicos, tan relajantes como el azul, tan puros como el agua. El frescor de la pimienta rosa y el pomelo se entrelaza con el s\u00e1ndalo y el pachul\u00ed para dejar finalmente una estela de \u00e1mbar gris.<\/p>\n<p class=\"mt-4 text-secondary\">&#8211; Edici\u00f3n: Blu Intenso.<\/p>\n<div>&#8211; Tipo: Eau de Toilette.<br \/>\n&#8211; Contenido: 100ml.<br \/>\n&#8211; Notas de Salida: Pomelo, lim\u00f3n, jengibre, pimienta rosa, incienso y nuez moscada.<br \/>\n&#8211; Notas medias: jazm\u00edn, s\u00e1ndalo, pachul\u00ed, vetiver y cedro.<br \/>\n&#8211; Notas de fondo: \u00e1mbar gris, almizcle blanco, musgo de roble, l\u00e1dano y haba tonka.<\/div>\n<div class=\"trix-content\">\n<p>&nbsp;<\/p>\n<\/div>\n","protected":false},"excerpt":{"rendered":"<p>BLUE INTENSO Roberto Capucci Blu Homme Eau de Parfum es una fragancia intensa y profunda, tan cautivadora como las olas<\/p>\n","protected":false},"featured_media":79058,"comment_status":"open","ping_status":"closed","template":"","meta":{"nf_dc_page":""},"product_brand":[2027],"product_cat":[84],"product_tag":[2028],"class_list":{"0":"post-79057","1":"product","2":"type-product","3":"status-publish","4":"has-post-thumbnail","6":"product_brand-roberto-capucci","7":"product_cat-perfumeria","8":"product_tag-2028","10":"first","11":"instock","12":"shipping-taxable","13":"purchasable","14":"product-type-simple"},"_links":{"self":[{"href":"https:\/\/brandss.com.py\/index\/wp-json\/wp\/v2\/product\/79057","targetHints":{"allow":["GET"]}}],"collection":[{"href":"https:\/\/brandss.com.py\/index\/wp-json\/wp\/v2\/product"}],"about":[{"href":"https:\/\/brandss.com.py\/index\/wp-json\/wp\/v2\/types\/product"}],"replies":[{"embeddable":true,"href":"https:\/\/brandss.com.py\/index\/wp-json\/wp\/v2\/comments?post=79057"}],"version-history":[{"count":3,"href":"https:\/\/brandss.com.py\/index\/wp-json\/wp\/v2\/product\/79057\/revisions"}],"predecessor-version":[{"id":89019,"href":"https:\/\/brandss.com.py\/index\/wp-json\/wp\/v2\/product\/79057\/revisions\/89019"}],"wp:featuredmedia":[{"embeddable":true,"href":"https:\/\/brandss.com.py\/index\/wp-json\/wp\/v2\/media\/79058"}],"wp:attachment":[{"href":"https:\/\/brandss.com.py\/index\/wp-json\/wp\/v2\/media?parent=79057"}],"wp:term":[{"taxonomy":"product_brand","embeddable":true,"href":"https:\/\/brandss.com.py\/index\/wp-json\/wp\/v2\/product_brand?post=79057"},{"taxonomy":"product_cat","embeddable":true,"href":"https:\/\/brandss.com.py\/index\/wp-json\/wp\/v2\/product_cat?post=79057"},{"taxonomy":"product_tag","embeddable":true,"href":"https:\/\/brandss.com.py\/index\/wp-json\/wp\/v2\/product_tag?post=79057"}],"curies":[{"name":"wp","href":"https:\/\/api.w.org\/{rel}","templated":true}]}}