{"id":79062,"date":"2025-04-03T13:36:50","date_gmt":"2025-04-03T13:36:50","guid":{"rendered":"https:\/\/brandss.com.py\/index\/?post_type=product&#038;p=79062"},"modified":"2025-12-11T17:42:56","modified_gmt":"2025-12-11T17:42:56","slug":"perfume-police-femenino-miss-bouquet-edt-100ml","status":"publish","type":"product","link":"https:\/\/brandss.com.py\/index\/producto\/perfume-police-femenino-miss-bouquet-edt-100ml\/","title":{"rendered":"PERFUME FEMENINO POLICE MISS BOUQUET EDT 100ML"},"content":{"rendered":"<div class=\"trix-content\">\n<div><\/div>\n<div><img loading=\"lazy\" decoding=\"async\" class=\"\" src=\"https:\/\/m.media-amazon.com\/images\/S\/aplus-media\/sota\/49fd393e-894a-4e2b-9bf5-157dee888e82.__CR0,0,600,180_PT0_SX600_V1___.jpg\" alt=\"Amazon.com: Police Icon Eau de Parfum, 4.2 onzas : Belleza y Cuidado  Personal\" width=\"153\" height=\"46\" \/><\/div>\n<h1><span style=\"color: #1b1919;font-size: 28px\">MISS BOUQUET<\/span><\/h1>\n<\/div>\n<div class=\"trix-content\">\n<div>Es la esencia de una mujer libre y sofisticada. Una fragancia con una personalidad voluptuosa, multifac\u00e9tica y fresca.<\/div>\n<div>\n<ul>\n<li><span dir=\"auto\">Proporciona una fragancia agradable.<\/span><\/li>\n<li><span dir=\"auto\">Mejora el estado de \u00e1nimo.<\/span><\/li>\n<li><span dir=\"auto\">Aumenta la confianza.<\/span><\/li>\n<li><span dir=\"auto\">Te hace atractivo.<\/span><\/li>\n<li><span dir=\"auto\">Act\u00faa como un afrodis\u00edaco.<\/span><\/li>\n<li><span dir=\"auto\">Puede mejorar la concentraci\u00f3n.<\/span><\/li>\n<\/ul>\n<\/div>\n<\/div>\n<div><img loading=\"lazy\" decoding=\"async\" class=\"alignleft\" src=\"https:\/\/images-static.nykaa.com\/media\/catalog\/product\/6\/a\/6a1421cPL-501101_4.jpg\" width=\"511\" height=\"511\" \/><\/div>\n<h3><\/h3>\n<h3>Notas Olfativas<\/h3>\n<div><\/div>\n<div>\n<p><span dir=\"auto\">\u00a0Las notas de salida se definen por un elegante y refinado toque de naranja y bergamota, combinado con vibrantes toques afrutados de grosella negra. <\/span><\/p>\n<p><span dir=\"auto\">El generoso coraz\u00f3n revela gradualmente los delicados matices de rosa, abrazados por la sensualidad del jazm\u00edn nocturno. Las notas de fondo, con los toques terrosos del aceite de pachul\u00ed, la pureza del almizcle y la calidez de la vainilla, crean una estela verdaderamente magn\u00e9tica. <\/span><\/p>\n<p><span dir=\"auto\"><strong>Familia olfativa:<\/strong> Chipre, frutal, acu\u00e1tica.<\/span><\/p>\n<ul>\n<li><b><span dir=\"auto\">Notas de salida:<\/span><\/b><span dir=\"auto\"> bergamota, naranja, ar\u00e1ndano.<\/span><\/li>\n<li><b><span dir=\"auto\">Notas de coraz\u00f3n:<\/span><\/b><span dir=\"auto\"> rosa, ciclamen, jazm\u00edn.<\/span><\/li>\n<li><b><span dir=\"auto\">Notas de fondo:<\/span><\/b><span dir=\"auto\">\u00a0Almizcle, vainilla, pachul\u00ed.<\/span><\/li>\n<\/ul>\n<\/div>\n","protected":false},"excerpt":{"rendered":"<p>MISS BOUQUET Es la esencia de una mujer libre y sofisticada. Una fragancia con una personalidad voluptuosa, multifac\u00e9tica y fresca.<\/p>\n","protected":false},"featured_media":88379,"comment_status":"open","ping_status":"closed","template":"","meta":{"nf_dc_page":""},"product_brand":[2029],"product_cat":[84],"product_tag":[2030],"class_list":{"0":"post-79062","1":"product","2":"type-product","3":"status-publish","4":"has-post-thumbnail","6":"product_brand-police","7":"product_cat-perfumeria","8":"product_tag-2030","10":"first","11":"instock","12":"shipping-taxable","13":"purchasable","14":"product-type-simple"},"_links":{"self":[{"href":"https:\/\/brandss.com.py\/index\/wp-json\/wp\/v2\/product\/79062","targetHints":{"allow":["GET"]}}],"collection":[{"href":"https:\/\/brandss.com.py\/index\/wp-json\/wp\/v2\/product"}],"about":[{"href":"https:\/\/brandss.com.py\/index\/wp-json\/wp\/v2\/types\/product"}],"replies":[{"embeddable":true,"href":"https:\/\/brandss.com.py\/index\/wp-json\/wp\/v2\/comments?post=79062"}],"version-history":[{"count":4,"href":"https:\/\/brandss.com.py\/index\/wp-json\/wp\/v2\/product\/79062\/revisions"}],"predecessor-version":[{"id":94794,"href":"https:\/\/brandss.com.py\/index\/wp-json\/wp\/v2\/product\/79062\/revisions\/94794"}],"wp:featuredmedia":[{"embeddable":true,"href":"https:\/\/brandss.com.py\/index\/wp-json\/wp\/v2\/media\/88379"}],"wp:attachment":[{"href":"https:\/\/brandss.com.py\/index\/wp-json\/wp\/v2\/media?parent=79062"}],"wp:term":[{"taxonomy":"product_brand","embeddable":true,"href":"https:\/\/brandss.com.py\/index\/wp-json\/wp\/v2\/product_brand?post=79062"},{"taxonomy":"product_cat","embeddable":true,"href":"https:\/\/brandss.com.py\/index\/wp-json\/wp\/v2\/product_cat?post=79062"},{"taxonomy":"product_tag","embeddable":true,"href":"https:\/\/brandss.com.py\/index\/wp-json\/wp\/v2\/product_tag?post=79062"}],"curies":[{"name":"wp","href":"https:\/\/api.w.org\/{rel}","templated":true}]}}