{"id":79081,"date":"2025-04-03T14:50:12","date_gmt":"2025-04-03T14:50:12","guid":{"rendered":"https:\/\/brandss.com.py\/index\/?post_type=product&#038;p=79081"},"modified":"2025-12-15T14:22:54","modified_gmt":"2025-12-15T14:22:54","slug":"rejoj-unisex-g-tide-smartwatch-r3-black","status":"publish","type":"product","link":"https:\/\/brandss.com.py\/index\/producto\/rejoj-unisex-g-tide-smartwatch-r3-black\/","title":{"rendered":"REJOJ UNISEX G-TIDE SMARTWATCH R3 BLACK"},"content":{"rendered":"<p><img loading=\"lazy\" decoding=\"async\" class=\"\" src=\"https:\/\/gtide.com.br\/wp-content\/uploads\/2024\/04\/gtideazul.svg\" alt=\"G-TiDE Brasil \u2013 Easy life, Easy fun!\" width=\"127\" height=\"49\" \/><\/p>\n<h1>R3<\/h1>\n<div class=\"trix-content\">\n<div>El Smart Watch G-Tide R3 est\u00e1 dise\u00f1ado para ofrecer una experiencia completa y funcional con caracter\u00edsticas avanzadas y un dise\u00f1o elegante. Su pantalla AMOLED de 1.39 pulgadas con resoluci\u00f3n de 240 x 240 p\u00edxeles proporciona una visualizaci\u00f3n clara y detallada. La bater\u00eda de 300 mAh ofrece una autonom\u00eda de aproximadamente 5 d\u00edas, permitiendo un uso prolongado sin necesidad de recargas frecuentes. Equipado con conectividad Bluetooth 5.2, es compatible con dispositivos Android e iOS, asegurando una sincronizaci\u00f3n eficiente. Este reloj inteligente cuenta con resistencia al agua de 5 ATM y un \u00edndice de protecci\u00f3n IP68, garantizando durabilidad y protecci\u00f3n en diversas condiciones. Adem\u00e1s, incluye 100 modos deportivos, convirti\u00e9ndose en un compa\u00f1ero vers\u00e1til para cualquier actividad f\u00edsica.<\/div>\n<div><\/div>\n<\/div>\n<div class=\"trix-content\">\n<div>\n<section class=\"elementor-section elementor-top-section elementor-element elementor-element-d769a24 elementor-section-boxed elementor-section-height-default elementor-section-height-default\" data-id=\"d769a24\" data-element_type=\"section\">\n<div class=\"elementor-container elementor-column-gap-default\">\n<div class=\"elementor-column elementor-col-100 elementor-top-column elementor-element elementor-element-5f3051b\" data-id=\"5f3051b\" data-element_type=\"column\">\n<div class=\"elementor-widget-wrap elementor-element-populated\">\n<div class=\"elementor-element elementor-element-d3bd76c elementor-position-left elementor-view-default elementor-mobile-position-top elementor-vertical-align-top elementor-widget elementor-widget-icon-box\" data-id=\"d3bd76c\" data-element_type=\"widget\" data-widget_type=\"icon-box.default\">\n<div class=\"elementor-widget-container\">\n<div class=\"elementor-icon-box-wrapper\">\n<div class=\"elementor-icon-box-content\">\n<h3 class=\"elementor-icon-box-title\">Caracter\u00edsticas<\/h3>\n<\/div>\n<\/div>\n<\/div>\n<\/div>\n<\/div>\n<\/div>\n<\/div>\n<\/section>\n<section class=\"elementor-section elementor-top-section elementor-element elementor-element-2645c91 elementor-section-boxed elementor-section-height-default elementor-section-height-default\" data-id=\"2645c91\" data-element_type=\"section\">\n<div class=\"elementor-container elementor-column-gap-default\">\n<div class=\"elementor-column elementor-col-100 elementor-top-column elementor-element elementor-element-211a426\" data-id=\"211a426\" data-element_type=\"column\">\n<div class=\"elementor-widget-wrap elementor-element-populated\">\n<div class=\"elementor-element elementor-element-e87fbda elementor-widget elementor-widget-woocommerce-product-content\" data-id=\"e87fbda\" data-element_type=\"widget\" data-widget_type=\"woocommerce-product-content.default\">\n<div class=\"elementor-widget-container\">\n<div class=\"elementor elementor-35688\" data-elementor-type=\"product-post\" data-elementor-id=\"35688\" data-elementor-post-type=\"product\">\n<div class=\"elementor-element elementor-element-77f96010 e-flex e-con-boxed e-con e-parent e-lazyloaded\" data-id=\"77f96010\" data-element_type=\"container\">\n<div class=\"e-con-inner\">\n<div class=\"elementor-element elementor-element-7fb29777 elementor-widget elementor-widget-text-editor\" data-id=\"7fb29777\" data-element_type=\"widget\" data-widget_type=\"text-editor.default\">\n<div class=\"elementor-widget-container\">\n<div>\u2022\u00a0Pantalla FHD de 1.39\u2033 -Alta Resoluci\u00f3n<\/div>\n<div>\u2022\u00a0Compatible con IPhone y Android<\/div>\n<div>\u2022\u00a0 Sistema operativo muy fluido<\/div>\n<div>\u2022\u00a0 Notificaciones redes sociales (Facebook, WhatsApp, Instagram, etc) con logo de las apps principales<\/div>\n<div>\u2022 Duraci\u00f3n de bater\u00eda: promedio 2 \u2013 5 d\u00edas seg\u00fan fabricante, (var\u00eda seg\u00fan su uso)<\/div>\n<div>\u2022 Resistencia al agua, certificaci\u00f3n IP68 sumergible 2 metros<\/div>\n<div>\u2022 M\u00faltiples fondos de pantalla y fondo Personalizable<\/div>\n<div>\u2022 Correa de silicona intercambiable de 22 mil\u00edmetros<\/div>\n<div>\u2022 Puedes realizar y contestar llamadas desde el reloj<\/div>\n<div>\u2022 Puedes sincronizar contactos de tu celular<\/div>\n<div>\u2022 Bot\u00f3n funcional<\/div>\n<div>\u2022\u00a0Asistente de Voz\/funci\u00f3n Siri<\/div>\n<div>\u2022\u00a0Mas 100 modos deportivos, que rastrean tus marcas, tu frecuencia card\u00edaca y las calor\u00edas quemadas.<\/div>\n<div>\u2022 Control inteligente de m\u00fasica<\/div>\n<div>\u2022 Encontrar el reloj desde la aplicaci\u00f3n y viceversa<\/div>\n<div>\u2022 Monitoreo saludable: Ritmo Cardiaco, Oxigenaci\u00f3n sangre.<br \/>\n\u2022\u00a0Seguimiento de frecuencia card\u00edaca 24\/7<\/div>\n<div>\u2022 3 estilos de men\u00fa fluidos<\/div>\n<div>\u2022\u00a0Temporizador<\/div>\n<div>\u2022\u00a0Cron\u00f3grafo<\/div>\n<div>\u2022\u00a0Calculadora<\/div>\n<div>\u2022 Alarma<br \/>\n\u2022 Sensor de movimiento (enciende pantalla al levantar la mano)<\/div>\n<div>\u2022\u00a0Carga magn\u00e9tica<br \/>\n\u2022\u00a0Hora y fecha<\/div>\n<\/div>\n<\/div>\n<\/div>\n<\/div>\n<\/div>\n<\/div>\n<\/div>\n<\/div>\n<\/div>\n<\/div>\n<\/section>\n<\/div>\n<\/div>\n","protected":false},"excerpt":{"rendered":"<p>R3 El Smart Watch G-Tide R3 est\u00e1 dise\u00f1ado para ofrecer una experiencia completa y funcional con caracter\u00edsticas avanzadas y un<\/p>\n","protected":false},"featured_media":79082,"comment_status":"open","ping_status":"closed","template":"","meta":{"nf_dc_page":""},"product_brand":[1379],"product_cat":[89],"product_tag":[1389],"class_list":{"0":"post-79081","1":"product","2":"type-product","3":"status-publish","4":"has-post-thumbnail","6":"product_brand-g-tide","7":"product_cat-electronicos","8":"product_tag-1389","10":"first","11":"instock","12":"sale","13":"shipping-taxable","14":"purchasable","15":"product-type-simple"},"_links":{"self":[{"href":"https:\/\/brandss.com.py\/index\/wp-json\/wp\/v2\/product\/79081","targetHints":{"allow":["GET"]}}],"collection":[{"href":"https:\/\/brandss.com.py\/index\/wp-json\/wp\/v2\/product"}],"about":[{"href":"https:\/\/brandss.com.py\/index\/wp-json\/wp\/v2\/types\/product"}],"replies":[{"embeddable":true,"href":"https:\/\/brandss.com.py\/index\/wp-json\/wp\/v2\/comments?post=79081"}],"version-history":[{"count":1,"href":"https:\/\/brandss.com.py\/index\/wp-json\/wp\/v2\/product\/79081\/revisions"}],"predecessor-version":[{"id":79089,"href":"https:\/\/brandss.com.py\/index\/wp-json\/wp\/v2\/product\/79081\/revisions\/79089"}],"wp:featuredmedia":[{"embeddable":true,"href":"https:\/\/brandss.com.py\/index\/wp-json\/wp\/v2\/media\/79082"}],"wp:attachment":[{"href":"https:\/\/brandss.com.py\/index\/wp-json\/wp\/v2\/media?parent=79081"}],"wp:term":[{"taxonomy":"product_brand","embeddable":true,"href":"https:\/\/brandss.com.py\/index\/wp-json\/wp\/v2\/product_brand?post=79081"},{"taxonomy":"product_cat","embeddable":true,"href":"https:\/\/brandss.com.py\/index\/wp-json\/wp\/v2\/product_cat?post=79081"},{"taxonomy":"product_tag","embeddable":true,"href":"https:\/\/brandss.com.py\/index\/wp-json\/wp\/v2\/product_tag?post=79081"}],"curies":[{"name":"wp","href":"https:\/\/api.w.org\/{rel}","templated":true}]}}