{"id":79113,"date":"2025-04-03T17:34:29","date_gmt":"2025-04-03T17:34:29","guid":{"rendered":"https:\/\/brandss.com.py\/index\/?post_type=product&#038;p=79113"},"modified":"2025-04-03T17:35:19","modified_gmt":"2025-04-03T17:35:19","slug":"reloj-unisex-gtide-smartwatch-r5-black","status":"publish","type":"product","link":"https:\/\/brandss.com.py\/index\/producto\/reloj-unisex-gtide-smartwatch-r5-black\/","title":{"rendered":"RELOJ UNISEX G-TIDE SMARTWATCH R5 BLACK"},"content":{"rendered":"<p><img loading=\"lazy\" decoding=\"async\" class=\"\" src=\"https:\/\/gtide.com.br\/wp-content\/uploads\/2024\/04\/gtideazul.svg\" alt=\"G-TiDE Brasil \u2013 Easy life, Easy fun!\" width=\"137\" height=\"53\" \/><\/p>\n<h1>R5<\/h1>\n<p>El Reloj Smartwatch G-Tide R5 es el aliado perfecto para quienes buscan innovaci\u00f3n y funcionalidad en su mu\u00f1eca. Dise\u00f1ado con una moderna pantalla AMOLED de 1.95 pulgadas y una resoluci\u00f3n de 410 x 502 p\u00edxeles, proporciona im\u00e1genes claras y n\u00edtidas, mejorando tu experiencia visual en cada uso. Con una bater\u00eda de 260 mAh, este smartwatch garantiza una duraci\u00f3n de hasta 5 d\u00edas, permiti\u00e9ndote mantenerte conectado sin interrupciones. Es resistente al agua hasta 5 ATM e integra protecci\u00f3n IP68, ideal para resistir salpicaduras y polvo, asegurando su durabilidad en diversas condiciones clim\u00e1ticas. El G-Tide R5 es m\u00e1s que un reloj, es un compa\u00f1ero de estilo de vida. Gracias a sus 100 modos de deporte y sensores avanzados como el monitor de frecuencia card\u00edaca y de sue\u00f1o, ayuda a gestionar eficazmente tu salud y actividad f\u00edsica. Recibe notificaciones de llamadas, controla la presi\u00f3n arterial y utiliza su asistente de voz para facilitar tus tareas diarias. Compatible con Android e iOS, se conecta f\u00e1cilmente a trav\u00e9s de Bluetooth 5.0, garantizando una sincronizaci\u00f3n r\u00e1pida. Sorprende a tus seres queridos con este regalo excepcional y ayuda a que se mantengan enfocados en sus objetivos de bienestar.<\/p>\n<p><strong>Marea G R5<\/strong><\/p>\n<ul>\n<li><strong>Resistencia al agua<\/strong>: Certificaci\u00f3n IP68.<\/li>\n<li><strong>Compatibilidad<\/strong>: Funciona con iPhone y Android.<\/li>\n<li><strong>Modos deportivos<\/strong>: M\u00e1s de 100 opciones.<\/li>\n<\/ul>\n<p><strong>Salud y bienestar<\/strong>:<\/p>\n<ul>\n<li>Control de presi\u00f3n arterial.<\/li>\n<li>Monitor de frecuencia card\u00edaca.<\/li>\n<li>Seguimiento del sue\u00f1o.<\/li>\n<li>Control de oxigenaci\u00f3n de la sangre.<\/li>\n<li>Monitor de frecuencia respiratoria.<\/li>\n<\/ul>\n<p><strong>Funciones adicionales<\/strong>:<\/p>\n<ul>\n<li>Contador de pasos.<\/li>\n<li>Llamadas Bluetooth.<\/li>\n<li>Sincronizaci\u00f3n de contactos.<\/li>\n<li>Registro de llamadas.<\/li>\n<li>Control de m\u00fasica.<\/li>\n<li>Control de c\u00e1mara.<\/li>\n<li>Pron\u00f3stico del tiempo.<\/li>\n<li>Juegos, alarma y calculadora.<\/li>\n<li>Notificaciones inteligentes.<\/li>\n<\/ul>\n<p><strong>Especificaciones tecnicas<\/strong><\/p>\n<p>Pantalla Full HD de 1,43\u2033 &#8211; Alta resoluci\u00f3n<\/p>\n<p>Conexi\u00f3n Bluetooth 5.0 y 3.0<\/p>\n<p>Bater\u00eda de 260mAh con autonom\u00eda de hasta 7 d\u00edas<\/p>\n<p>Micr\u00f3fono y altavoces de alta fidelidad.<\/p>\n<p>Multi lenguaje<\/p>\n","protected":false},"excerpt":{"rendered":"<p>R5 El Reloj Smartwatch G-Tide R5 es el aliado perfecto para quienes buscan innovaci\u00f3n y funcionalidad en su mu\u00f1eca. Dise\u00f1ado<\/p>\n","protected":false},"featured_media":79117,"comment_status":"open","ping_status":"closed","template":"","meta":{"nf_dc_page":""},"product_brand":[],"product_cat":[89],"product_tag":[],"class_list":{"0":"post-79113","1":"product","2":"type-product","3":"status-publish","4":"has-post-thumbnail","6":"product_cat-electronicos","8":"first","9":"instock","10":"shipping-taxable","11":"purchasable","12":"product-type-simple"},"_links":{"self":[{"href":"https:\/\/brandss.com.py\/index\/wp-json\/wp\/v2\/product\/79113","targetHints":{"allow":["GET"]}}],"collection":[{"href":"https:\/\/brandss.com.py\/index\/wp-json\/wp\/v2\/product"}],"about":[{"href":"https:\/\/brandss.com.py\/index\/wp-json\/wp\/v2\/types\/product"}],"replies":[{"embeddable":true,"href":"https:\/\/brandss.com.py\/index\/wp-json\/wp\/v2\/comments?post=79113"}],"version-history":[{"count":2,"href":"https:\/\/brandss.com.py\/index\/wp-json\/wp\/v2\/product\/79113\/revisions"}],"predecessor-version":[{"id":79126,"href":"https:\/\/brandss.com.py\/index\/wp-json\/wp\/v2\/product\/79113\/revisions\/79126"}],"wp:featuredmedia":[{"embeddable":true,"href":"https:\/\/brandss.com.py\/index\/wp-json\/wp\/v2\/media\/79117"}],"wp:attachment":[{"href":"https:\/\/brandss.com.py\/index\/wp-json\/wp\/v2\/media?parent=79113"}],"wp:term":[{"taxonomy":"product_brand","embeddable":true,"href":"https:\/\/brandss.com.py\/index\/wp-json\/wp\/v2\/product_brand?post=79113"},{"taxonomy":"product_cat","embeddable":true,"href":"https:\/\/brandss.com.py\/index\/wp-json\/wp\/v2\/product_cat?post=79113"},{"taxonomy":"product_tag","embeddable":true,"href":"https:\/\/brandss.com.py\/index\/wp-json\/wp\/v2\/product_tag?post=79113"}],"curies":[{"name":"wp","href":"https:\/\/api.w.org\/{rel}","templated":true}]}}