{"id":79114,"date":"2025-04-03T17:32:00","date_gmt":"2025-04-03T17:32:00","guid":{"rendered":"https:\/\/brandss.com.py\/index\/?post_type=product&#038;p=79114"},"modified":"2026-03-13T14:51:09","modified_gmt":"2026-03-13T14:51:09","slug":"perfume-masculino-acquadi-intense-eau-de-toilette-100ml","status":"publish","type":"product","link":"https:\/\/brandss.com.py\/index\/producto\/perfume-masculino-acquadi-intense-eau-de-toilette-100ml\/","title":{"rendered":"PERFUME MASCULINO ACQUADI INTENSE EDT 100ML"},"content":{"rendered":"<p><img loading=\"lazy\" decoding=\"async\" class=\"\" src=\"https:\/\/www.m-exception.com\/cdn\/shop\/collections\/acqua-di-parma-288633.jpg?v=1686609081\" alt=\"Agua de Parma \u2013 Maison d'Exception\" width=\"186\" height=\"186\" \/><\/p>\n<h1>INTENSE EAU DE TOILETTE<\/h1>\n<div class=\"trix-content\">\n<div>Esta cautivadora fragancia de la marca Acquadi evoca una sensaci\u00f3n de aventura y determinaci\u00f3n con su cautivadora combinaci\u00f3n de notas frescas y amaderadas. Inspirada en la fuerza y \u200b\u200bel coraje de los h\u00e9roes contempor\u00e1neos, esta fragancia se abre con refrescantes notas c\u00edtricas que evocan vitalidad y energ\u00eda, mientras que las notas de coraz\u00f3n florales y herb\u00e1ceas a\u00f1aden profundidad y complejidad. La sensual base amaderada proporciona una estructura s\u00f3lida, dejando una estela duradera y envolvente que refleja la confianza y el car\u00e1cter distintivo del hombre moderno.<\/div>\n<\/div>\n<p class=\"mb-3 sc-description\">&#8211; Edici\u00f3n: Intensa.<\/p>\n<p class=\"mb-3 sc-description\">&#8211; Tipo Eau De Toilette.<\/p>\n<div class=\"trix-content\">\n<div>&#8211; Contenido: 100ml.<br \/>\n&#8211; G\u00e9nero: Masculino.<br \/>\n&#8211; Notas principales: Lim\u00f3n, notas acu\u00e1ticas, pomelo, bergamota y mel\u00f3n.<br \/>\n&#8211; Notas medias: Pachul\u00ed, jazm\u00edn, vetiver, iris, peon\u00eda y cedro.<br \/>\n&#8211; Notas de fondo: musgo de roble, almizcle ambreta, almizcle blanco y \u00e1mbar gris.<\/div>\n<\/div>\n<p>&nbsp;<\/p>\n","protected":false},"excerpt":{"rendered":"<p>INTENSE EAU DE TOILETTE Esta cautivadora fragancia de la marca Acquadi evoca una sensaci\u00f3n de aventura y determinaci\u00f3n con su<\/p>\n","protected":false},"featured_media":79115,"comment_status":"open","ping_status":"closed","template":"","meta":{"nf_dc_page":""},"product_brand":[2036],"product_cat":[84],"product_tag":[2038],"class_list":{"0":"post-79114","1":"product","2":"type-product","3":"status-publish","4":"has-post-thumbnail","6":"product_brand-acquadi","7":"product_cat-perfumeria","8":"product_tag-2038","10":"first","11":"outofstock","12":"shipping-taxable","13":"purchasable","14":"product-type-simple"},"_links":{"self":[{"href":"https:\/\/brandss.com.py\/index\/wp-json\/wp\/v2\/product\/79114","targetHints":{"allow":["GET"]}}],"collection":[{"href":"https:\/\/brandss.com.py\/index\/wp-json\/wp\/v2\/product"}],"about":[{"href":"https:\/\/brandss.com.py\/index\/wp-json\/wp\/v2\/types\/product"}],"replies":[{"embeddable":true,"href":"https:\/\/brandss.com.py\/index\/wp-json\/wp\/v2\/comments?post=79114"}],"version-history":[{"count":2,"href":"https:\/\/brandss.com.py\/index\/wp-json\/wp\/v2\/product\/79114\/revisions"}],"predecessor-version":[{"id":83488,"href":"https:\/\/brandss.com.py\/index\/wp-json\/wp\/v2\/product\/79114\/revisions\/83488"}],"wp:featuredmedia":[{"embeddable":true,"href":"https:\/\/brandss.com.py\/index\/wp-json\/wp\/v2\/media\/79115"}],"wp:attachment":[{"href":"https:\/\/brandss.com.py\/index\/wp-json\/wp\/v2\/media?parent=79114"}],"wp:term":[{"taxonomy":"product_brand","embeddable":true,"href":"https:\/\/brandss.com.py\/index\/wp-json\/wp\/v2\/product_brand?post=79114"},{"taxonomy":"product_cat","embeddable":true,"href":"https:\/\/brandss.com.py\/index\/wp-json\/wp\/v2\/product_cat?post=79114"},{"taxonomy":"product_tag","embeddable":true,"href":"https:\/\/brandss.com.py\/index\/wp-json\/wp\/v2\/product_tag?post=79114"}],"curies":[{"name":"wp","href":"https:\/\/api.w.org\/{rel}","templated":true}]}}