{"id":79136,"date":"2025-04-03T18:32:28","date_gmt":"2025-04-03T18:32:28","guid":{"rendered":"https:\/\/brandss.com.py\/index\/?post_type=product&#038;p=79136"},"modified":"2025-04-03T19:06:00","modified_gmt":"2025-04-03T19:06:00","slug":"reloj-unisex-g-tide-smartwatch-romance-black","status":"publish","type":"product","link":"https:\/\/brandss.com.py\/index\/producto\/reloj-unisex-g-tide-smartwatch-romance-black\/","title":{"rendered":"RELOJ FEMENINO G-TIDE SMARTWATCH ROMANCE BLACK"},"content":{"rendered":"<p><img loading=\"lazy\" decoding=\"async\" class=\"\" src=\"https:\/\/gtide.com.br\/wp-content\/uploads\/2024\/04\/gtideazul.svg\" alt=\"G-TiDE Brasil \u2013 Easy life, Easy fun!\" width=\"122\" height=\"47\" \/><\/p>\n<h1>ROMANCE<\/h1>\n<p>El reloj Smartwatch G-Tide Romance se destaca con un dise\u00f1o elegante y refinado. La correa ajustable y los detalles de acero inoxidable aportan un toque de lujo a tu mu\u00f1eca, mientras que la interfaz personalizable te permite adaptar el smartwatch a tu estilo \u00fanico. El Smartwatch Romance combina elegancia y tecnolog\u00eda de manera perfecta. Adem\u00e1s de redefinir tu estilo, este dispositivo refinado ofrece un conjunto completo de funciones para satisfacer todas tus necesidades diarias. El reloj Inteligente G-Tide contiene un impermeabilizante IP68 de alta calidad. Puede soportar la presi\u00f3n de una profundidad de agua est\u00e1tica de 1,5 m durante 30 minutos. La pantalla AMOLED de 1.1 pulgadas cautiva tus sentidos con colores vivos y negros intensos. La interfaz t\u00e1ctil permite una navegaci\u00f3n suave y clara, mostrando informaci\u00f3n detallada con solo un vistazo. Compatible con iOS y Android, el Romance se conecta f\u00e1cilmente a tu tel\u00e9fono, permiti\u00e9ndote recibir notificaciones, mensajes y mantener un control completo sobre tu vida digital. Adem\u00e1s de las b\u00e1sicas, como monitorizaci\u00f3n del ritmo card\u00edaco y pod\u00f3metro, el Romance incluye GPS integrado, monitorizaci\u00f3n del sue\u00f1o, control de m\u00fasica, alertas de sedentarismo y mucho m\u00e1s.<\/p>\n<p><strong>Smartwatch Romance G-Tide<\/strong><\/p>\n<p>Este smartwatch es la combinaci\u00f3n perfecta de estilo y funcionalidad, ideal para acompa\u00f1arte en todas tus actividades diarias.<\/p>\n<ul>\n<li><strong>Resistencia al agua<\/strong>: Certificaci\u00f3n IP68<\/li>\n<li><strong>Compatibilidad<\/strong>: Compatible con iPhone y Android<\/li>\n<li><strong>Deportes<\/strong>: M\u00e1s de 100 modos deportivos<\/li>\n<li><strong>Salud<\/strong>: Monitoreo de presi\u00f3n arterial, frecuencia card\u00edaca, sue\u00f1o, oxigenaci\u00f3n de la sangre y frecuencia respiratoria<\/li>\n<li><strong>Actividad f\u00edsica<\/strong>: Contador de pasos<\/li>\n<li><strong>Comunicaci\u00f3n<\/strong>: Llamadas Bluetooth, sincronizaci\u00f3n de contactos y registro de llamadas<\/li>\n<li><strong>Multimedia<\/strong>: Control de m\u00fasica y c\u00e1mara<\/li>\n<li><strong>Informaci\u00f3n<\/strong>: Pron\u00f3stico del tiempo, notificaciones inteligentes<\/li>\n<li><strong>Utilidades<\/strong>: Juegos, alarma y calculadora<\/li>\n<\/ul>\n<p><strong>Especificaciones tecnicas<\/strong><\/p>\n<p>Pantalla Full HD de 1,1\u2033 &#8211; Alta resoluci\u00f3n<\/p>\n<p>Conexi\u00f3n Bluetooth 5.2 y 2.0<\/p>\n<p>Bater\u00eda de 220mAh con autonom\u00eda de hasta 7 d\u00edas<\/p>\n<p>Micr\u00f3fono y altavoces de alta fidelidad.<\/p>\n<p>Multi lenguaje<\/p>\n","protected":false},"excerpt":{"rendered":"<p>ROMANCE El reloj Smartwatch G-Tide Romance se destaca con un dise\u00f1o elegante y refinado. La correa ajustable y los detalles<\/p>\n","protected":false},"featured_media":79137,"comment_status":"open","ping_status":"closed","template":"","meta":{"nf_dc_page":""},"product_brand":[],"product_cat":[89],"product_tag":[],"class_list":{"0":"post-79136","1":"product","2":"type-product","3":"status-publish","4":"has-post-thumbnail","6":"product_cat-electronicos","8":"first","9":"instock","10":"shipping-taxable","11":"purchasable","12":"product-type-simple"},"_links":{"self":[{"href":"https:\/\/brandss.com.py\/index\/wp-json\/wp\/v2\/product\/79136","targetHints":{"allow":["GET"]}}],"collection":[{"href":"https:\/\/brandss.com.py\/index\/wp-json\/wp\/v2\/product"}],"about":[{"href":"https:\/\/brandss.com.py\/index\/wp-json\/wp\/v2\/types\/product"}],"replies":[{"embeddable":true,"href":"https:\/\/brandss.com.py\/index\/wp-json\/wp\/v2\/comments?post=79136"}],"version-history":[{"count":2,"href":"https:\/\/brandss.com.py\/index\/wp-json\/wp\/v2\/product\/79136\/revisions"}],"predecessor-version":[{"id":79143,"href":"https:\/\/brandss.com.py\/index\/wp-json\/wp\/v2\/product\/79136\/revisions\/79143"}],"wp:featuredmedia":[{"embeddable":true,"href":"https:\/\/brandss.com.py\/index\/wp-json\/wp\/v2\/media\/79137"}],"wp:attachment":[{"href":"https:\/\/brandss.com.py\/index\/wp-json\/wp\/v2\/media?parent=79136"}],"wp:term":[{"taxonomy":"product_brand","embeddable":true,"href":"https:\/\/brandss.com.py\/index\/wp-json\/wp\/v2\/product_brand?post=79136"},{"taxonomy":"product_cat","embeddable":true,"href":"https:\/\/brandss.com.py\/index\/wp-json\/wp\/v2\/product_cat?post=79136"},{"taxonomy":"product_tag","embeddable":true,"href":"https:\/\/brandss.com.py\/index\/wp-json\/wp\/v2\/product_tag?post=79136"}],"curies":[{"name":"wp","href":"https:\/\/api.w.org\/{rel}","templated":true}]}}