{"id":79173,"date":"2025-04-04T13:17:38","date_gmt":"2025-04-04T13:17:38","guid":{"rendered":"https:\/\/brandss.com.py\/index\/?post_type=product&#038;p=79173"},"modified":"2025-12-11T17:53:28","modified_gmt":"2025-12-11T17:53:28","slug":"perfume-femenino-pascal-morabito-perle-precieuse","status":"publish","type":"product","link":"https:\/\/brandss.com.py\/index\/producto\/perfume-femenino-pascal-morabito-perle-precieuse\/","title":{"rendered":"PERFUME FEMENINO PASCAL MORABITO PERLE PRECIEUSE EDP 1OOML"},"content":{"rendered":"<p><img loading=\"lazy\" decoding=\"async\" class=\"\" src=\"https:\/\/www.cosmetify.com\/images\/brands\/pascal-morabito.png\" alt=\"Pascal Morabito | Sales &amp; Offers | Cosmetify\" width=\"164\" height=\"82\" \/><\/p>\n<h1>PERLE PRECIEUSE<\/h1>\n<p>Disfruta de tus sentidos en el encanto cautivador de Perle Precieuse. Esta exquisita fragancia femenina cuenta con un aroma a almizcle floral en polvo que es a la vez elegante y atractivo. Con notas de mandarina, pera, rosa, almizcle y vainilla, este spray de perfume ofrece una experiencia de aroma lujosa y duradera. Elaborado para la mujer moderna, este perfume es una edici\u00f3n poco com\u00fan que irradia lujo y sofisticaci\u00f3n.<\/p>\n<p>El elegante dise\u00f1o de la botella complementa el lujoso embalaje, lo que lo convierte en una opci\u00f3n perfecta para un regalo especial o una indulgencia personal. Creada con ingredientes naturales, esta niebla de fragancia es adecuada para pieles sensibles, y su mezcla \u00fanica ofrece un aroma verdaderamente distintivo que la distingue de otros perfumes. Ya sea que seas fan\u00e1tico de la colecci\u00f3n de perfumes de Pascal Morabito o la explores por primera vez, Perle Precieuse Eau De Parfum promete una experiencia olfativa exclusiva. Compre este perfume asequible Pascal Morabito en l\u00ednea y disfrute de env\u00edo gratuito en este stock limitado. No se pierda la oportunidad de agregar esta niebla de fragancia \u00fanica para mujeres a su colecci\u00f3n.<\/p>\n<p>Experimenta el prestigio de Perle Precieuse Eau De Parfum de Pascal Morabito y eleva tu rutina diaria con un toque de sofisticaci\u00f3n.<\/p>\n<h3>Notas Olfativas<\/h3>\n<p><span>Es una fragancia rara, dise\u00f1ada para una mujer elegante, delicada y po\u00e9tica.<\/span><\/p>\n<p><span><strong>Notas de salida:<\/strong> mandarina, flores de pera, hojas de ruibarbo.<\/span><br \/>\n<span><strong>Notas de coraz\u00f3n:<\/strong> nardos, nen\u00fafar, rosa.<\/span><br \/>\n<span><strong>Notas de fondo:<\/strong> almizcle, vainilla, madera blanca.<\/span><\/p>\n","protected":false},"excerpt":{"rendered":"<p>PERLE PRECIEUSE Disfruta de tus sentidos en el encanto cautivador de Perle Precieuse. Esta exquisita fragancia femenina cuenta con un<\/p>\n","protected":false},"featured_media":83480,"comment_status":"open","ping_status":"closed","template":"","meta":{"nf_dc_page":""},"product_brand":[2041],"product_cat":[84],"product_tag":[2042],"class_list":{"0":"post-79173","1":"product","2":"type-product","3":"status-publish","4":"has-post-thumbnail","6":"product_brand-pascal-morabito","7":"product_cat-perfumeria","8":"product_tag-2042","10":"first","11":"outofstock","12":"shipping-taxable","13":"purchasable","14":"product-type-simple"},"_links":{"self":[{"href":"https:\/\/brandss.com.py\/index\/wp-json\/wp\/v2\/product\/79173","targetHints":{"allow":["GET"]}}],"collection":[{"href":"https:\/\/brandss.com.py\/index\/wp-json\/wp\/v2\/product"}],"about":[{"href":"https:\/\/brandss.com.py\/index\/wp-json\/wp\/v2\/types\/product"}],"replies":[{"embeddable":true,"href":"https:\/\/brandss.com.py\/index\/wp-json\/wp\/v2\/comments?post=79173"}],"version-history":[{"count":5,"href":"https:\/\/brandss.com.py\/index\/wp-json\/wp\/v2\/product\/79173\/revisions"}],"predecessor-version":[{"id":83482,"href":"https:\/\/brandss.com.py\/index\/wp-json\/wp\/v2\/product\/79173\/revisions\/83482"}],"wp:featuredmedia":[{"embeddable":true,"href":"https:\/\/brandss.com.py\/index\/wp-json\/wp\/v2\/media\/83480"}],"wp:attachment":[{"href":"https:\/\/brandss.com.py\/index\/wp-json\/wp\/v2\/media?parent=79173"}],"wp:term":[{"taxonomy":"product_brand","embeddable":true,"href":"https:\/\/brandss.com.py\/index\/wp-json\/wp\/v2\/product_brand?post=79173"},{"taxonomy":"product_cat","embeddable":true,"href":"https:\/\/brandss.com.py\/index\/wp-json\/wp\/v2\/product_cat?post=79173"},{"taxonomy":"product_tag","embeddable":true,"href":"https:\/\/brandss.com.py\/index\/wp-json\/wp\/v2\/product_tag?post=79173"}],"curies":[{"name":"wp","href":"https:\/\/api.w.org\/{rel}","templated":true}]}}