{"id":79192,"date":"2025-04-04T14:23:44","date_gmt":"2025-04-04T14:23:44","guid":{"rendered":"https:\/\/brandss.com.py\/index\/?post_type=product&#038;p=79192"},"modified":"2026-03-12T16:26:50","modified_gmt":"2026-03-12T16:26:50","slug":"perfume-masculino-faconnable-legacy-edp-90ml","status":"publish","type":"product","link":"https:\/\/brandss.com.py\/index\/producto\/perfume-masculino-faconnable-legacy-edp-90ml\/","title":{"rendered":"PERFUME MASCULINO FA\u00c7ONNABLE LEGACY EDP 90ML"},"content":{"rendered":"<p><img loading=\"lazy\" decoding=\"async\" class=\"\" src=\"https:\/\/upload.wikimedia.org\/wikipedia\/commons\/d\/d9\/LOGO_of_fa%C3%A7onnable.jpg\" alt=\"Fa\u00e7onnable - Wikipedia, la enciclopedia libre\" width=\"147\" height=\"75\" \/><\/p>\n<h1>LEGACY<\/h1>\n<p>Sum\u00e9rgete en un mundo de elegancia y estilo franc\u00e9s con Fa\u00e7onnable. Esta ic\u00f3nica fragancia rinde homenaje a la tradici\u00f3n de moda y refinamiento de la marca. Cada spray evoca una sensaci\u00f3n de sofisticaci\u00f3n y distinci\u00f3n, capturando la esencia del lujo contempor\u00e1neo. Con una exquisita mezcla de notas frescas, c\u00edtricas y amaderadas, este perfume crea una experiencia olfativa \u00fanica y cautivadora. Legacy es una elecci\u00f3n que deja una huella imborrable.<img decoding=\"async\" class=\"alignleft\" src=\"https:\/\/m.media-amazon.com\/images\/I\/81vdRn4C3sL._AC_SX679_.jpg\" \/><\/p>\n<p>Deja que esta fragancia te transporte a las elegantes calles de la Riviera Francesa, envolvi\u00e9ndote en su aura de elegancia y encanto atemporales. Legacy encarna la tradici\u00f3n y la nobleza del perfume. Como una se\u00f1a de identidad, esta fragancia pretende ser transmitida de generaci\u00f3n en generaci\u00f3n.<\/p>\n<p>&nbsp;<\/p>\n<h3>Notas Olfativas<\/h3>\n<p>&nbsp;<\/p>\n<p>Legacy es una fragancia oriental especiada intensa y sofisticada. Con notas vibrantes de tangerina, toronja y pimienta de Madagascar, su coraz\u00f3n c\u00e1lido de canela y geranio se equilibra con un fondo envolvente de \u00e1mbar y patchouli. Ideal para hombres elegantes y seguros. Compra ahora y destaca con un aroma duradero que deja huella.<\/p>\n<p>&nbsp;<\/p>\n<p><b>Notas de Salida:<\/b>\u00a0pomelo, pimienta de Madagascar, mandarina.<\/p>\n<p><b>Notas de Coraz\u00f3n:<\/b>\u00a0canela, cilantro, geranio<\/p>\n<p><b>Notas de Fondo:<\/b>\u00a0\u00e1mbar, chipriol, pachul\u00ed.<\/p>\n<div class=\"row\"><\/div>\n<p>&nbsp;<\/p>\n","protected":false},"excerpt":{"rendered":"<p>LEGACY Sum\u00e9rgete en un mundo de elegancia y estilo franc\u00e9s con Fa\u00e7onnable. Esta ic\u00f3nica fragancia rinde homenaje a la tradici\u00f3n<\/p>\n","protected":false},"featured_media":87132,"comment_status":"open","ping_status":"closed","template":"","meta":{"nf_dc_page":""},"product_brand":[2044],"product_cat":[84],"product_tag":[2045],"class_list":{"0":"post-79192","1":"product","2":"type-product","3":"status-publish","4":"has-post-thumbnail","6":"product_brand-faconnable","7":"product_cat-perfumeria","8":"product_tag-2045","10":"first","11":"instock","12":"shipping-taxable","13":"purchasable","14":"product-type-simple"},"_links":{"self":[{"href":"https:\/\/brandss.com.py\/index\/wp-json\/wp\/v2\/product\/79192","targetHints":{"allow":["GET"]}}],"collection":[{"href":"https:\/\/brandss.com.py\/index\/wp-json\/wp\/v2\/product"}],"about":[{"href":"https:\/\/brandss.com.py\/index\/wp-json\/wp\/v2\/types\/product"}],"replies":[{"embeddable":true,"href":"https:\/\/brandss.com.py\/index\/wp-json\/wp\/v2\/comments?post=79192"}],"version-history":[{"count":3,"href":"https:\/\/brandss.com.py\/index\/wp-json\/wp\/v2\/product\/79192\/revisions"}],"predecessor-version":[{"id":87137,"href":"https:\/\/brandss.com.py\/index\/wp-json\/wp\/v2\/product\/79192\/revisions\/87137"}],"wp:featuredmedia":[{"embeddable":true,"href":"https:\/\/brandss.com.py\/index\/wp-json\/wp\/v2\/media\/87132"}],"wp:attachment":[{"href":"https:\/\/brandss.com.py\/index\/wp-json\/wp\/v2\/media?parent=79192"}],"wp:term":[{"taxonomy":"product_brand","embeddable":true,"href":"https:\/\/brandss.com.py\/index\/wp-json\/wp\/v2\/product_brand?post=79192"},{"taxonomy":"product_cat","embeddable":true,"href":"https:\/\/brandss.com.py\/index\/wp-json\/wp\/v2\/product_cat?post=79192"},{"taxonomy":"product_tag","embeddable":true,"href":"https:\/\/brandss.com.py\/index\/wp-json\/wp\/v2\/product_tag?post=79192"}],"curies":[{"name":"wp","href":"https:\/\/api.w.org\/{rel}","templated":true}]}}