{"id":79257,"date":"2025-04-05T14:09:12","date_gmt":"2025-04-05T14:09:12","guid":{"rendered":"https:\/\/brandss.com.py\/index\/?post_type=product&#038;p=79257"},"modified":"2025-04-05T14:09:41","modified_gmt":"2025-04-05T14:09:41","slug":"auricular-inalambrico-g-tide-ac01-bluetooth-gold","status":"publish","type":"product","link":"https:\/\/brandss.com.py\/index\/producto\/auricular-inalambrico-g-tide-ac01-bluetooth-gold\/","title":{"rendered":"AURICULAR INALAMBRICO G-TIDE AC01 BLUETOOTH &#8211; GOLD"},"content":{"rendered":"<p><img decoding=\"async\" src=\"https:\/\/gtide.com.br\/wp-content\/uploads\/2024\/04\/gtideazul.svg\" alt=\"G-TiDE Brasil \u2013 Easy life, Easy fun!\" \/><\/p>\n<h1>G-TIDE AC01<\/h1>\n<div class=\"row\">Descubre la excelencia sonora con los auriculares G-TIDE AC01. Ligeros, vers\u00e1tiles y con transmisi\u00f3n real por aire para una experiencia inmersiva. Con Bluetooth 5.3, dise\u00f1o ergon\u00f3mico, resistencia al sudor y hasta 8 horas de duraci\u00f3n de bater\u00eda. Disfruta de un sonido est\u00e9reo de alta calidad, conexi\u00f3n Bluetooth r\u00e1pida, dise\u00f1o ergon\u00f3mico y elegante, resistencia al sudor, micr\u00f3fono integrado, estabilidad de conexi\u00f3n y m\u00e1s. \u00a1No te pierdas esta experiencia auditiva \u00fanica!<\/div>\n<div>\n<table id=\"product-attribute-specs-table\" class=\"data table additional-attributes\">\n<tbody>\n<tr>\n<th class=\"label\" scope=\"row\">Marca<\/th>\n<td class=\"data\" data-th=\"Marca\">G-Tide<\/td>\n<\/tr>\n<tr>\n<th class=\"label\" scope=\"row\">UPC<\/th>\n<td class=\"data\" data-th=\"UPC\">6972287016804<\/td>\n<\/tr>\n<tr>\n<th class=\"label\" scope=\"row\">Part Number<\/th>\n<td class=\"data\" data-th=\"Part Number\">AC01<\/td>\n<\/tr>\n<tr>\n<th class=\"label\" scope=\"row\">Garantia<\/th>\n<td class=\"data\" data-th=\"Garantia\">3 Meses de Garant\u00eda<\/td>\n<\/tr>\n<tr>\n<th class=\"label\" scope=\"row\">Color<\/th>\n<td class=\"data\" data-th=\"Color\">Gold<\/td>\n<\/tr>\n<\/tbody>\n<\/table>\n<ul>\n<li><strong>Dise\u00f1o:<\/strong>\u00a0Ergon\u00f3mico y elegante<\/li>\n<li><strong>Resistencia al:<\/strong>\u00a0Sudor<\/li>\n<li><strong>Duraci\u00f3n de la bater\u00eda:<\/strong>\u00a0Hasta 8 horas<\/li>\n<li><strong>Conectividad:<\/strong>\u00a0Bluetooth 5.3<\/li>\n<\/ul>\n<\/div>\n<p>&nbsp;<\/p>\n","protected":false},"excerpt":{"rendered":"<p>G-TIDE AC01 Descubre la excelencia sonora con los auriculares G-TIDE AC01. Ligeros, vers\u00e1tiles y con transmisi\u00f3n real por aire para<\/p>\n","protected":false},"featured_media":79259,"comment_status":"open","ping_status":"closed","template":"","meta":{"nf_dc_page":""},"product_brand":[],"product_cat":[89],"product_tag":[],"class_list":{"0":"post-79257","1":"product","2":"type-product","3":"status-publish","4":"has-post-thumbnail","6":"product_cat-electronicos","8":"first","9":"instock","10":"shipping-taxable","11":"purchasable","12":"product-type-simple"},"_links":{"self":[{"href":"https:\/\/brandss.com.py\/index\/wp-json\/wp\/v2\/product\/79257","targetHints":{"allow":["GET"]}}],"collection":[{"href":"https:\/\/brandss.com.py\/index\/wp-json\/wp\/v2\/product"}],"about":[{"href":"https:\/\/brandss.com.py\/index\/wp-json\/wp\/v2\/types\/product"}],"replies":[{"embeddable":true,"href":"https:\/\/brandss.com.py\/index\/wp-json\/wp\/v2\/comments?post=79257"}],"version-history":[{"count":1,"href":"https:\/\/brandss.com.py\/index\/wp-json\/wp\/v2\/product\/79257\/revisions"}],"predecessor-version":[{"id":79263,"href":"https:\/\/brandss.com.py\/index\/wp-json\/wp\/v2\/product\/79257\/revisions\/79263"}],"wp:featuredmedia":[{"embeddable":true,"href":"https:\/\/brandss.com.py\/index\/wp-json\/wp\/v2\/media\/79259"}],"wp:attachment":[{"href":"https:\/\/brandss.com.py\/index\/wp-json\/wp\/v2\/media?parent=79257"}],"wp:term":[{"taxonomy":"product_brand","embeddable":true,"href":"https:\/\/brandss.com.py\/index\/wp-json\/wp\/v2\/product_brand?post=79257"},{"taxonomy":"product_cat","embeddable":true,"href":"https:\/\/brandss.com.py\/index\/wp-json\/wp\/v2\/product_cat?post=79257"},{"taxonomy":"product_tag","embeddable":true,"href":"https:\/\/brandss.com.py\/index\/wp-json\/wp\/v2\/product_tag?post=79257"}],"curies":[{"name":"wp","href":"https:\/\/api.w.org\/{rel}","templated":true}]}}