{"id":79276,"date":"2025-04-05T14:24:22","date_gmt":"2025-04-05T14:24:22","guid":{"rendered":"https:\/\/brandss.com.py\/index\/?post_type=product&#038;p=79276"},"modified":"2025-05-19T13:19:36","modified_gmt":"2025-05-19T13:19:36","slug":"auriculares-inalambricos-bluetooth-g-tide-buds-2-negro","status":"publish","type":"product","link":"https:\/\/brandss.com.py\/index\/producto\/auriculares-inalambricos-bluetooth-g-tide-buds-2-negro\/","title":{"rendered":"AURICULAR G-TIDE BUDS 2 INAL\u00c1MBRICO BT BLACK"},"content":{"rendered":"<p><img loading=\"lazy\" decoding=\"async\" class=\"\" src=\"https:\/\/gtide.com.br\/wp-content\/uploads\/2024\/04\/gtideazul.svg\" alt=\"G-TiDE Brasil \u2013 Easy life, Easy fun!\" width=\"124\" height=\"48\" \/><\/p>\n<h1>Buds 2<\/h1>\n<p>Los G-Tide Buds 2 cuentan con la \u00faltima tecnolog\u00eda Bluetooth 5.3 para una conexi\u00f3n inal\u00e1mbrica r\u00e1pida y estable con dispositivos compatibles.<\/p>\n<p>El dise\u00f1o ergon\u00f3mico de los auriculares garantiza un ajuste c\u00f3modo y seguro.<\/p>\n<p>Encendido autom\u00e1tico al abrir el estuche<\/p>\n<p>La funci\u00f3n de apagado autom\u00e1tico le permite apagar el auricular si el host no se conecta en 5 minutos<\/p>\n<p>Responda llamadas telef\u00f3nicas con el auricular sin tener que desenchufarlo<\/p>\n<p>Tiempo de carga: aproximadamente 1 hora<\/p>\n<p>Tiempo de conversaci\u00f3n: aproximadamente 4 horas<\/p>\n<p>Tiempo de m\u00fasica: aproximadamente 5 horas<\/p>\n<p>Tiempo de espera del estuche de carga: 90 d\u00edas<\/p>\n<p>Entrada de carga: USB Tipo-C 5V-1A<\/p>\n<p>Micr\u00f3fono incorporado con cancelaci\u00f3n de ruido para llamadas n\u00edtidas<\/p>\n<p>Son compatibles con la mayor\u00eda de los dispositivos habilitados para Bluetooth, como tel\u00e9fonos inteligentes, tabletas y computadoras.<\/p>\n<div class=\"row\"><span class=\"col col-6 col-sm-6 col-md-4 col-lg-2 col-xg-2 label\">Alcance: <\/span><span class=\"col col-6 col-sm-6 col-md-8 col-lg-10 col-xg-10 data\" data-th=\"Alcance\">10 metros<\/span><\/div>\n<div class=\"row\"><span class=\"col col-6 col-sm-6 col-md-4 col-lg-2 col-xg-2 label\">Conexiones <\/span><span class=\"col col-6 col-sm-6 col-md-8 col-lg-10 col-xg-10 data\" data-th=\"Conex\u00f5es\">Base de carga:\u00a0 USB-C<\/span><\/div>\n<div class=\"row\"><span class=\"col col-6 col-sm-6 col-md-4 col-lg-2 col-xg-2 label\">Bater\u00eda <\/span><span class=\"col col-6 col-sm-6 col-md-8 col-lg-10 col-xg-10 data\" data-th=\"Bateria\">Auriculares: 35mAh \/ Estuche 380mAh<\/span><\/div>\n<div class=\"row\"><span class=\"col col-6 col-sm-6 col-md-4 col-lg-2 col-xg-2 label\">Peso <\/span><span class=\"col col-6 col-sm-6 col-md-8 col-lg-10 col-xg-10 data\" data-th=\"Peso\">Envase: 155g<\/span><\/div>\n<div class=\"row\"><span class=\"col col-6 col-sm-6 col-md-4 col-lg-2 col-xg-2 label\">Dimensiones <\/span><span class=\"col col-6 col-sm-6 col-md-8 col-lg-10 col-xg-10 data\" data-th=\"Dimens\u00f5es\">Embalaje: 140 x 100 x 40 mm<\/span><\/div>\n<div class=\"row\"><span class=\"col col-6 col-sm-6 col-md-4 col-lg-2 col-xg-2 label\">Color: <\/span><span class=\"col col-6 col-sm-6 col-md-8 col-lg-10 col-xg-10 data\" data-th=\"Cor\">Negro<\/span><\/div>\n<div class=\"row\"><span class=\"col col-6 col-sm-6 col-md-4 col-lg-2 col-xg-2 label\">Bluetooth: 5<\/span><span class=\"col col-6 col-sm-6 col-md-8 col-lg-10 col-xg-10 data\" data-th=\"Bluetooth\">.3, A2DP, AVCRP, HFP, HSP<\/span><\/div>\n<div class=\"row\"><span class=\"col col-6 col-sm-6 col-md-4 col-lg-2 col-xg-2 label\">Modelo: TWE002<\/span><\/div>\n<div><\/div>\n<div><b>Contenido del paquete:<\/b><br \/>\nAuriculares G-Tide<br \/>\nCable USB-A a USB-C<br \/>\nEstuche de silicona negro<br \/>\nManual del usuario<\/div>\n","protected":false},"excerpt":{"rendered":"<p>Buds 2 Los G-Tide Buds 2 cuentan con la \u00faltima tecnolog\u00eda Bluetooth 5.3 para una conexi\u00f3n inal\u00e1mbrica r\u00e1pida y estable<\/p>\n","protected":false},"featured_media":79277,"comment_status":"open","ping_status":"closed","template":"","meta":{"nf_dc_page":""},"product_brand":[],"product_cat":[89],"product_tag":[],"class_list":{"0":"post-79276","1":"product","2":"type-product","3":"status-publish","4":"has-post-thumbnail","6":"product_cat-electronicos","8":"first","9":"instock","10":"shipping-taxable","11":"purchasable","12":"product-type-simple"},"_links":{"self":[{"href":"https:\/\/brandss.com.py\/index\/wp-json\/wp\/v2\/product\/79276","targetHints":{"allow":["GET"]}}],"collection":[{"href":"https:\/\/brandss.com.py\/index\/wp-json\/wp\/v2\/product"}],"about":[{"href":"https:\/\/brandss.com.py\/index\/wp-json\/wp\/v2\/types\/product"}],"replies":[{"embeddable":true,"href":"https:\/\/brandss.com.py\/index\/wp-json\/wp\/v2\/comments?post=79276"}],"version-history":[{"count":4,"href":"https:\/\/brandss.com.py\/index\/wp-json\/wp\/v2\/product\/79276\/revisions"}],"predecessor-version":[{"id":82352,"href":"https:\/\/brandss.com.py\/index\/wp-json\/wp\/v2\/product\/79276\/revisions\/82352"}],"wp:featuredmedia":[{"embeddable":true,"href":"https:\/\/brandss.com.py\/index\/wp-json\/wp\/v2\/media\/79277"}],"wp:attachment":[{"href":"https:\/\/brandss.com.py\/index\/wp-json\/wp\/v2\/media?parent=79276"}],"wp:term":[{"taxonomy":"product_brand","embeddable":true,"href":"https:\/\/brandss.com.py\/index\/wp-json\/wp\/v2\/product_brand?post=79276"},{"taxonomy":"product_cat","embeddable":true,"href":"https:\/\/brandss.com.py\/index\/wp-json\/wp\/v2\/product_cat?post=79276"},{"taxonomy":"product_tag","embeddable":true,"href":"https:\/\/brandss.com.py\/index\/wp-json\/wp\/v2\/product_tag?post=79276"}],"curies":[{"name":"wp","href":"https:\/\/api.w.org\/{rel}","templated":true}]}}