{"id":79280,"date":"2025-04-05T18:38:50","date_gmt":"2025-04-05T18:38:50","guid":{"rendered":"https:\/\/brandss.com.py\/index\/?post_type=product&#038;p=79280"},"modified":"2025-05-19T14:30:25","modified_gmt":"2025-05-19T14:30:25","slug":"auricular-inalambrico-g-tide-h21-bt-black","status":"publish","type":"product","link":"https:\/\/brandss.com.py\/index\/producto\/auricular-inalambrico-g-tide-h21-bt-black\/","title":{"rendered":"AURICULAR G-TIDE H21 INAL\u00c1MBRICO BT BLACK"},"content":{"rendered":"<p><img loading=\"lazy\" decoding=\"async\" class=\"\" src=\"https:\/\/gtide.com.br\/wp-content\/uploads\/2024\/04\/gtideazul.svg\" alt=\"G-TiDE Brasil \u2013 Easy life, Easy fun!\" width=\"101\" height=\"39\" \/><\/p>\n<h1>H21<\/h1>\n<div class=\"trix-content\">\n<div>Disfruta de una experiencia musical inigualable con el Auricular Inal\u00e1mbrico G-Tide H21 Bluetooth. Este auricular de calidad premium ofrece un sonido n\u00edtido y envolvente, compatible con iOS y Android. Su dise\u00f1o ergon\u00f3mico y elegante combina a la perfecci\u00f3n con su construcci\u00f3n robusta, ideal para un uso diario. Con Bluetooth 5.3, la conexi\u00f3n es inmediata y la reconexi\u00f3n autom\u00e1tica. Adem\u00e1s, cuenta con sensor t\u00e1ctil para controlar la reproducci\u00f3n de m\u00fasica, cambiar el volumen y mucho m\u00e1s. Con la libertad de intercambiar entre el auricular izquierdo y derecho, se adapta a tus preferencias de uso. Su carga r\u00e1pida tipo C y micr\u00f3fono integrado para llamadas hacen de este auricular una opci\u00f3n conveniente. Con hasta 5 horas de duraci\u00f3n de bater\u00eda y 20 horas con el estuche de carga, \u00a1la m\u00fasica nunca se detiene! Incluye una funda con cord\u00f3n para guardarlos de forma segura. \u00a1Obt\u00e9n los Auriculares Inal\u00e1mbricos G-Tide H21 Bluetooth y lleva tu experiencia auditiva al siguiente nivel!<\/div>\n<div>\n<h2 class=\"titulo\"><span style=\"font-family: SF Pro Display\">Sonido de alta calidad<\/span><\/h2>\n<p class=\"descripcion\"><span style=\"font-family: SF Pro Display\">El gran altavoz de 13mm produce bajos equilibrados y agudos<\/span><\/p>\n<h2 class=\"titulo\"><span style=\"font-family: SF Pro Display\">Diversas funciones<\/span><\/h2>\n<p class=\"descripcion\"><span style=\"font-family: SF Pro Display\">Disfruta de la m\u00fasica y Juega con bajos potentes<\/span><\/p>\n<h2 class=\"titulo\"><span style=\"font-family: SF Pro Display\">Nueva apariencia, Nueva Sensaci\u00f3n<\/span><\/h2>\n<p class=\"descripcion\"><span style=\"font-family: SF Pro Display\">Nueva apariencia met\u00e1lica, dise\u00f1o resistente, compartimento de carga para auriculares con l\u00edneas suaves y m\u00e1s elegantes, perfectas.<\/span><\/p>\n<h2 class=\"titulo\"><span style=\"font-family: SF Pro Display\">F\u00e1cil y r\u00e1pido de conectar<\/span><\/h2>\n<p class=\"descripcion\"><span style=\"font-family: SF Pro Display\">Conexi\u00f3n inmediata al encender<\/span><\/p>\n<div class=\"texto\">\n<h2 class=\"titulo\"><span style=\"font-family: SF Pro Display\">Impermeable<\/span><\/h2>\n<p class=\"descripcion\"><span style=\"font-family: SF Pro Display\">Protecci\u00f3n completa ante lluvia y el sudor durante el ejercicio<\/span><\/p>\n<h2 class=\"titulo\"><span style=\"font-family: SF Pro Display\">Equipado con la \u00faltima tecnolog\u00eda Bluetooth 5.3<\/span><\/h2>\n<p class=\"descripcion\"><span style=\"font-family: SF Pro Display\">Con la \u00faltima tecnolog\u00eda Bluetooth 5.3, los auriculares H21 te brindan una conexi\u00f3n r\u00e1pida y estable, asegurando que no pierdas ni un solo momento crucial. El sensor t\u00e1ctil intuitivo te proporciona un control total, desde ajustar el volumen hasta gestionar llamadas, todo al alcance de tus dedos.<\/span><\/p>\n<h2 class=\"titulo\"><span style=\"font-family: SF Pro Display\">Tiempo de espera de 90 d\u00edas<\/span><\/h2>\n<p class=\"descripcion\"><span style=\"font-family: SF Pro Display\">Tiempo de carga : 1 Hora y hasta 6 horas de uso<\/span><\/p>\n<section class=\"elementor-section elementor-top-section elementor-element elementor-element-d769a24 elementor-section-boxed elementor-section-height-default elementor-section-height-default\" data-id=\"d769a24\" data-element_type=\"section\">\n<div class=\"elementor-container elementor-column-gap-default\">\n<div class=\"elementor-column elementor-col-100 elementor-top-column elementor-element elementor-element-5f3051b\" data-id=\"5f3051b\" data-element_type=\"column\">\n<div class=\"elementor-widget-wrap elementor-element-populated\">\n<div class=\"elementor-element elementor-element-d3bd76c elementor-position-left elementor-view-default elementor-mobile-position-top elementor-vertical-align-top elementor-widget elementor-widget-icon-box\" data-id=\"d3bd76c\" data-element_type=\"widget\" data-widget_type=\"icon-box.default\">\n<div class=\"elementor-widget-container\">\n<div class=\"elementor-icon-box-wrapper\">\n<div class=\"elementor-icon-box-content\">\n<h3 class=\"elementor-icon-box-title\">Caracter\u00edsticas<\/h3>\n<\/div>\n<\/div>\n<\/div>\n<\/div>\n<\/div>\n<\/div>\n<\/div>\n<\/section>\n<section class=\"elementor-section elementor-top-section elementor-element elementor-element-2645c91 elementor-section-boxed elementor-section-height-default elementor-section-height-default\" data-id=\"2645c91\" data-element_type=\"section\">\n<div class=\"elementor-container elementor-column-gap-default\">\n<div class=\"elementor-column elementor-col-100 elementor-top-column elementor-element elementor-element-211a426\" data-id=\"211a426\" data-element_type=\"column\">\n<div class=\"elementor-widget-wrap elementor-element-populated\">\n<div class=\"elementor-element elementor-element-e87fbda elementor-widget elementor-widget-woocommerce-product-content\" data-id=\"e87fbda\" data-element_type=\"widget\" data-widget_type=\"woocommerce-product-content.default\">\n<div class=\"elementor-widget-container\">\n<div class=\"elementor elementor-36846\" data-elementor-type=\"product-post\" data-elementor-id=\"36846\" data-elementor-post-type=\"product\">\n<div class=\"elementor-element elementor-element-627bd027 e-flex e-con-boxed e-con e-parent e-lazyloaded\" data-id=\"627bd027\" data-element_type=\"container\">\n<div class=\"e-con-inner\">\n<div class=\"elementor-element elementor-element-66460924 elementor-widget elementor-widget-text-editor\" data-id=\"66460924\" data-element_type=\"widget\" data-widget_type=\"text-editor.default\">\n<div class=\"elementor-widget-container\">\n<div>\u2022 Calidad de Sonido Premium: Sonido n\u00edtido y envolvente que mejora la experiencia musical.<\/div>\n<div>\u2022\u00a0Compatible para iOS o android<\/div>\n<div>\u2022 Dise\u00f1o ergon\u00f3mico y elegante<\/div>\n<div>\u2022 Dise\u00f1o est\u00e9tico y construcci\u00f3n robusta para soportar el uso diario.<\/div>\n<div>\u2022 Bluetooth 5.3 para conexi\u00f3n inmediata y reconexi\u00f3n autom\u00e1tica.<\/div>\n<div>\u2022 Sensor t\u00e1ctil para: Pausar, reproducir, pasar canciones, subir y bajar volumen.<\/div>\n<div>\u2022 Cambio Libre Izquierda &amp; Derecha: Libertad para usar cualquiera de los auriculares, adapt\u00e1ndose a las preferencias y comodidad del usuario.<\/div>\n<div>\u2022 Carga r\u00e1pida tipo C<\/div>\n<div>\u2022 Incluye micr\u00f3fono para llamadas<\/div>\n<div>\u2022 Duraci\u00f3n de bater\u00eda\u00a0promedio hasta 5 horas, seg\u00fan el volumen.<\/div>\n<div>\n<div>\u2022 Hasta 20 horas de reproducci\u00f3n con el estuche de carga<\/div>\n<div>\u2022 Incluye funda con cord\u00f3n para guardarlos<\/div>\n<div>\u2022 Alcance de promedio 10 metros<\/div>\n<p>\u2022 Entrada de carga: DC 5V-500mA<br \/>\n\u2022 Capacidad de la bater\u00eda de los auriculares: 30 mAh<br \/>\n\u2022 Protocolo de decodificaci\u00f3n de audio: SBC\/AAC<br \/>\n\u2022 Tiempo de espera de la caja de carga: 90 d\u00edas<\/p>\n<\/div>\n<div>\u2022 Material de la carcaza: Metal<\/div>\n<div>\u2022 Tama\u00f1o del art\u00edculo: 52*38*24mm<br \/>\n\u2022 Capacidad de la bater\u00eda de la caja de carga: 250 mAh<br \/>\n\u2022 Protocolo de soporte: A2DP\/AVRCP\/HFP\/HSP<\/div>\n<div><\/div>\n<div>\n<div>Garant\u00eda 3 meses por defectos de fabricaci\u00f3n<\/div>\n<div><\/div>\n<div><strong>Contenido de caja:<\/strong><\/div>\n<div>\n<div>\u2022 1 Aud\u00edfonos G-TIDE H21<\/div>\n<div>\u2022 1 Estuche de carga<\/div>\n<div>\u2022 1 Cable de carga<\/div>\n<div>\u2022 1 Funda con cord\u00f3n<\/div>\n<div>\u2022 1 Manual de usuario<\/div>\n<\/div>\n<\/div>\n<\/div>\n<\/div>\n<\/div>\n<\/div>\n<\/div>\n<\/div>\n<\/div>\n<\/div>\n<\/div>\n<\/div>\n<\/section>\n<\/div>\n<\/div>\n<\/div>\n","protected":false},"excerpt":{"rendered":"<p>H21 Disfruta de una experiencia musical inigualable con el Auricular Inal\u00e1mbrico G-Tide H21 Bluetooth. Este auricular de calidad premium ofrece<\/p>\n","protected":false},"featured_media":79283,"comment_status":"open","ping_status":"closed","template":"","meta":{"nf_dc_page":""},"product_brand":[],"product_cat":[89],"product_tag":[],"class_list":{"0":"post-79280","1":"product","2":"type-product","3":"status-publish","4":"has-post-thumbnail","6":"product_cat-electronicos","8":"first","9":"instock","10":"shipping-taxable","11":"purchasable","12":"product-type-simple"},"_links":{"self":[{"href":"https:\/\/brandss.com.py\/index\/wp-json\/wp\/v2\/product\/79280","targetHints":{"allow":["GET"]}}],"collection":[{"href":"https:\/\/brandss.com.py\/index\/wp-json\/wp\/v2\/product"}],"about":[{"href":"https:\/\/brandss.com.py\/index\/wp-json\/wp\/v2\/types\/product"}],"replies":[{"embeddable":true,"href":"https:\/\/brandss.com.py\/index\/wp-json\/wp\/v2\/comments?post=79280"}],"version-history":[{"count":2,"href":"https:\/\/brandss.com.py\/index\/wp-json\/wp\/v2\/product\/79280\/revisions"}],"predecessor-version":[{"id":82370,"href":"https:\/\/brandss.com.py\/index\/wp-json\/wp\/v2\/product\/79280\/revisions\/82370"}],"wp:featuredmedia":[{"embeddable":true,"href":"https:\/\/brandss.com.py\/index\/wp-json\/wp\/v2\/media\/79283"}],"wp:attachment":[{"href":"https:\/\/brandss.com.py\/index\/wp-json\/wp\/v2\/media?parent=79280"}],"wp:term":[{"taxonomy":"product_brand","embeddable":true,"href":"https:\/\/brandss.com.py\/index\/wp-json\/wp\/v2\/product_brand?post=79280"},{"taxonomy":"product_cat","embeddable":true,"href":"https:\/\/brandss.com.py\/index\/wp-json\/wp\/v2\/product_cat?post=79280"},{"taxonomy":"product_tag","embeddable":true,"href":"https:\/\/brandss.com.py\/index\/wp-json\/wp\/v2\/product_tag?post=79280"}],"curies":[{"name":"wp","href":"https:\/\/api.w.org\/{rel}","templated":true}]}}