{"id":79296,"date":"2025-04-05T18:59:29","date_gmt":"2025-04-05T18:59:29","guid":{"rendered":"https:\/\/brandss.com.py\/index\/?post_type=product&#038;p=79296"},"modified":"2025-05-19T14:29:50","modified_gmt":"2025-05-19T14:29:50","slug":"auricular-inalambrico-g-tide-h21-bt-silver","status":"publish","type":"product","link":"https:\/\/brandss.com.py\/index\/producto\/auricular-inalambrico-g-tide-h21-bt-silver\/","title":{"rendered":"AURICULAR G-TIDE H21 INAL\u00c1MBRICO BT SILVER"},"content":{"rendered":"<p><img loading=\"lazy\" decoding=\"async\" class=\"\" src=\"https:\/\/gtide.com.br\/wp-content\/uploads\/2024\/04\/gtideazul.svg\" alt=\"G-TiDE Brasil \u2013 Easy life, Easy fun!\" width=\"129\" height=\"50\" \/><\/p>\n<h1>H21<\/h1>\n<div class=\"stylesTabs_moduleDescriptionSears__VSRsM\">\n<div class=\"stylesTabs_textDescriptionSears__dSv_W\">\u00a1Disfruta de una experiencia de audio sin l\u00edmites con los auriculares G-Tide H21! Dise\u00f1ados para quienes valoran tanto la calidad de sonido como el estilo, estos auriculares te permiten liberar tu m\u00fasica sin cables y con total comodidad. Caracter\u00edsticas Destacadas: Estuche de Carga Met\u00e1lico: Dale un toque de elegancia a tu estilo con un estuche robusto y moderno que protege tus auriculares mientras los cargas. Conectividad Bluetooth 5.3: Experimenta una conexi\u00f3n inal\u00e1mbrica estable y de bajo consumo, perfecta para escuchar m\u00fasica o realizar llamadas con una calidad de sonido superior. Control T\u00e1ctil Intuitivo: Administra tu m\u00fasica, responde llamadas y ajusta el volumen f\u00e1cilmente con un simple toque. Cancelaci\u00f3n de Ruido: Sum\u00e9rgete en tu m\u00fasica favorita sin distracciones, gracias a la tecnolog\u00eda de cancelaci\u00f3n de ruido que reduce los sonidos del entorno. Micr\u00f3fono Incorporado: Llama y recibe llamadas en cualquier momento, con una calidad de voz clara y sin interferencias. Carga R\u00e1pida y Eficiente: Con un puerto de carga USB-C y una bater\u00eda de 250 mAh, podr\u00e1s disfrutar de hasta 5 horas de m\u00fasica continua con solo 1 hora de carga. Especificaciones T\u00e9cnicas: Tiempo de Carga: 1 hora para una carga completa. Duraci\u00f3n de Conversaci\u00f3n: Hasta 4 horas. Reproducci\u00f3n de M\u00fasica: Hasta 5 horas continuas. Capacidad de Bater\u00eda: 250 mAh. Color: Plata \u00a1Lib\u00e9rate de los cables y lleva tu m\u00fasica a donde vayas con estilo y comodidad! Los auriculares G-Tide H21 son la elecci\u00f3n perfecta para quienes buscan una experiencia de audio premium y un dise\u00f1o moderno.<\/div>\n<\/div>\n<div class=\"stylesTabs_moduleEspecificacionSears__qv62f\">\n<div>\n<ul class=\"stylesTabs_listAttributesSears__oN2uN\">\n<li><span class=\"stylesTabs_atributesKeySears__b6bHh\">Caracter\u00edstica: <\/span><span class=\"stylesTabs_atributesValueSears__Wx2ki\">Con Micr\u00f3fono<\/span><\/li>\n<li><span class=\"stylesTabs_atributesKeySears__b6bHh\">Caracter\u00edstica Cable: <\/span><span class=\"stylesTabs_atributesValueSears__Wx2ki\">sin cable<\/span><\/li>\n<li><span class=\"stylesTabs_atributesKeySears__b6bHh\">Componentes: Incluidos <\/span><span class=\"stylesTabs_atributesValueSears__Wx2ki\">estaci\u00f3n de carga<\/span><\/li>\n<li><span class=\"stylesTabs_atributesKeySears__b6bHh\">Conectividad: <\/span><span class=\"stylesTabs_atributesValueSears__Wx2ki\">inal\u00e1mbrico<\/span><\/li>\n<li><span class=\"stylesTabs_atributesKeySears__b6bHh\">Conexi\u00f3n: de Tipo Inal\u00e1mbrica <\/span><span class=\"stylesTabs_atributesValueSears__Wx2ki\">bluetooth<\/span><\/li>\n<li><span class=\"stylesTabs_atributesKeySears__b6bHh\">Control de ruidos: <\/span><span class=\"stylesTabs_atributesValueSears__Wx2ki\">active noise cancellation<\/span><\/li>\n<li><span class=\"stylesTabs_atributesKeySears__b6bHh\">Micr\u00f3fono: <\/span><span class=\"stylesTabs_atributesValueSears__Wx2ki\">incorporado<\/span><\/li>\n<li><span class=\"stylesTabs_atributesKeySears__b6bHh\">Rango de Edad: <\/span><span class=\"stylesTabs_atributesValueSears__Wx2ki\">adulto<\/span><\/li>\n<\/ul>\n<\/div>\n<\/div>\n","protected":false},"excerpt":{"rendered":"<p>H21 \u00a1Disfruta de una experiencia de audio sin l\u00edmites con los auriculares G-Tide H21! Dise\u00f1ados para quienes valoran tanto la<\/p>\n","protected":false},"featured_media":79297,"comment_status":"open","ping_status":"closed","template":"","meta":{"nf_dc_page":""},"product_brand":[],"product_cat":[89],"product_tag":[],"class_list":{"0":"post-79296","1":"product","2":"type-product","3":"status-publish","4":"has-post-thumbnail","6":"product_cat-electronicos","8":"first","9":"instock","10":"shipping-taxable","11":"purchasable","12":"product-type-simple"},"_links":{"self":[{"href":"https:\/\/brandss.com.py\/index\/wp-json\/wp\/v2\/product\/79296","targetHints":{"allow":["GET"]}}],"collection":[{"href":"https:\/\/brandss.com.py\/index\/wp-json\/wp\/v2\/product"}],"about":[{"href":"https:\/\/brandss.com.py\/index\/wp-json\/wp\/v2\/types\/product"}],"replies":[{"embeddable":true,"href":"https:\/\/brandss.com.py\/index\/wp-json\/wp\/v2\/comments?post=79296"}],"version-history":[{"count":2,"href":"https:\/\/brandss.com.py\/index\/wp-json\/wp\/v2\/product\/79296\/revisions"}],"predecessor-version":[{"id":82369,"href":"https:\/\/brandss.com.py\/index\/wp-json\/wp\/v2\/product\/79296\/revisions\/82369"}],"wp:featuredmedia":[{"embeddable":true,"href":"https:\/\/brandss.com.py\/index\/wp-json\/wp\/v2\/media\/79297"}],"wp:attachment":[{"href":"https:\/\/brandss.com.py\/index\/wp-json\/wp\/v2\/media?parent=79296"}],"wp:term":[{"taxonomy":"product_brand","embeddable":true,"href":"https:\/\/brandss.com.py\/index\/wp-json\/wp\/v2\/product_brand?post=79296"},{"taxonomy":"product_cat","embeddable":true,"href":"https:\/\/brandss.com.py\/index\/wp-json\/wp\/v2\/product_cat?post=79296"},{"taxonomy":"product_tag","embeddable":true,"href":"https:\/\/brandss.com.py\/index\/wp-json\/wp\/v2\/product_tag?post=79296"}],"curies":[{"name":"wp","href":"https:\/\/api.w.org\/{rel}","templated":true}]}}