{"id":79317,"date":"2025-04-07T12:30:58","date_gmt":"2025-04-07T12:30:58","guid":{"rendered":"https:\/\/brandss.com.py\/index\/?post_type=product&#038;p=79317"},"modified":"2026-02-13T10:59:00","modified_gmt":"2026-02-13T10:59:00","slug":"tablet-infantil-g-tide-t1-10-1-2-32gb-pw1080-pink","status":"publish","type":"product","link":"https:\/\/brandss.com.py\/index\/producto\/tablet-infantil-g-tide-t1-10-1-2-32gb-pw1080-pink\/","title":{"rendered":"TABLET INFANTIL G-TIDE T1 10.1 2\/32GB PW1080 PINK"},"content":{"rendered":"<p><img loading=\"lazy\" decoding=\"async\" class=\"\" src=\"https:\/\/gtide.com.br\/wp-content\/uploads\/2024\/04\/gtideazul.svg\" alt=\"G-TiDE Brasil \u2013 Easy life, Easy fun!\" width=\"127\" height=\"49\" \/><\/p>\n<h1>PW1080<\/h1>\n<p><strong>Juega y aprende m\u00e1s en KLAP.\u00a0<\/strong><\/p>\n<p>La aplicaci\u00f3n de aprendizaje G-TiDE KLAP ofrece diversos contenidos creativos como c\u00e1lculo, pintura, juegos, etc. Aprender mientras juegan es mejor para que los ni\u00f1os conozcan el mundo. Hasta 32 GB de almacenamiento (ampliado a 128 GB con microSD), puede obtener m\u00e1s aplicaciones educativas de Google (certificadas por GMS).<\/p>\n<p><strong>Modo de control parental.\u00a0<\/strong><\/p>\n<p>El \u00faltimo sistema Android 11 hace que la tableta para ni\u00f1os G-TiDE sea m\u00e1s f\u00e1cil de cambiar entre diferentes aplicaciones, sin bloatware ni anuncios inesperados. KLAP tiene un modo de control parental, puede crear y personalizar perfiles para cuentas de ni\u00f1os, seleccionar con tenido para ni\u00f1os, controlar el tiempo de pantalla y asegurarse de que sus hijos naveguen por sitios web seguros.<\/p>\n<p><strong>Pantalla grande de 10 pulgadas y funda exclusiva para tableta para ni\u00f1os.\u00a0<\/strong><\/p>\n<p>La pantalla grande de 10 pulgadas posee una pantalla HD de 1280 x 800, lo cual es bueno para proteger los ojos de los ni\u00f1os. Y la funda protectora para tableta para ni\u00f1os de dise\u00f1o exclusivo de G-TiDE est\u00e1 hecha de material suave resistente a los impactos. Cada lado est\u00e1 ligeramente alto de la pantalla, lo que protege la tableta para ni\u00f1os y a sus hijos de momentos ocasionales de &#8220;Ups&#8221;. El mango colorido y el soporte ajustable permiten que sus hijos disfruten viendo videos en la tableta para ni\u00f1os de manera m\u00e1s c\u00f3moda y libre.<\/p>\n<p><strong><span class=\"a-list-item\">Familia m\u00e1s cercana con bater\u00eda de 6000 mAh: <\/span><\/strong><\/p>\n<p><span class=\"a-list-item\">Tablet infantil de 10.1 pulgadas equipada con una c\u00e1mara dual de 5 MP + 8 MP, puedes tomar fotos v\u00edvidas para tus hijos o hacer una videollamada familiar f\u00e1cilmente (solo en Wifi). La bater\u00eda de larga duraci\u00f3n de 6000 mAh mejora la experiencia de aprendizaje y juego de los ni\u00f1os, hasta 5-12 horas de uso diario con una sola carga (tipo C). Es conveniente para vuelos largos, camping y viajes por carretera.<\/span><\/p>\n<p><strong><span class=\"a-list-item\">El mejor regalo para ni\u00f1os<\/span><\/strong><\/p>\n<p><span class=\"a-list-item\">G-TiDE T1 proporciona un sinf\u00edn de contenido adecuado para la edad, asegurando una navegaci\u00f3n segura para tus hijos cuando est\u00e1n ocupados trabajando. Ser\u00e1 un buen compa\u00f1ero de aprendizaje y juego de los ni\u00f1os en casa. El mejor regalo para cumplea\u00f1os, Navidad, Pascua y suministros escolares. Ofrecemos una garant\u00eda de 12 meses sin dudas, ponte en contacto con nuestro buz\u00f3n oficial (puedes encontrarlo en la parte trasera del paquete) para m\u00e1s servicio. Cualquier pregunta sobre nuestras tabletas, no dudes en ponerte en contacto con nosotros. G-TiDE siempre est\u00e1 a tu lado.<\/span><\/p>\n","protected":false},"excerpt":{"rendered":"<p>PW1080 Juega y aprende m\u00e1s en KLAP.\u00a0 La aplicaci\u00f3n de aprendizaje G-TiDE KLAP ofrece diversos contenidos creativos como c\u00e1lculo, pintura,<\/p>\n","protected":false},"featured_media":79322,"comment_status":"open","ping_status":"closed","template":"","meta":{"nf_dc_page":""},"product_brand":[],"product_cat":[89],"product_tag":[],"class_list":{"0":"post-79317","1":"product","2":"type-product","3":"status-publish","4":"has-post-thumbnail","6":"product_cat-electronicos","8":"first","9":"instock","10":"shipping-taxable","11":"purchasable","12":"product-type-simple"},"_links":{"self":[{"href":"https:\/\/brandss.com.py\/index\/wp-json\/wp\/v2\/product\/79317","targetHints":{"allow":["GET"]}}],"collection":[{"href":"https:\/\/brandss.com.py\/index\/wp-json\/wp\/v2\/product"}],"about":[{"href":"https:\/\/brandss.com.py\/index\/wp-json\/wp\/v2\/types\/product"}],"replies":[{"embeddable":true,"href":"https:\/\/brandss.com.py\/index\/wp-json\/wp\/v2\/comments?post=79317"}],"version-history":[{"count":1,"href":"https:\/\/brandss.com.py\/index\/wp-json\/wp\/v2\/product\/79317\/revisions"}],"predecessor-version":[{"id":79335,"href":"https:\/\/brandss.com.py\/index\/wp-json\/wp\/v2\/product\/79317\/revisions\/79335"}],"wp:featuredmedia":[{"embeddable":true,"href":"https:\/\/brandss.com.py\/index\/wp-json\/wp\/v2\/media\/79322"}],"wp:attachment":[{"href":"https:\/\/brandss.com.py\/index\/wp-json\/wp\/v2\/media?parent=79317"}],"wp:term":[{"taxonomy":"product_brand","embeddable":true,"href":"https:\/\/brandss.com.py\/index\/wp-json\/wp\/v2\/product_brand?post=79317"},{"taxonomy":"product_cat","embeddable":true,"href":"https:\/\/brandss.com.py\/index\/wp-json\/wp\/v2\/product_cat?post=79317"},{"taxonomy":"product_tag","embeddable":true,"href":"https:\/\/brandss.com.py\/index\/wp-json\/wp\/v2\/product_tag?post=79317"}],"curies":[{"name":"wp","href":"https:\/\/api.w.org\/{rel}","templated":true}]}}