{"id":79318,"date":"2025-04-07T12:21:45","date_gmt":"2025-04-07T12:21:45","guid":{"rendered":"https:\/\/brandss.com.py\/index\/?post_type=product&#038;p=79318"},"modified":"2025-05-19T13:23:39","modified_gmt":"2025-05-19T13:23:39","slug":"auricular-g-tide-buds2-pro-blt-ear-white-twa001","status":"publish","type":"product","link":"https:\/\/brandss.com.py\/index\/producto\/auricular-g-tide-buds2-pro-blt-ear-white-twa001\/","title":{"rendered":"AURICULAR G-TIDE BUDS 2 PRO BT EAR WHITE"},"content":{"rendered":"<p><img decoding=\"async\" src=\"https:\/\/gtide.com.br\/wp-content\/uploads\/2024\/04\/gtideazul.svg\" alt=\"G-TiDE Brasil \u2013 Easy life, Easy fun!\" \/><\/p>\n<h1>BUDS2 PRO BLT EAR WHITE TWA001<\/h1>\n<p class=\"\" data-start=\"134\" data-end=\"228\"><strong data-start=\"134\" data-end=\"228\">Auriculares Inal\u00e1mbricos G-Tide con Bluetooth 5.3 \u2013 Sonido Premium y Comodidad Todo el D\u00eda<\/strong><\/p>\n<p class=\"\" data-start=\"230\" data-end=\"574\">Descubre una nueva experiencia auditiva con los auriculares inal\u00e1mbricos G-Tide, dise\u00f1ados para ofrecerte libertad, calidad y estilo. Gracias a su avanzada tecnolog\u00eda Bluetooth 5.3, la conexi\u00f3n es m\u00e1s r\u00e1pida, estable y con menor consumo energ\u00e9tico, garantizando un rendimiento superior en cada uso, ya sea para llamadas, m\u00fasica o videollamadas.<\/p>\n<p class=\"\" data-start=\"576\" data-end=\"879\">Equipados con <strong data-start=\"590\" data-end=\"613\">micr\u00f3fono integrado<\/strong>, estos auriculares son perfectos para mantener conversaciones claras y fluidas, incluso en ambientes ruidosos. Su <strong data-start=\"728\" data-end=\"763\">funci\u00f3n de cancelaci\u00f3n de ruido<\/strong> ayuda a reducir las distracciones del entorno, permiti\u00e9ndote concentrarte completamente en lo que est\u00e1s escuchando.<\/p>\n<p class=\"\" data-start=\"881\" data-end=\"1177\">Con una <strong data-start=\"889\" data-end=\"911\">bater\u00eda de 300 mAh<\/strong> y una excelente autonom\u00eda, los auriculares ofrecen hasta <strong data-start=\"969\" data-end=\"1007\">4,5 horas de reproducci\u00f3n continua<\/strong>, mientras que el estuche de carga extiende su uso hasta <strong data-start=\"1064\" data-end=\"1076\">15 horas<\/strong> adicionales, ideal para acompa\u00f1arte durante toda tu jornada sin preocuparte por recargas frecuentes.<\/p>\n<p class=\"\" data-start=\"1179\" data-end=\"1524\">El dise\u00f1o ergon\u00f3mico y moderno, junto con su <strong data-start=\"1224\" data-end=\"1247\">conexi\u00f3n autom\u00e1tica<\/strong>, facilita su uso desde el primer momento. Solo tienes que abrir el estuche y se conectar\u00e1n de forma inmediata a tu dispositivo. Adem\u00e1s, cuentan con <strong data-start=\"1396\" data-end=\"1426\">control t\u00e1ctil inteligente<\/strong>, lo que te permite cambiar canciones, ajustar el volumen o responder llamadas con simples toques.<\/p>\n<p class=\"\" data-start=\"1526\" data-end=\"1698\">Ya sea para el trabajo, el gimnasio o momentos de ocio, los auriculares G-Tide son tu mejor aliado para disfrutar de un sonido n\u00edtido, comodidad total y m\u00e1xima practicidad.<\/p>\n<div class=\"trix-content\"><\/div>\n<div class=\"trix-content\">\n<div><\/div>\n<\/div>\n","protected":false},"excerpt":{"rendered":"<p>BUDS2 PRO BLT EAR WHITE TWA001 Auriculares Inal\u00e1mbricos G-Tide con Bluetooth 5.3 \u2013 Sonido Premium y Comodidad Todo el D\u00eda<\/p>\n","protected":false},"featured_media":79319,"comment_status":"open","ping_status":"closed","template":"","meta":{"nf_dc_page":""},"product_brand":[],"product_cat":[89],"product_tag":[],"class_list":{"0":"post-79318","1":"product","2":"type-product","3":"status-publish","4":"has-post-thumbnail","6":"product_cat-electronicos","8":"first","9":"instock","10":"shipping-taxable","11":"purchasable","12":"product-type-simple"},"_links":{"self":[{"href":"https:\/\/brandss.com.py\/index\/wp-json\/wp\/v2\/product\/79318","targetHints":{"allow":["GET"]}}],"collection":[{"href":"https:\/\/brandss.com.py\/index\/wp-json\/wp\/v2\/product"}],"about":[{"href":"https:\/\/brandss.com.py\/index\/wp-json\/wp\/v2\/types\/product"}],"replies":[{"embeddable":true,"href":"https:\/\/brandss.com.py\/index\/wp-json\/wp\/v2\/comments?post=79318"}],"version-history":[{"count":2,"href":"https:\/\/brandss.com.py\/index\/wp-json\/wp\/v2\/product\/79318\/revisions"}],"predecessor-version":[{"id":82355,"href":"https:\/\/brandss.com.py\/index\/wp-json\/wp\/v2\/product\/79318\/revisions\/82355"}],"wp:featuredmedia":[{"embeddable":true,"href":"https:\/\/brandss.com.py\/index\/wp-json\/wp\/v2\/media\/79319"}],"wp:attachment":[{"href":"https:\/\/brandss.com.py\/index\/wp-json\/wp\/v2\/media?parent=79318"}],"wp:term":[{"taxonomy":"product_brand","embeddable":true,"href":"https:\/\/brandss.com.py\/index\/wp-json\/wp\/v2\/product_brand?post=79318"},{"taxonomy":"product_cat","embeddable":true,"href":"https:\/\/brandss.com.py\/index\/wp-json\/wp\/v2\/product_cat?post=79318"},{"taxonomy":"product_tag","embeddable":true,"href":"https:\/\/brandss.com.py\/index\/wp-json\/wp\/v2\/product_tag?post=79318"}],"curies":[{"name":"wp","href":"https:\/\/api.w.org\/{rel}","templated":true}]}}