{"id":79323,"date":"2025-04-07T12:27:12","date_gmt":"2025-04-07T12:27:12","guid":{"rendered":"https:\/\/brandss.com.py\/index\/?post_type=product&#038;p=79323"},"modified":"2025-04-07T12:28:20","modified_gmt":"2025-04-07T12:28:20","slug":"auricular-g-tide-future-pod-earphone-white","status":"publish","type":"product","link":"https:\/\/brandss.com.py\/index\/producto\/auricular-g-tide-future-pod-earphone-white\/","title":{"rendered":"AURICULAR G-TIDE FUTURE POD EARPHONE WHITE"},"content":{"rendered":"<p><img decoding=\"async\" src=\"https:\/\/gtide.com.br\/wp-content\/uploads\/2024\/04\/gtideazul.svg\" alt=\"G-TiDE Brasil \u2013 Easy life, Easy fun!\" \/><\/p>\n<p>&nbsp;<\/p>\n<h1 data-start=\"114\" data-end=\"217\"><strong data-start=\"114\" data-end=\"217\">Auriculares Inal\u00e1mbricos G-Tide con Micr\u00f3fono Incorporado \u2013 Libertad y Rendimiento en Cada Conexi\u00f3n<\/strong><\/h1>\n<p class=\"\" data-start=\"219\" data-end=\"542\">Los auriculares inal\u00e1mbricos <strong data-start=\"248\" data-end=\"258\">G-Tide<\/strong> combinan tecnolog\u00eda de vanguardia, dise\u00f1o moderno y funcionalidad pr\u00e1ctica para brindarte una experiencia de audio envolvente en cualquier momento del d\u00eda. Dise\u00f1ados para quienes buscan comodidad y calidad, estos auriculares destacan por su excelente conectividad y facilidad de uso.<\/p>\n<p class=\"\" data-start=\"544\" data-end=\"825\">Con una <strong data-start=\"552\" data-end=\"582\">conexi\u00f3n Bluetooth estable<\/strong>, puedes emparejar tus auriculares con cualquier dispositivo compatible de manera r\u00e1pida y sencilla. Disfruta de una transmisi\u00f3n fluida sin interrupciones, ideal para escuchar m\u00fasica, ver videos, hacer llamadas o asistir a reuniones virtuales.<\/p>\n<p class=\"\" data-start=\"827\" data-end=\"1087\">Gracias a su <strong data-start=\"840\" data-end=\"865\">micr\u00f3fono incorporado<\/strong>, estos auriculares te permiten realizar llamadas con manos libres con total claridad, captando tu voz de manera precisa. Ya sea que est\u00e9s en movimiento o en una videollamada importante, tu voz se escuchar\u00e1 fuerte y clara.<\/p>\n<p class=\"\" data-start=\"1089\" data-end=\"1371\">El dise\u00f1o ergon\u00f3mico y compacto de los auriculares G-Tide garantiza un ajuste c\u00f3modo durante horas, sin causar molestias. Adem\u00e1s, su tama\u00f1o pr\u00e1ctico los convierte en el compa\u00f1ero perfecto para llevar a cualquier lugar: oficina, gimnasio, viajes o simplemente para relajarte en casa.<\/p>\n<p class=\"\" data-start=\"1373\" data-end=\"1642\">En resumen, los auriculares G-Tide no solo ofrecen un sonido n\u00edtido y potente, sino que tambi\u00e9n te brindan la libertad de moverte sin cables y la comodidad de controlar todo desde tus o\u00eddos. Con\u00e9ctate al estilo G-Tide y llev\u00e1 tu experiencia auditiva al siguiente nivel.<\/p>\n","protected":false},"excerpt":{"rendered":"<p>&nbsp; Auriculares Inal\u00e1mbricos G-Tide con Micr\u00f3fono Incorporado \u2013 Libertad y Rendimiento en Cada Conexi\u00f3n Los auriculares inal\u00e1mbricos G-Tide combinan tecnolog\u00eda<\/p>\n","protected":false},"featured_media":79330,"comment_status":"open","ping_status":"closed","template":"","meta":{"nf_dc_page":""},"product_brand":[],"product_cat":[89],"product_tag":[],"class_list":{"0":"post-79323","1":"product","2":"type-product","3":"status-publish","4":"has-post-thumbnail","6":"product_cat-electronicos","8":"first","9":"instock","10":"shipping-taxable","11":"purchasable","12":"product-type-simple"},"_links":{"self":[{"href":"https:\/\/brandss.com.py\/index\/wp-json\/wp\/v2\/product\/79323","targetHints":{"allow":["GET"]}}],"collection":[{"href":"https:\/\/brandss.com.py\/index\/wp-json\/wp\/v2\/product"}],"about":[{"href":"https:\/\/brandss.com.py\/index\/wp-json\/wp\/v2\/types\/product"}],"replies":[{"embeddable":true,"href":"https:\/\/brandss.com.py\/index\/wp-json\/wp\/v2\/comments?post=79323"}],"version-history":[{"count":1,"href":"https:\/\/brandss.com.py\/index\/wp-json\/wp\/v2\/product\/79323\/revisions"}],"predecessor-version":[{"id":79331,"href":"https:\/\/brandss.com.py\/index\/wp-json\/wp\/v2\/product\/79323\/revisions\/79331"}],"wp:featuredmedia":[{"embeddable":true,"href":"https:\/\/brandss.com.py\/index\/wp-json\/wp\/v2\/media\/79330"}],"wp:attachment":[{"href":"https:\/\/brandss.com.py\/index\/wp-json\/wp\/v2\/media?parent=79323"}],"wp:term":[{"taxonomy":"product_brand","embeddable":true,"href":"https:\/\/brandss.com.py\/index\/wp-json\/wp\/v2\/product_brand?post=79323"},{"taxonomy":"product_cat","embeddable":true,"href":"https:\/\/brandss.com.py\/index\/wp-json\/wp\/v2\/product_cat?post=79323"},{"taxonomy":"product_tag","embeddable":true,"href":"https:\/\/brandss.com.py\/index\/wp-json\/wp\/v2\/product_tag?post=79323"}],"curies":[{"name":"wp","href":"https:\/\/api.w.org\/{rel}","templated":true}]}}