{"id":79361,"date":"2025-04-07T13:30:13","date_gmt":"2025-04-07T13:30:13","guid":{"rendered":"https:\/\/brandss.com.py\/index\/?post_type=product&#038;p=79361"},"modified":"2025-04-07T17:15:39","modified_gmt":"2025-04-07T17:15:39","slug":"utencilios-de-cocina-haus-roland-set-de-6-piezas","status":"publish","type":"product","link":"https:\/\/brandss.com.py\/index\/producto\/utencilios-de-cocina-haus-roland-set-de-6-piezas\/","title":{"rendered":"SET DE UTENSILIOS DE COCINA HAUS ROLAND 6 PIEZAS"},"content":{"rendered":"<p><img loading=\"lazy\" decoding=\"async\" class=\"\" src=\"https:\/\/assets.wfcdn.com\/im\/58028869\/resize-h600-w600%5Ecompr-r85\/2769\/276977280\/HAUS+ROLAND.jpg\" alt=\"HAUS ROLAND | Wayfair\" width=\"199\" height=\"82\" \/><\/p>\n<p>El juego de cuchillos negros Haus Roland de 6 piezas es una colecci\u00f3n de cubiertos de alta calidad dise\u00f1ada para mejorar su experiencia culinaria con su excepcional rendimiento y elegante dise\u00f1o. Fabricados en acero inoxidable duradero (2Cr13), cada cuchillo cuenta con un revestimiento antiadherente que garantiza un corte sin esfuerzo y una limpieza sencilla, agilizando y optimizando la preparaci\u00f3n de comidas. Este vers\u00e1til juego incluye cuchillos esenciales como el cuchillo de chef de 20 cm, el cuchillo rebanador de 20 cm, el cuchillo para picar de 20 cm y el cuchillo para pelar de 8,9 cm, cada uno con diferentes grosores para adaptarse a diferentes tareas de corte. Adem\u00e1s, incluye unas tijeras vers\u00e1tiles para diversas necesidades de corte y un pelador para pelar frutas y verduras con facilidad. Los mangos ergon\u00f3micos est\u00e1n fabricados con una combinaci\u00f3n de materiales de PP y ABS, lo que ofrece un agarre c\u00f3modo y una apariencia negra elegante y moderna. Presentado en una elegante caja de regalo, este juego es perfecto para uso personal o como un regalo especial para los amantes de la cocina. Ya sea que sea un chef profesional o un cocinero casero apasionado, este juego proporciona las herramientas necesarias para cortar sin esfuerzo, rebanar con precisi\u00f3n y disfrutar de una experiencia de cocina superior.<\/p>\n<p><strong><span class=\"a-list-item\">Acero inoxidable de alta calidad para mayor durabilidad y precisi\u00f3n:<\/span><\/strong><\/p>\n<p><span class=\"a-list-item\"><span>Cada cuchillo del juego de cuchillos negros Haus Roland de 6 piezas est\u00e1 fabricado con acero inoxidable de primera calidad (2Cr13), que ofrece una resistencia, durabilidad y resistencia a la oxidaci\u00f3n y la corrosi\u00f3n excepcionales. Las hojas est\u00e1n recubiertas con una superficie antiadherente que permite un corte suave y minimiza la acumulaci\u00f3n de residuos de alimentos, lo que facilita la limpieza despu\u00e9s de cada uso. Esto garantiza un rendimiento duradero y resultados fiables en cada uso, ya sea para picar, rebanar o cortar en dados.<\/span><\/span><\/p>\n<p><strong><span class=\"a-list-item\">Amplia selecci\u00f3n de cuchillos para todas las tareas culinarias: <\/span><\/strong><\/p>\n<p><span class=\"a-list-item\"><span>Este juego incluye un cuchillo de chef de 20 cm, un cuchillo rebanador de 20 cm, un cuchillo para picar de 20 cm y un cuchillo para pelar de 8,9 cm, lo que proporciona una gama vers\u00e1til de hojas para realizar diversas tareas de corte. El cuchillo de chef es perfecto para picar y picar, mientras que el cuchillo rebanador destaca por su precisi\u00f3n al rebanar carnes y verduras. El cuchillo para picar est\u00e1 dise\u00f1ado para tareas pesadas, y el cuchillo para pelar es ideal para pelar y realizar cortes delicados, lo que le permite un control y una precisi\u00f3n totales en todas sus necesidades culinarias.<\/span><\/span><\/p>\n<p><strong><span class=\"a-list-item\">Mangos ergon\u00f3micos y elegantes para mayor comodidad y control: <\/span><\/strong><\/p>\n<p><span class=\"a-list-item\"><span>Los mangos est\u00e1n fabricados con una combinaci\u00f3n de materiales PP y ABS, lo que ofrece durabilidad y un agarre c\u00f3modo. Su dise\u00f1o ergon\u00f3mico garantiza que, incluso durante un uso prolongado, pueda manejar los cuchillos con facilidad y control, reduciendo el riesgo de fatiga en las manos. El elegante acabado negro de los mangos no solo le da un aspecto elegante, sino que tambi\u00e9n contribuye a la est\u00e9tica moderna del juego, complementando cualquier decoraci\u00f3n de cocina.<\/span><\/span><\/p>\n<p><strong><span class=\"a-list-item\">Pr\u00e1ctico pelador y tijeras para mayor versatilidad: <\/span><\/strong><\/p>\n<p><span class=\"a-list-item\"><span>Adem\u00e1s de los cuchillos de alta calidad, este juego incluye tijeras y pelador. Las tijeras son perfectas para diversas tareas, como picar hierbas, abrir envases o incluso cortar carne. El pelador facilita la preparaci\u00f3n de frutas y verduras, ofreciendo una forma limpia y eficiente de pelar sin desperdiciar alimentos. Estas herramientas adicionales ofrecen versatilidad, convirtiendo este juego en una soluci\u00f3n integral para todas sus necesidades en la cocina.<\/span><\/span><\/p>\n<p><strong><span class=\"a-list-item\">Elegante caja de regalo para una presentaci\u00f3n cuidada: <\/span><\/strong><\/p>\n<p><span class=\"a-list-item\"><span>El juego de cuchillos Haus Roland de 6 piezas viene cuidadosamente empaquetado en una elegante caja de regalo, lo que lo convierte en una excelente opci\u00f3n para regalar. Ya sea para una inauguraci\u00f3n de casa, un cumplea\u00f1os o una festividad, este juego es perfecto para quienes aman cocinar o desean mejorar sus utensilios de cocina. Su elegante presentaci\u00f3n y su fabricaci\u00f3n de alta calidad lo convierten en un regalo considerado e impresionante, que a\u00f1ade funcionalidad y sofisticaci\u00f3n a cualquier cocina.<\/span><\/span><\/p>\n<p><span class=\"a-list-item\"><span>Empaquetado en una elegante caja de regalo, lo que lo convierte en una opci\u00f3n ideal para uso personal o como un regalo considerado.<\/span><\/span><\/p>\n<p><span class=\"a-list-item\"><span>Ideal tanto para chefs profesionales como para aficionados a la cocina. Experimente la satisfacci\u00f3n de cortar con precisi\u00f3n y sin esfuerzo con este excepcional juego de cubiertos de cocina.<\/span><\/span><\/p>\n","protected":false},"excerpt":{"rendered":"<p>El juego de cuchillos negros Haus Roland de 6 piezas es una colecci\u00f3n de cubiertos de alta calidad dise\u00f1ada para<\/p>\n","protected":false},"featured_media":79362,"comment_status":"open","ping_status":"closed","template":"","meta":{"nf_dc_page":""},"product_brand":[],"product_cat":[83],"product_tag":[],"class_list":{"0":"post-79361","1":"product","2":"type-product","3":"status-publish","4":"has-post-thumbnail","6":"product_cat-hogar","8":"first","9":"instock","10":"shipping-taxable","11":"purchasable","12":"product-type-simple"},"_links":{"self":[{"href":"https:\/\/brandss.com.py\/index\/wp-json\/wp\/v2\/product\/79361","targetHints":{"allow":["GET"]}}],"collection":[{"href":"https:\/\/brandss.com.py\/index\/wp-json\/wp\/v2\/product"}],"about":[{"href":"https:\/\/brandss.com.py\/index\/wp-json\/wp\/v2\/types\/product"}],"replies":[{"embeddable":true,"href":"https:\/\/brandss.com.py\/index\/wp-json\/wp\/v2\/comments?post=79361"}],"version-history":[{"count":3,"href":"https:\/\/brandss.com.py\/index\/wp-json\/wp\/v2\/product\/79361\/revisions"}],"predecessor-version":[{"id":79422,"href":"https:\/\/brandss.com.py\/index\/wp-json\/wp\/v2\/product\/79361\/revisions\/79422"}],"wp:featuredmedia":[{"embeddable":true,"href":"https:\/\/brandss.com.py\/index\/wp-json\/wp\/v2\/media\/79362"}],"wp:attachment":[{"href":"https:\/\/brandss.com.py\/index\/wp-json\/wp\/v2\/media?parent=79361"}],"wp:term":[{"taxonomy":"product_brand","embeddable":true,"href":"https:\/\/brandss.com.py\/index\/wp-json\/wp\/v2\/product_brand?post=79361"},{"taxonomy":"product_cat","embeddable":true,"href":"https:\/\/brandss.com.py\/index\/wp-json\/wp\/v2\/product_cat?post=79361"},{"taxonomy":"product_tag","embeddable":true,"href":"https:\/\/brandss.com.py\/index\/wp-json\/wp\/v2\/product_tag?post=79361"}],"curies":[{"name":"wp","href":"https:\/\/api.w.org\/{rel}","templated":true}]}}