{"id":79382,"date":"2025-04-07T13:55:34","date_gmt":"2025-04-07T13:55:34","guid":{"rendered":"https:\/\/brandss.com.py\/index\/?post_type=product&#038;p=79382"},"modified":"2025-04-07T13:57:29","modified_gmt":"2025-04-07T13:57:29","slug":"calzado-casual-masculino-nike-blazer-mid-77-2","status":"publish","type":"product","link":"https:\/\/brandss.com.py\/index\/producto\/calzado-casual-masculino-nike-blazer-mid-77-2\/","title":{"rendered":"CALZADO CASUAL MASCULINO NIKE BLAZER MID&#8221; 77"},"content":{"rendered":"<p>&nbsp;<\/p>\n<p><img loading=\"lazy\" decoding=\"async\" class=\"\" src=\"https:\/\/1000marcas.net\/wp-content\/uploads\/2019\/11\/Nike-logo.jpg\" alt=\"Logo de Nike: la historia y el significado del logotipo, la ...\" width=\"398\" height=\"224\" \/><\/p>\n<h1 data-start=\"123\" data-end=\"186\"><strong data-start=\"127\" data-end=\"186\">Zapatillas Nike Personalizables \u2013 Crea tu Propio Estilo<\/strong><\/h1>\n<h3 class=\"\" data-start=\"123\" data-end=\"186\"><span style=\"color: #333333;font-size: 16px\">Si quer\u00e9s unas zapatillas que reflejen tu energ\u00eda, actitud y estilo \u00fanico, estas <\/span><strong style=\"color: #333333;font-size: 16px\" data-start=\"269\" data-end=\"307\">Nike personalizables de corte alto<\/strong><span style=\"color: #333333;font-size: 16px\"> son tu mejor lienzo. Inspiradas en el cl\u00e1sico dise\u00f1o de baloncesto y adaptadas a la moda urbana, estas zapatillas te dan el poder de dise\u00f1ar un par completamente tuyo.<\/span><\/h3>\n<p class=\"\" data-start=\"477\" data-end=\"854\">Desde el <strong data-start=\"486\" data-end=\"507\">cuero tradicional<\/strong> hasta un elegante acabado <strong data-start=\"534\" data-end=\"543\">pit\u00f3n<\/strong>, pod\u00e9s elegir cada detalle: colores, materiales, etiquetas, herretes y m\u00e1s. Incluso pod\u00e9s grabar tu nombre o apodo en la leng\u00fceta para que tus Nike sean realmente exclusivas. El forro de <strong data-start=\"731\" data-end=\"758\">sat\u00e9n suave en el tal\u00f3n<\/strong> no solo mejora la comodidad al calzarlas, sino que tambi\u00e9n aporta un toque premium al interior.<\/p>\n<hr class=\"\" data-start=\"856\" data-end=\"859\" \/>\n<h3 class=\"\" data-start=\"861\" data-end=\"896\"><strong data-start=\"865\" data-end=\"896\">Caracter\u00edsticas destacadas:<\/strong><\/h3>\n<ul data-start=\"898\" data-end=\"1414\">\n<li class=\"\" data-start=\"898\" data-end=\"959\">\n<p class=\"\" data-start=\"900\" data-end=\"959\"><strong data-start=\"900\" data-end=\"924\">Base personalizable:<\/strong> Cuero cl\u00e1sico o acabado de pit\u00f3n<\/p>\n<\/li>\n<li class=\"\" data-start=\"960\" data-end=\"1024\">\n<p class=\"\" data-start=\"962\" data-end=\"1024\"><strong data-start=\"962\" data-end=\"985\">Colores a elecci\u00f3n:<\/strong> Neutros, vibrantes, deportivos y m\u00e1s<\/p>\n<\/li>\n<li class=\"\" data-start=\"1025\" data-end=\"1083\">\n<p class=\"\" data-start=\"1027\" data-end=\"1083\"><strong data-start=\"1027\" data-end=\"1054\">Etiqueta personalizada:<\/strong> Hasta 7 caracteres por pie<\/p>\n<\/li>\n<li class=\"\" data-start=\"1084\" data-end=\"1118\">\n<p class=\"\" data-start=\"1086\" data-end=\"1118\"><strong data-start=\"1086\" data-end=\"1116\">Nombre en la caja incluida<\/strong><\/p>\n<\/li>\n<li class=\"\" data-start=\"1119\" data-end=\"1181\">\n<p class=\"\" data-start=\"1121\" data-end=\"1181\"><strong data-start=\"1121\" data-end=\"1179\">Forro de sat\u00e9n en el tal\u00f3n para mayor confort y estilo<\/strong><\/p>\n<\/li>\n<li class=\"\" data-start=\"1182\" data-end=\"1266\">\n<p class=\"\" data-start=\"1184\" data-end=\"1266\"><strong data-start=\"1184\" data-end=\"1213\">Construcci\u00f3n vulcanizada:<\/strong> Fusi\u00f3n de suela y parte superior para flexibilidad<\/p>\n<\/li>\n<li class=\"\" data-start=\"1267\" data-end=\"1348\">\n<p class=\"\" data-start=\"1269\" data-end=\"1348\"><strong data-start=\"1269\" data-end=\"1315\">Suela de goma maciza con patr\u00f3n de espiga:<\/strong> Tracci\u00f3n duradera y look retro<\/p>\n<\/li>\n<li class=\"\" data-start=\"1349\" data-end=\"1414\">\n<p class=\"\" data-start=\"1351\" data-end=\"1414\"><strong data-start=\"1351\" data-end=\"1383\">Dise\u00f1o cl\u00e1sico de ca\u00f1a alta:<\/strong> Inspirado en el basket vintage<\/p>\n<\/li>\n<\/ul>\n<hr class=\"\" data-start=\"1416\" data-end=\"1419\" \/>\n<h3 class=\"\" data-start=\"1421\" data-end=\"1446\"><strong data-start=\"1425\" data-end=\"1446\">Lo mejor de todo:<\/strong><\/h3>\n<p class=\"\" data-start=\"1448\" data-end=\"1655\">Cada par se elabora a mano, uno por uno, con gran atenci\u00f3n al detalle. <strong data-start=\"1519\" data-end=\"1542\">No hay dos iguales.<\/strong> A trav\u00e9s del <strong data-start=\"1556\" data-end=\"1574\">constructor 3D<\/strong>, pod\u00e9s ver c\u00f3mo tu dise\u00f1o cobra vida en tiempo real antes de realizar el pedido.<\/p>\n<hr class=\"\" data-start=\"1657\" data-end=\"1660\" \/>\n<p class=\"\" data-start=\"1662\" data-end=\"1804\">\ud83c\udfa8 <strong data-start=\"1665\" data-end=\"1703\">\u00a1Expres\u00e1 tu identidad a cada paso!<\/strong><br data-start=\"1703\" data-end=\"1706\" \/>\ud83d\udce6 <strong data-start=\"1709\" data-end=\"1766\">Dise\u00f1\u00e1, esper\u00e1\u2026 y recibilas con tu nombre en la caja.<\/strong><br data-start=\"1766\" data-end=\"1769\" \/>\ud83d\udef9 <strong data-start=\"1772\" data-end=\"1804\">Nike. Tu estilo, tus reglas.<\/strong><\/p>\n<h1><\/h1>\n<p>&nbsp;<\/p>\n","protected":false},"excerpt":{"rendered":"<p>&nbsp; Zapatillas Nike Personalizables \u2013 Crea tu Propio Estilo Si quer\u00e9s unas zapatillas que reflejen tu energ\u00eda, actitud y estilo<\/p>\n","protected":false},"featured_media":79383,"comment_status":"open","ping_status":"closed","template":"","meta":{"nf_dc_page":""},"product_brand":[],"product_cat":[76],"product_tag":[],"class_list":{"0":"post-79382","1":"product","2":"type-product","3":"status-publish","4":"has-post-thumbnail","6":"product_cat-masculino","8":"first","9":"instock","10":"shipping-taxable","11":"purchasable","12":"product-type-simple"},"_links":{"self":[{"href":"https:\/\/brandss.com.py\/index\/wp-json\/wp\/v2\/product\/79382","targetHints":{"allow":["GET"]}}],"collection":[{"href":"https:\/\/brandss.com.py\/index\/wp-json\/wp\/v2\/product"}],"about":[{"href":"https:\/\/brandss.com.py\/index\/wp-json\/wp\/v2\/types\/product"}],"replies":[{"embeddable":true,"href":"https:\/\/brandss.com.py\/index\/wp-json\/wp\/v2\/comments?post=79382"}],"version-history":[{"count":2,"href":"https:\/\/brandss.com.py\/index\/wp-json\/wp\/v2\/product\/79382\/revisions"}],"predecessor-version":[{"id":79391,"href":"https:\/\/brandss.com.py\/index\/wp-json\/wp\/v2\/product\/79382\/revisions\/79391"}],"wp:featuredmedia":[{"embeddable":true,"href":"https:\/\/brandss.com.py\/index\/wp-json\/wp\/v2\/media\/79383"}],"wp:attachment":[{"href":"https:\/\/brandss.com.py\/index\/wp-json\/wp\/v2\/media?parent=79382"}],"wp:term":[{"taxonomy":"product_brand","embeddable":true,"href":"https:\/\/brandss.com.py\/index\/wp-json\/wp\/v2\/product_brand?post=79382"},{"taxonomy":"product_cat","embeddable":true,"href":"https:\/\/brandss.com.py\/index\/wp-json\/wp\/v2\/product_cat?post=79382"},{"taxonomy":"product_tag","embeddable":true,"href":"https:\/\/brandss.com.py\/index\/wp-json\/wp\/v2\/product_tag?post=79382"}],"curies":[{"name":"wp","href":"https:\/\/api.w.org\/{rel}","templated":true}]}}