{"id":79423,"date":"2025-04-07T18:19:24","date_gmt":"2025-04-07T18:19:24","guid":{"rendered":"https:\/\/brandss.com.py\/index\/?post_type=product&#038;p=79423"},"modified":"2025-04-08T11:15:40","modified_gmt":"2025-04-08T11:15:40","slug":"set-de-ollas-haus-roland-hr105-1-de-acero-inoxidable-con-tapa-6-piezas","status":"publish","type":"product","link":"https:\/\/brandss.com.py\/index\/producto\/set-de-ollas-haus-roland-hr105-1-de-acero-inoxidable-con-tapa-6-piezas\/","title":{"rendered":"SET DE OLLAS HAUS ROLAND HR105-1 6 PIEZAS"},"content":{"rendered":"<p><img loading=\"lazy\" decoding=\"async\" class=\"\" src=\"https:\/\/assets.wfcdn.com\/im\/58028869\/resize-h600-w600%5Ecompr-r85\/2769\/276977280\/HAUS+ROLAND.jpg\" alt=\"HAUS ROLAND | Wayfair\" width=\"153\" height=\"63\" \/><\/p>\n<p><span>Este juego de utensilios de cocina, compuesto por tres ollas, es una combinaci\u00f3n ideal de dise\u00f1o elegante y alta funcionalidad. Cada sart\u00e9n est\u00e1 hecha de material de granito duradero que proporciona una distribuci\u00f3n uniforme del calor y es resistente a los ara\u00f1azos. Los tama\u00f1os de olla de 3 litros, 5 litros y 7,7 litros hacen que este juego sea vers\u00e1til para preparar una variedad de platos, desde sopas ligeras hasta guisos ricos.<\/span><\/p>\n<p><span>La apariencia est\u00e9tica de los productos aporta un toque de modernidad a su cocina y su durabilidad garantiza un uso a largo plazo. La superficie de granito no solo facilita el proceso de cocci\u00f3n, sino que tambi\u00e9n facilita la limpieza posterior. Las tapas especialmente dise\u00f1adas sellan herm\u00e9ticamente, reteniendo todos los aromas y jugos, permiti\u00e9ndole disfrutar de sabores verdaderamente exquisitos.<\/span><\/p>\n<p><span>Adem\u00e1s, este set es ideal tanto para el uso diario como para ocasiones especiales en las que quieras sorprender a tus invitados con obras maestras culinarias. Al comprar un juego de ollas de granito, das un paso hacia la creaci\u00f3n de obras maestras culinarias en el ambiente acogedor de tu hogar.<\/span><\/p>\n<p><strong>Caracter\u00edsticas principales<br \/>\n<\/strong><br \/>\nMaterial: granito<br \/>\nTipo: juego de ollas<br \/>\nN\u00famero de art\u00edculos: 6<br \/>\nEquipo: Cacerola con tapa 3l, Cacerola con tapa 5l, Cacerola con tapa 7,7 l.<br \/>\nPeculiaridades: revestimiento antiadherente<br \/>\nLosas compatibles: para cocinas de inducci\u00f3n, para cocinas el\u00e9ctricas, para cocinas de gas<\/p>\n","protected":false},"excerpt":{"rendered":"<p>Este juego de utensilios de cocina, compuesto por tres ollas, es una combinaci\u00f3n ideal de dise\u00f1o elegante y alta funcionalidad.<\/p>\n","protected":false},"featured_media":79476,"comment_status":"open","ping_status":"closed","template":"","meta":{"nf_dc_page":""},"product_brand":[],"product_cat":[83],"product_tag":[],"class_list":{"0":"post-79423","1":"product","2":"type-product","3":"status-publish","4":"has-post-thumbnail","6":"product_cat-hogar","8":"first","9":"instock","10":"shipping-taxable","11":"purchasable","12":"product-type-simple"},"_links":{"self":[{"href":"https:\/\/brandss.com.py\/index\/wp-json\/wp\/v2\/product\/79423","targetHints":{"allow":["GET"]}}],"collection":[{"href":"https:\/\/brandss.com.py\/index\/wp-json\/wp\/v2\/product"}],"about":[{"href":"https:\/\/brandss.com.py\/index\/wp-json\/wp\/v2\/types\/product"}],"replies":[{"embeddable":true,"href":"https:\/\/brandss.com.py\/index\/wp-json\/wp\/v2\/comments?post=79423"}],"version-history":[{"count":3,"href":"https:\/\/brandss.com.py\/index\/wp-json\/wp\/v2\/product\/79423\/revisions"}],"predecessor-version":[{"id":79474,"href":"https:\/\/brandss.com.py\/index\/wp-json\/wp\/v2\/product\/79423\/revisions\/79474"}],"wp:featuredmedia":[{"embeddable":true,"href":"https:\/\/brandss.com.py\/index\/wp-json\/wp\/v2\/media\/79476"}],"wp:attachment":[{"href":"https:\/\/brandss.com.py\/index\/wp-json\/wp\/v2\/media?parent=79423"}],"wp:term":[{"taxonomy":"product_brand","embeddable":true,"href":"https:\/\/brandss.com.py\/index\/wp-json\/wp\/v2\/product_brand?post=79423"},{"taxonomy":"product_cat","embeddable":true,"href":"https:\/\/brandss.com.py\/index\/wp-json\/wp\/v2\/product_cat?post=79423"},{"taxonomy":"product_tag","embeddable":true,"href":"https:\/\/brandss.com.py\/index\/wp-json\/wp\/v2\/product_tag?post=79423"}],"curies":[{"name":"wp","href":"https:\/\/api.w.org\/{rel}","templated":true}]}}