{"id":79478,"date":"2025-04-08T11:44:03","date_gmt":"2025-04-08T11:44:03","guid":{"rendered":"https:\/\/brandss.com.py\/index\/?post_type=product&#038;p=79478"},"modified":"2025-04-08T11:45:05","modified_gmt":"2025-04-08T11:45:05","slug":"set-de-ollas-haus-roland-hr105-3-de-7-piezas-2-mm-fundicion-a-presion","status":"publish","type":"product","link":"https:\/\/brandss.com.py\/index\/producto\/set-de-ollas-haus-roland-hr105-3-de-7-piezas-2-mm-fundicion-a-presion\/","title":{"rendered":"SET DE OLLAS HAUS ROLAND HR105-3 DE 7 PIEZAS 2 MM FUNDICI\u00d3N A PRESI\u00d3N"},"content":{"rendered":"<p><img loading=\"lazy\" decoding=\"async\" class=\"\" src=\"https:\/\/assets.wfcdn.com\/im\/58028869\/resize-h600-w600%5Ecompr-r85\/2769\/276977280\/HAUS+ROLAND.jpg\" alt=\"HAUS ROLAND | Wayfair\" width=\"138\" height=\"57\" \/><\/p>\n<h1>HR105-3<\/h1>\n<p><span>Presentamos a su atenci\u00f3n el conjunto ideal de utensilios de cocina que se convertir\u00e1 en un asistente indispensable en su cocina. Este juego incluye elementos cuidadosamente seleccionados que son ideales para cualquier proceso culinario. Fabricados con materiales de alta calidad, los utensilios de cocina garantizan durabilidad y excelentes propiedades culinarias.<\/span><br \/>\n<span>Cada elemento est\u00e1 dise\u00f1ado para su uso tanto en estufas el\u00e9ctricas como de gas. Esto significa que puedes estar seguro de la versatilidad del conjunto y su compatibilidad con cualquier electrodom\u00e9stico de cocina.<\/span><br \/>\n<span>No olvide que las ollas y sartenes de calidad no solo son convenientes, sino tambi\u00e9n la clave para una experiencia exitosa en la cocina. Con este set podr\u00e1s disfrutar del proceso de cocci\u00f3n, ya que cada art\u00edculo te inspirar\u00e1 a crear obras maestras culinarias. Perm\u00edtete liberar todo el potencial de tu cocina con este set multifuncional.<\/span><\/p>\n<p><span>\u00a1Descubre la excelencia culinaria! Consigue ya tu juego de utensilios de cocina de aluminio fundido a presi\u00f3n Haus Roland de 7 piezas y transforma tu cocina.<\/span><\/p>\n<p><strong><span>Caracter\u00edsticas:<\/span><\/strong><\/p>\n<p><span>&#8211; El juego de 7 piezas incluye: 3 cacerolas con tapas y 1 sart\u00e9n<\/span><br \/>\n<span>&#8211; Construcci\u00f3n de aluminio fundido a presi\u00f3n de 2 mm para mayor durabilidad y distribuci\u00f3n uniforme del calor<\/span><br \/>\n<span>&#8211; Revestimiento antiadherente para una liberaci\u00f3n de alimentos sin esfuerzo y una f\u00e1cil limpieza<\/span><br \/>\n<span>&#8211; Mangos ergon\u00f3micos para un agarre y manejo c\u00f3modos<\/span><br \/>\n<span>&#8211; Compatible con inducci\u00f3n, apto para horno hasta 250 \u00b0C y apto para lavavajillas<\/span><br \/>\n<span>&#8211; Perfecto para cocinar, fre\u00edr, hervir y servir<\/span><br \/>\n<span>&#8211; Ideal para cocineros caseros, chefs profesionales y entusiastas culinarios<\/span><br \/>\n<span>&#8211; Construcci\u00f3n duradera y de larga duraci\u00f3n para a\u00f1os de rendimiento confiable<\/span><\/p>\n<p><strong><span>Medidas:<\/span><\/strong><br \/>\n<span>Cacerola con tapa de 24 x 11 cm<\/span><br \/>\n<span>Cacerola con tapa de 28 x 12,5 cm<\/span><br \/>\n<span>Cacerola con tapa de 28 x 8,0 cm<\/span><br \/>\n<span>Sart\u00e9n de 24 x 5,5 cm<\/span><\/p>\n<p><strong>Detalles:<\/strong><\/p>\n<p><strong><span>Marca:<\/span><\/strong><span>\u00a0Haus Roland<\/span><br \/>\n<strong><span>C\u00f3digo:<\/span><\/strong><span>\u00a0HR105-3<\/span><br \/>\n<strong><span>Tipo:<\/span><\/strong><span>\u00a0Juego de utensilios de cocina<\/span><br \/>\n<strong><span>Material:<\/span><\/strong><span>\u00a0Aluminio fundido a presi\u00f3n<\/span><br \/>\n<strong><span>Unidad:<\/span><\/strong><span>\u00a01 juego (7 piezas)<\/span><\/p>\n","protected":false},"excerpt":{"rendered":"<p>HR105-3 Presentamos a su atenci\u00f3n el conjunto ideal de utensilios de cocina que se convertir\u00e1 en un asistente indispensable en<\/p>\n","protected":false},"featured_media":79479,"comment_status":"open","ping_status":"closed","template":"","meta":{"nf_dc_page":""},"product_brand":[],"product_cat":[83],"product_tag":[],"class_list":{"0":"post-79478","1":"product","2":"type-product","3":"status-publish","4":"has-post-thumbnail","6":"product_cat-hogar","8":"first","9":"instock","10":"shipping-taxable","11":"purchasable","12":"product-type-simple"},"_links":{"self":[{"href":"https:\/\/brandss.com.py\/index\/wp-json\/wp\/v2\/product\/79478","targetHints":{"allow":["GET"]}}],"collection":[{"href":"https:\/\/brandss.com.py\/index\/wp-json\/wp\/v2\/product"}],"about":[{"href":"https:\/\/brandss.com.py\/index\/wp-json\/wp\/v2\/types\/product"}],"replies":[{"embeddable":true,"href":"https:\/\/brandss.com.py\/index\/wp-json\/wp\/v2\/comments?post=79478"}],"version-history":[{"count":1,"href":"https:\/\/brandss.com.py\/index\/wp-json\/wp\/v2\/product\/79478\/revisions"}],"predecessor-version":[{"id":79483,"href":"https:\/\/brandss.com.py\/index\/wp-json\/wp\/v2\/product\/79478\/revisions\/79483"}],"wp:featuredmedia":[{"embeddable":true,"href":"https:\/\/brandss.com.py\/index\/wp-json\/wp\/v2\/media\/79479"}],"wp:attachment":[{"href":"https:\/\/brandss.com.py\/index\/wp-json\/wp\/v2\/media?parent=79478"}],"wp:term":[{"taxonomy":"product_brand","embeddable":true,"href":"https:\/\/brandss.com.py\/index\/wp-json\/wp\/v2\/product_brand?post=79478"},{"taxonomy":"product_cat","embeddable":true,"href":"https:\/\/brandss.com.py\/index\/wp-json\/wp\/v2\/product_cat?post=79478"},{"taxonomy":"product_tag","embeddable":true,"href":"https:\/\/brandss.com.py\/index\/wp-json\/wp\/v2\/product_tag?post=79478"}],"curies":[{"name":"wp","href":"https:\/\/api.w.org\/{rel}","templated":true}]}}