{"id":79504,"date":"2025-04-08T16:26:26","date_gmt":"2025-04-08T16:26:26","guid":{"rendered":"https:\/\/brandss.com.py\/index\/?post_type=product&#038;p=79504"},"modified":"2025-04-08T16:26:57","modified_gmt":"2025-04-08T16:26:57","slug":"set-de-ollas-haus-roland-hr113-3-de-acero-inoxidable-6-piezas","status":"publish","type":"product","link":"https:\/\/brandss.com.py\/index\/producto\/set-de-ollas-haus-roland-hr113-3-de-acero-inoxidable-6-piezas\/","title":{"rendered":"SET DE OLLAS HAUS ROLAND HR113-3 DE ACERO INOXIDABLE 6 PIEZAS"},"content":{"rendered":"<p><img loading=\"lazy\" decoding=\"async\" class=\"\" src=\"https:\/\/assets.wfcdn.com\/im\/58028869\/resize-h600-w600%5Ecompr-r85\/2769\/276977280\/HAUS+ROLAND.jpg\" alt=\"HAUS ROLAND | Wayfair\" width=\"148\" height=\"61\" \/><\/p>\n<h1>HR113-3<\/h1>\n<p>Set de ollas HausRoland 6PCS, fabricadas con tecnolog\u00eda alemana, muy buena calidad. 3 ollas de 2,6l, 3,6l, 6,1l y 3 tapas dise\u00f1adas para cocinas el\u00e9ctricas, de gas, vitrocer\u00e1micas y de inducci\u00f3n. Las asas de la sart\u00e9n y las asas de la tapa son de color dorado. Las sartenes est\u00e1n hechas de acero inoxidable de alta calidad. El material retiene el calor en toda la superficie del producto, permitiendo que los alimentos se calienten de manera uniforme y r\u00e1pida. La cacerola est\u00e1 equipada con dos c\u00f3modas asas de acero inoxidable. Las manijas no se calientan demasiado durante la cocci\u00f3n si el producto est\u00e1 colocado correctamente sobre la estufa. La tapa, hecha de vidrio resistente al calor, te permitir\u00e1 controlar el proceso de cocci\u00f3n. La cacerola es muy c\u00f3moda de utilizar, pr\u00e1ctica y elegante, es f\u00e1cil de limpiar y lavar. Hay una salida de vapor.<\/p>\n<p><strong>Especificaciones: <\/strong><\/p>\n<p>Material: Acero inoxidable.<\/p>\n<p>Tipo: Cacerola.<\/p>\n<p><strong>Ventajas: <\/strong><\/p>\n<p>Fabricado con material de alta calidad. \u00a1Duradero, ligero y resistente a los golpes! Durar\u00e1 muchos a\u00f1os.<\/p>\n<p>F\u00e1cil de limpiar, tiene asas frescas y c\u00f3modas.<\/p>\n<p>Las tapas est\u00e1n hechas de vidrio resistente al calor, lo que permite conservar todas las propiedades beneficiosas de los alimentos.<\/p>\n<p>Su aspecto pr\u00e1ctico y elegante decorar\u00e1 cualquier interior.<\/p>\n<p>Precio razonable.<\/p>\n<p>Recomendaciones: Al cocinar en utensilios de acero inoxidable, puedes utilizar accesorios met\u00e1licos.<\/p>\n<p>Fabricado en China con tecnolog\u00eda alemana. cacerola\/acero inoxidable\/esmaltado\/hierro\/para cocina de inducci\u00f3n\/cacerola\/cacerola para cocina de inducci\u00f3n.<\/p>\n<p>&nbsp;<\/p>\n","protected":false},"excerpt":{"rendered":"<p>HR113-3 Set de ollas HausRoland 6PCS, fabricadas con tecnolog\u00eda alemana, muy buena calidad. 3 ollas de 2,6l, 3,6l, 6,1l y<\/p>\n","protected":false},"featured_media":79505,"comment_status":"open","ping_status":"closed","template":"","meta":{"nf_dc_page":""},"product_brand":[],"product_cat":[83],"product_tag":[],"class_list":{"0":"post-79504","1":"product","2":"type-product","3":"status-publish","4":"has-post-thumbnail","6":"product_cat-hogar","8":"first","9":"instock","10":"shipping-taxable","11":"purchasable","12":"product-type-simple"},"_links":{"self":[{"href":"https:\/\/brandss.com.py\/index\/wp-json\/wp\/v2\/product\/79504","targetHints":{"allow":["GET"]}}],"collection":[{"href":"https:\/\/brandss.com.py\/index\/wp-json\/wp\/v2\/product"}],"about":[{"href":"https:\/\/brandss.com.py\/index\/wp-json\/wp\/v2\/types\/product"}],"replies":[{"embeddable":true,"href":"https:\/\/brandss.com.py\/index\/wp-json\/wp\/v2\/comments?post=79504"}],"version-history":[{"count":1,"href":"https:\/\/brandss.com.py\/index\/wp-json\/wp\/v2\/product\/79504\/revisions"}],"predecessor-version":[{"id":79507,"href":"https:\/\/brandss.com.py\/index\/wp-json\/wp\/v2\/product\/79504\/revisions\/79507"}],"wp:featuredmedia":[{"embeddable":true,"href":"https:\/\/brandss.com.py\/index\/wp-json\/wp\/v2\/media\/79505"}],"wp:attachment":[{"href":"https:\/\/brandss.com.py\/index\/wp-json\/wp\/v2\/media?parent=79504"}],"wp:term":[{"taxonomy":"product_brand","embeddable":true,"href":"https:\/\/brandss.com.py\/index\/wp-json\/wp\/v2\/product_brand?post=79504"},{"taxonomy":"product_cat","embeddable":true,"href":"https:\/\/brandss.com.py\/index\/wp-json\/wp\/v2\/product_cat?post=79504"},{"taxonomy":"product_tag","embeddable":true,"href":"https:\/\/brandss.com.py\/index\/wp-json\/wp\/v2\/product_tag?post=79504"}],"curies":[{"name":"wp","href":"https:\/\/api.w.org\/{rel}","templated":true}]}}