{"id":79508,"date":"2025-04-08T16:59:31","date_gmt":"2025-04-08T16:59:31","guid":{"rendered":"https:\/\/brandss.com.py\/index\/?post_type=product&#038;p=79508"},"modified":"2025-04-08T17:03:09","modified_gmt":"2025-04-08T17:03:09","slug":"set-de-ollas-haus-roland-hr113-4-de-acero-inoxidable-6-piezas","status":"publish","type":"product","link":"https:\/\/brandss.com.py\/index\/producto\/set-de-ollas-haus-roland-hr113-4-de-acero-inoxidable-6-piezas\/","title":{"rendered":"SET DE OLLAS HAUS ROLAND HR113-4 DE ACERO INOXIDABLE 8 PIEZAS"},"content":{"rendered":"<p><img loading=\"lazy\" decoding=\"async\" class=\"\" src=\"https:\/\/assets.wfcdn.com\/im\/58028869\/resize-h600-w600%5Ecompr-r85\/2769\/276977280\/HAUS+ROLAND.jpg\" alt=\"HAUS ROLAND | Wayfair\" width=\"109\" height=\"45\" \/><\/p>\n<h1>HR113-4<\/h1>\n<div class=\" js-productad\" data-advtracking-prosale-token=\"eyJhbGciOiJIUzI1NiIsInR5cCI6IkpXVCJ9.eyJwcm9kdWN0SWQiOjIxNjkzNDg0OTMsImNhdGVnb3J5SWQiOjE1MjMwMzAzLCJjb21wYW55SWQiOjI1OTkxNSwic291cmNlIjoicHJvbTpjb21wYW55X3NpdGUiLCJpYXQiOjE3NDQxMzA4NzAuNjE4Mzk3MiwicGFnZUlkIjoiMGYwNWE3ZTgtNWE3Yy00MjIzLTlhMjUtZGFlYjk5ODBlYTY0IiwicG93IjoidjIifQ.iE2gGoAltaPmFbFaiOWdYMED_CWEdPPqEcaeEcT3Qno\" data-advtracking-product-id=\"2169348493\" data-qaid=\"product-info\">\n<h1 class=\"cs-product__name cs-online-edit\"><\/h1>\n<\/div>\n<div class=\"cs-page__row\">\n<div class=\"cs-tab-list\">\n<div class=\"cs-tab-list__item cs-tab-list__item_state_active js-content-item cs-online-edit\">\n<div class=\"b-user-content\" data-qaid=\"product_description\">\n<p><span>Las ollas <\/span>Haus Roland HR113-4<span>\u00a0est\u00e1n fabricadas en acero inoxidable de alta resistencia, resistente a la corrosi\u00f3n y al deslustre. El acero inoxidable tiene una alta conductividad t\u00e9rmica y distribuci\u00f3n de temperatura, lo que da como resultado un calentamiento r\u00e1pido y una retenci\u00f3n de calor a largo plazo.<\/span><\/p>\n<p><span>El dise\u00f1o moderno, el aspecto atractivo y el alto nivel de respeto al medio ambiente\u00a0<\/span>del Haus Roland HR113-4<span>\u00a0son las ventajas de este conjunto. El juego ser\u00e1 un gran regalo para cualquier ama de casa y ser\u00e1 una gran adici\u00f3n a cualquier cocina.<\/span><\/p>\n<h4><span>Caracter\u00edsticas:<\/span><\/h4>\n<p>&nbsp;<\/p>\n<ul>\n<li><span>Material: acero inoxidable<\/span><\/li>\n<li><span>Tipo: juego de cacerolas<\/span><\/li>\n<li><span>N\u00famero de art\u00edculos: 8<\/span><\/li>\n<li><span>Contenido del paquete: cacerola con tapa 1,9 l, cacerola con tapa 2,7 l, cacerola con tapa 3,6 l, cacerola con tapa 6,1 l<\/span><\/li>\n<li><span>Tipo de estufa: gas, el\u00e9ctrica<\/span><\/li>\n<li><span>dimensiones:<\/span>\n<ul>\n<li><span>Cacerola volumen 1,9 l tama\u00f1o 16*9,5 cm<\/span><\/li>\n<li><span>Cacerola volumen 2,6 l tama\u00f1o 18*10,5 cm<\/span><\/li>\n<li><span>Cacerola volumen 3,6 l tama\u00f1o 20*11,5 cm<\/span><\/li>\n<li><span>Cacerola volumen 6,1 l tama\u00f1o 24*13,5 cm<\/span><\/li>\n<\/ul>\n<\/li>\n<\/ul>\n<\/div>\n<\/div>\n<\/div>\n<\/div>\n","protected":false},"excerpt":{"rendered":"<p>HR113-4 Las ollas Haus Roland HR113-4\u00a0est\u00e1n fabricadas en acero inoxidable de alta resistencia, resistente a la corrosi\u00f3n y al deslustre.<\/p>\n","protected":false},"featured_media":79509,"comment_status":"open","ping_status":"closed","template":"","meta":{"nf_dc_page":""},"product_brand":[],"product_cat":[83],"product_tag":[],"class_list":{"0":"post-79508","1":"product","2":"type-product","3":"status-publish","4":"has-post-thumbnail","6":"product_cat-hogar","8":"first","9":"instock","10":"shipping-taxable","11":"purchasable","12":"product-type-simple"},"_links":{"self":[{"href":"https:\/\/brandss.com.py\/index\/wp-json\/wp\/v2\/product\/79508","targetHints":{"allow":["GET"]}}],"collection":[{"href":"https:\/\/brandss.com.py\/index\/wp-json\/wp\/v2\/product"}],"about":[{"href":"https:\/\/brandss.com.py\/index\/wp-json\/wp\/v2\/types\/product"}],"replies":[{"embeddable":true,"href":"https:\/\/brandss.com.py\/index\/wp-json\/wp\/v2\/comments?post=79508"}],"version-history":[{"count":2,"href":"https:\/\/brandss.com.py\/index\/wp-json\/wp\/v2\/product\/79508\/revisions"}],"predecessor-version":[{"id":79515,"href":"https:\/\/brandss.com.py\/index\/wp-json\/wp\/v2\/product\/79508\/revisions\/79515"}],"wp:featuredmedia":[{"embeddable":true,"href":"https:\/\/brandss.com.py\/index\/wp-json\/wp\/v2\/media\/79509"}],"wp:attachment":[{"href":"https:\/\/brandss.com.py\/index\/wp-json\/wp\/v2\/media?parent=79508"}],"wp:term":[{"taxonomy":"product_brand","embeddable":true,"href":"https:\/\/brandss.com.py\/index\/wp-json\/wp\/v2\/product_brand?post=79508"},{"taxonomy":"product_cat","embeddable":true,"href":"https:\/\/brandss.com.py\/index\/wp-json\/wp\/v2\/product_cat?post=79508"},{"taxonomy":"product_tag","embeddable":true,"href":"https:\/\/brandss.com.py\/index\/wp-json\/wp\/v2\/product_tag?post=79508"}],"curies":[{"name":"wp","href":"https:\/\/api.w.org\/{rel}","templated":true}]}}