{"id":79516,"date":"2025-04-08T17:46:55","date_gmt":"2025-04-08T17:46:55","guid":{"rendered":"https:\/\/brandss.com.py\/index\/?post_type=product&#038;p=79516"},"modified":"2025-04-08T17:47:44","modified_gmt":"2025-04-08T17:47:44","slug":"set-de-ollas-haus-roland-hr114-1-de-acero-inoxidable-6-piezas","status":"publish","type":"product","link":"https:\/\/brandss.com.py\/index\/producto\/set-de-ollas-haus-roland-hr114-1-de-acero-inoxidable-6-piezas\/","title":{"rendered":"SET DE OLLAS HAUS ROLAND HR114-1 DE ACERO INOXIDABLE 6 PIEZAS"},"content":{"rendered":"<p><img loading=\"lazy\" decoding=\"async\" class=\"\" src=\"https:\/\/assets.wfcdn.com\/im\/58028869\/resize-h600-w600%5Ecompr-r85\/2769\/276977280\/HAUS+ROLAND.jpg\" alt=\"HAUS ROLAND | Wayfair\" width=\"143\" height=\"59\" \/><\/p>\n<h1>HR114-1<\/h1>\n<p>Un juego de ollas de acero inoxidable de Haus Roland, en forma de barril, con tapas de vidrio. Funcional y pr\u00e1ctico. Perfecto para preparar comidas caseras para toda la familia. El juego incluye ollas con capacidades de: 1,9l, 2,7l y 3,6l.<\/p>\n<p>Juego de 3 ollas de acero con capacidades: 1,9l, 2,7l y 3,6l.\u00a0\u00a0Viene con tapas de vidrio. Fabricados\u00a0\u00a0en acero inoxidable duradero y resistente a da\u00f1os y temperaturas,\u00a0seguramente durar\u00e1n mucho tiempo.\u00a0\u00a0Son perfectos para el uso diario y\u00a0podr\u00e1s preparar en ellos multitud de comidas sabrosas y nutritivas.<\/p>\n<p><span>Este juego presenta <\/span>una olla redondeada en forma de barril y un exterior brillante, lo que le da un aspecto elegante que complementar\u00e1 el estilo de la mayor\u00eda de las cocinas. Las ollas tienen un borde superior especialmente perfilado que encaja perfectamente en la tapa. Las asas contorneadas y remachadas con un perfil aplanado permiten levantarlas y transportarlas con seguridad. La pr\u00e1ctica escala de litros en el interior facilita la medici\u00f3n de la cantidad de ingredientes a\u00f1adidos y el control de la cantidad de platos preparados. Adem\u00e1s,\u00a0cada olla cuenta con una tapa de cristal,\u00a0gracias a la cual los platos se cocinan m\u00e1s r\u00e1pido y su transparencia permite\u00a0observar el proceso de cocci\u00f3n.\u00a0La ventilaci\u00f3n de la tapa evita que el l\u00edquido se desborde.<\/p>\n<p>Las ollas de acero inoxidable son\u00a0seguras en contacto con los alimentos, por lo que podemos utilizarlas con seguridad para preparar comidas. La superficie interior lisa\u00a0no retiene suciedad ni impurezas, lo que la hace muy\u00a0\u00a0higi\u00e9nica y f\u00e1cil de limpiar. Las ollas se pueden utilizar en cualquier cocina:\u00a0gas, el\u00e9ctrica, vitrocer\u00e1mica, hal\u00f3gena e inducci\u00f3n\u00a0.<\/p>\n<p>El conjunto se entrega en la caja original del fabricante<span>, lo que lo convierte en una excelente idea de regalo para un apartamento nuevo, un cumplea\u00f1os o cualquier otra ocasi\u00f3n.<\/span><\/p>\n<p><b><span>El conjunto incluye:<\/span><\/b><\/p>\n<p><b><span>&#8211; Olla con un di\u00e1metro de 16 cm y una capacidad total de 1,9 l<\/span><\/b><\/p>\n<p><b><span>&#8211; Olla con un di\u00e1metro de 18 cm y una\u00a0\u00a0<\/span><\/b><b><span>capacidad total de 2,7 l<\/span><\/b><\/p>\n<p><b><span>&#8211; Olla con un di\u00e1metro de 20 cm y una\u00a0\u00a0<\/span><\/b><b><span>capacidad total de 3,6 l<\/span><\/b><\/p>\n<p>&nbsp;<\/p>\n<p><span>*En las ollas de acero inoxidable pueden aparecer peque\u00f1as manchas y dep\u00f3sitos en el fondo, provocados por la acci\u00f3n de sales o \u00e1cidos. Para evitar esto, salar el contenido de la olla solo cuando el l\u00edquido est\u00e9 hirviendo, luego mezclar bien y no dejar alimentos dentro durante mucho tiempo. Cualquier peque\u00f1a decoloraci\u00f3n que se produzca se puede eliminar con vinagre o \u00e1cido c\u00edtrico. No afectan el proceso de cocci\u00f3n ni las propiedades del recipiente.\u00a0\u00a0<\/span><\/p>\n","protected":false},"excerpt":{"rendered":"<p>HR114-1 Un juego de ollas de acero inoxidable de Haus Roland, en forma de barril, con tapas de vidrio. Funcional<\/p>\n","protected":false},"featured_media":79517,"comment_status":"open","ping_status":"closed","template":"","meta":{"nf_dc_page":""},"product_brand":[],"product_cat":[83],"product_tag":[],"class_list":{"0":"post-79516","1":"product","2":"type-product","3":"status-publish","4":"has-post-thumbnail","6":"product_cat-hogar","8":"first","9":"instock","10":"shipping-taxable","11":"purchasable","12":"product-type-simple"},"_links":{"self":[{"href":"https:\/\/brandss.com.py\/index\/wp-json\/wp\/v2\/product\/79516","targetHints":{"allow":["GET"]}}],"collection":[{"href":"https:\/\/brandss.com.py\/index\/wp-json\/wp\/v2\/product"}],"about":[{"href":"https:\/\/brandss.com.py\/index\/wp-json\/wp\/v2\/types\/product"}],"replies":[{"embeddable":true,"href":"https:\/\/brandss.com.py\/index\/wp-json\/wp\/v2\/comments?post=79516"}],"version-history":[{"count":1,"href":"https:\/\/brandss.com.py\/index\/wp-json\/wp\/v2\/product\/79516\/revisions"}],"predecessor-version":[{"id":79526,"href":"https:\/\/brandss.com.py\/index\/wp-json\/wp\/v2\/product\/79516\/revisions\/79526"}],"wp:featuredmedia":[{"embeddable":true,"href":"https:\/\/brandss.com.py\/index\/wp-json\/wp\/v2\/media\/79517"}],"wp:attachment":[{"href":"https:\/\/brandss.com.py\/index\/wp-json\/wp\/v2\/media?parent=79516"}],"wp:term":[{"taxonomy":"product_brand","embeddable":true,"href":"https:\/\/brandss.com.py\/index\/wp-json\/wp\/v2\/product_brand?post=79516"},{"taxonomy":"product_cat","embeddable":true,"href":"https:\/\/brandss.com.py\/index\/wp-json\/wp\/v2\/product_cat?post=79516"},{"taxonomy":"product_tag","embeddable":true,"href":"https:\/\/brandss.com.py\/index\/wp-json\/wp\/v2\/product_tag?post=79516"}],"curies":[{"name":"wp","href":"https:\/\/api.w.org\/{rel}","templated":true}]}}