{"id":79527,"date":"2025-04-08T18:38:07","date_gmt":"2025-04-08T18:38:07","guid":{"rendered":"https:\/\/brandss.com.py\/index\/?post_type=product&#038;p=79527"},"modified":"2025-04-08T18:38:33","modified_gmt":"2025-04-08T18:38:33","slug":"set-de-ollas-haus-roland-hr115-1-de-acero-inoxidable-8-piezas","status":"publish","type":"product","link":"https:\/\/brandss.com.py\/index\/producto\/set-de-ollas-haus-roland-hr115-1-de-acero-inoxidable-8-piezas\/","title":{"rendered":"SET DE OLLAS HAUS ROLAND HR115-1 DE ACERO INOXIDABLE 8 PIEZAS"},"content":{"rendered":"<p><img loading=\"lazy\" decoding=\"async\" class=\"\" src=\"https:\/\/assets.wfcdn.com\/im\/58028869\/resize-h600-w600%5Ecompr-r85\/2769\/276977280\/HAUS+ROLAND.jpg\" alt=\"HAUS ROLAND | Wayfair\" width=\"146\" height=\"60\" \/><\/p>\n<h1>HR115-1<\/h1>\n<p>El de ollas de 8 piezas en acero inoxidable combina resistencia, funcionalidad y elegancia para tu cocina. Incluye 4 ollas con tapas de vidrio templado, dise\u00f1adas para conservar el calor y facilitar la cocci\u00f3n. Compatible con cocinas a gas, inducci\u00f3n, el\u00e9ctricas, hal\u00f3genas y vitrocer\u00e1micas, es ideal para cualquier tipo de cocina. Su material de acero inoxidable garantiza durabilidad, resistencia a altas temperaturas y f\u00e1cil limpieza. Permitiendo preparar desde peque\u00f1as porciones hasta comidas familiares. Adem\u00e1s, su dise\u00f1o moderno aporta un toque sofisticado a tu cocina.<\/p>\n<p><span>Juego de cacerolas HAUS ROLAND, 4 piezas, con tapa, f16, 18, 20, 24cm, acero inoxidable<\/span><br \/>\n<span>El juego se compone de:<\/span><br \/>\n<span>&#8211; cacerola 160&#215;9,5mm \/ 2,9 l;<\/span><br \/>\n<span>&#8211; cacerola 180&#215;10,5mm \/ 2,9 l;<\/span><br \/>\n<span>&#8211; cacerola 200&#215;11,5mm \/ 3,9 l;<\/span><br \/>\n<span>&#8211; cacerola 240x135mm \/ 5,1 l;<\/span><br \/>\n<span>Acero inoxidable 201, 0,4mm, cuerpo recto;<\/span><br \/>\n<span>Fondo: aluminio encapsulado de 0,5mm + acero de 2,5mm + aluminio de 0,5mm;<\/span><br \/>\n<span>Acabado interior: acabado de espejo con marca de litro;<\/span><br \/>\n<span>Revestimiento exterior: pulido de espejo + borde satinado;<\/span><br \/>\n<span>Tapa: vidrio templado, borde tipo C.<\/span><\/p>\n","protected":false},"excerpt":{"rendered":"<p>HR115-1 El de ollas de 8 piezas en acero inoxidable combina resistencia, funcionalidad y elegancia para tu cocina. Incluye 4<\/p>\n","protected":false},"featured_media":79528,"comment_status":"open","ping_status":"closed","template":"","meta":{"nf_dc_page":""},"product_brand":[],"product_cat":[83],"product_tag":[],"class_list":{"0":"post-79527","1":"product","2":"type-product","3":"status-publish","4":"has-post-thumbnail","6":"product_cat-hogar","8":"first","9":"instock","10":"shipping-taxable","11":"purchasable","12":"product-type-simple"},"_links":{"self":[{"href":"https:\/\/brandss.com.py\/index\/wp-json\/wp\/v2\/product\/79527","targetHints":{"allow":["GET"]}}],"collection":[{"href":"https:\/\/brandss.com.py\/index\/wp-json\/wp\/v2\/product"}],"about":[{"href":"https:\/\/brandss.com.py\/index\/wp-json\/wp\/v2\/types\/product"}],"replies":[{"embeddable":true,"href":"https:\/\/brandss.com.py\/index\/wp-json\/wp\/v2\/comments?post=79527"}],"version-history":[{"count":1,"href":"https:\/\/brandss.com.py\/index\/wp-json\/wp\/v2\/product\/79527\/revisions"}],"predecessor-version":[{"id":79534,"href":"https:\/\/brandss.com.py\/index\/wp-json\/wp\/v2\/product\/79527\/revisions\/79534"}],"wp:featuredmedia":[{"embeddable":true,"href":"https:\/\/brandss.com.py\/index\/wp-json\/wp\/v2\/media\/79528"}],"wp:attachment":[{"href":"https:\/\/brandss.com.py\/index\/wp-json\/wp\/v2\/media?parent=79527"}],"wp:term":[{"taxonomy":"product_brand","embeddable":true,"href":"https:\/\/brandss.com.py\/index\/wp-json\/wp\/v2\/product_brand?post=79527"},{"taxonomy":"product_cat","embeddable":true,"href":"https:\/\/brandss.com.py\/index\/wp-json\/wp\/v2\/product_cat?post=79527"},{"taxonomy":"product_tag","embeddable":true,"href":"https:\/\/brandss.com.py\/index\/wp-json\/wp\/v2\/product_tag?post=79527"}],"curies":[{"name":"wp","href":"https:\/\/api.w.org\/{rel}","templated":true}]}}