{"id":79599,"date":"2025-04-09T12:45:38","date_gmt":"2025-04-09T12:45:38","guid":{"rendered":"https:\/\/brandss.com.py\/index\/?post_type=product&#038;p=79599"},"modified":"2025-08-23T17:01:07","modified_gmt":"2025-08-23T17:01:07","slug":"perfume-masculino-brand-collection-dream-n214-invitus-victory-edp-25ml","status":"publish","type":"product","link":"https:\/\/brandss.com.py\/index\/producto\/perfume-masculino-brand-collection-dream-n214-invitus-victory-edp-25ml\/","title":{"rendered":"PERFUME MASCULINO BRAND COLLECTION DREAM N\u00b0214 INVITUS VICTORY EDP 25ML"},"content":{"rendered":"<p><img loading=\"lazy\" decoding=\"async\" class=\"\" src=\"https:\/\/brandcollectionperfume.com\/cdn\/shop\/files\/Untitled_design_1.png?v=1687781756&amp;width=500\" alt=\"Terms of Service \u2013 YouSmellSoGood\" width=\"142\" height=\"80\" \/><\/p>\n<h1>DREAM N\u00b0214 INVITUS VICTORY<\/h1>\n<p><span>El clima se est\u00e1 volviendo intenso y perd\u00e9rselo no es una opci\u00f3n. Perseguir haza\u00f1as y alcanzar tus metas vale la pena. Poner a prueba tus l\u00edmites hasta el extremo, superar todos los desaf\u00edos y ganar espl\u00e9ndidamente: este es el comienzo de una obsesi\u00f3n por la victoria. En lo m\u00e1s alto de la b\u00fasqueda del poder, <\/span>de la l\u00ednea Invictus, despierta a\u00fan m\u00e1s el deseo de victoria y \u00e9xito. El Eau de Parfum extremo provoca un verdadero impacto sensorial. En este intenso duelo chocan dos fuerzas: frescura y sensualidad. Invictus Victory <span>sublima dos combinaciones exclusivas, garantizando una fragancia duradera y de alta fijaci\u00f3n en este refrescante oriental.<\/span><\/p>\n<p><span>La primera impresi\u00f3n sorprende con un toque abrumador de frescura en las notas de salida: la vivacidad del lim\u00f3n resaltada por un incienso s\u00faper potente e intenso. Luego, en su coraz\u00f3n y base, una ola de profunda sensualidad: el suave vigor del haba tonka realzado por un aroma agudo de vainilla. La combinaci\u00f3n perfecta de frescura penetrante e intensidad magn\u00e9tica.<\/span><\/p>\n<p><strong><span>Acerca de la botella:<\/span><\/strong><br \/>\n<span>Fuerte y envolvente, nada puede detenerla. La ic\u00f3nica botella de Invictus, trofeo digno de los m\u00e1s grandes campeones, reaparece por primera vez en un tono negro brillante y extremadamente potente. Su tapa tambi\u00e9n luce un nuevo color: negro mate intenso, creando un contraste n\u00edtido pero armonioso con la diosa Olympe\u00e1 Blossom. Una intensidad sin precedentes, exaltada en su centro por una imponente V dorada.<\/span><\/p>\n<h3>Notas Olfativas<\/h3>\n<p><strong>Notas de salida:<\/strong> pimienta rosa y lim\u00f3n.<\/p>\n<p><strong>Notas de coraz\u00f3n:<\/strong> lavanda e incienso.<\/p>\n<p><strong>Notas de fondo:<\/strong> vainilla, haba tonka y \u00e1mbar.<\/p>\n","protected":false},"excerpt":{"rendered":"<p>DREAM N\u00b0214 INVITUS VICTORY El clima se est\u00e1 volviendo intenso y perd\u00e9rselo no es una opci\u00f3n. Perseguir haza\u00f1as y alcanzar<\/p>\n","protected":false},"featured_media":79608,"comment_status":"open","ping_status":"closed","template":"","meta":{"nf_dc_page":""},"product_brand":[],"product_cat":[84],"product_tag":[],"class_list":{"0":"post-79599","1":"product","2":"type-product","3":"status-publish","4":"has-post-thumbnail","6":"product_cat-perfumeria","8":"first","9":"outofstock","10":"shipping-taxable","11":"purchasable","12":"product-type-simple"},"_links":{"self":[{"href":"https:\/\/brandss.com.py\/index\/wp-json\/wp\/v2\/product\/79599","targetHints":{"allow":["GET"]}}],"collection":[{"href":"https:\/\/brandss.com.py\/index\/wp-json\/wp\/v2\/product"}],"about":[{"href":"https:\/\/brandss.com.py\/index\/wp-json\/wp\/v2\/types\/product"}],"replies":[{"embeddable":true,"href":"https:\/\/brandss.com.py\/index\/wp-json\/wp\/v2\/comments?post=79599"}],"version-history":[{"count":1,"href":"https:\/\/brandss.com.py\/index\/wp-json\/wp\/v2\/product\/79599\/revisions"}],"predecessor-version":[{"id":79612,"href":"https:\/\/brandss.com.py\/index\/wp-json\/wp\/v2\/product\/79599\/revisions\/79612"}],"wp:featuredmedia":[{"embeddable":true,"href":"https:\/\/brandss.com.py\/index\/wp-json\/wp\/v2\/media\/79608"}],"wp:attachment":[{"href":"https:\/\/brandss.com.py\/index\/wp-json\/wp\/v2\/media?parent=79599"}],"wp:term":[{"taxonomy":"product_brand","embeddable":true,"href":"https:\/\/brandss.com.py\/index\/wp-json\/wp\/v2\/product_brand?post=79599"},{"taxonomy":"product_cat","embeddable":true,"href":"https:\/\/brandss.com.py\/index\/wp-json\/wp\/v2\/product_cat?post=79599"},{"taxonomy":"product_tag","embeddable":true,"href":"https:\/\/brandss.com.py\/index\/wp-json\/wp\/v2\/product_tag?post=79599"}],"curies":[{"name":"wp","href":"https:\/\/api.w.org\/{rel}","templated":true}]}}