{"id":79613,"date":"2025-04-09T12:49:33","date_gmt":"2025-04-09T12:49:33","guid":{"rendered":"https:\/\/brandss.com.py\/index\/?post_type=product&#038;p=79613"},"modified":"2025-07-07T17:58:05","modified_gmt":"2025-07-07T17:58:05","slug":"calzado-deportivo-masculino-nike-jordan-1-golf-nrg-low","status":"publish","type":"product","link":"https:\/\/brandss.com.py\/index\/producto\/calzado-deportivo-masculino-nike-jordan-1-golf-nrg-low\/","title":{"rendered":"CALZADO DEPORTIVO MASCULINO NIKE JORDAN 1 GOLF NRG LOW"},"content":{"rendered":"<p><img decoding=\"async\" src=\"https:\/\/encrypted-tbn0.gstatic.com\/images?q=tbn:ANd9GcSwxWjbiOX8rYuq720FgrIefCPVC-y-gHSUYg&amp;s\" alt=\"Logo Nike PNG transparente - StickPNG\" \/><\/p>\n<h1 data-start=\"202\" data-end=\"246\"><strong data-start=\"206\" data-end=\"244\">AIR JORDAN 1 LOW GOLF \u2013 FZ4159-100<\/strong><\/h1>\n<p class=\"\" data-start=\"247\" data-end=\"290\"><strong data-start=\"247\" data-end=\"290\">El futuro del golf se viste con estilo.<\/strong><\/p>\n<p class=\"\" data-start=\"292\" data-end=\"721\">Imagin\u00e1 c\u00f3mo ser\u00e1 el golf dentro de unos a\u00f1os: m\u00e1s vibrante, m\u00e1s conectado con la cultura, y definitivamente m\u00e1s audaz. Las nuevas <strong data-start=\"423\" data-end=\"448\">Air Jordan 1 Low Golf<\/strong> capturan ese esp\u00edritu vanguardista con un dise\u00f1o que combina <strong data-start=\"510\" data-end=\"568\">lujo moderno, rendimiento t\u00e9cnico y herencia deportiva<\/strong>. Este modelo especial celebra el futuro del golf sin olvidar sus ra\u00edces, integrando detalles premium y caracter\u00edsticas funcionales listas para el campo.<\/p>\n<p class=\"\" data-start=\"723\" data-end=\"1066\">La silueta ic\u00f3nica del <strong data-start=\"746\" data-end=\"757\">AJ1 Low<\/strong> se reinterpreta con una est\u00e9tica futurista gracias a sus <strong data-start=\"815\" data-end=\"879\">acabados iridiscentes, superposici\u00f3n met\u00e1lica y doble Swoosh<\/strong>, que aportan un look sofisticado y llamativo. Es un gui\u00f1o visual al futuro del deporte, representando c\u00f3mo la innovaci\u00f3n y el estilo est\u00e1n redefiniendo el golf como experiencia cultural.<\/p>\n<p class=\"\" data-start=\"1068\" data-end=\"1337\">Conservando los elementos que hicieron al Jordan 1 una leyenda, esta versi\u00f3n incluye <strong data-start=\"1153\" data-end=\"1170\">cuero genuino<\/strong>, el cl\u00e1sico <strong data-start=\"1183\" data-end=\"1219\">logotipo de las Alas en el tal\u00f3n<\/strong>, y la <strong data-start=\"1226\" data-end=\"1252\">amortiguaci\u00f3n Nike Air<\/strong>, que garantiza comodidad y suavidad en cada paso, tanto dentro como fuera del green.<\/p>\n<p class=\"\" data-start=\"1339\" data-end=\"1705\">Pero m\u00e1s all\u00e1 del estilo, estas AJ1 Low est\u00e1n listas para jugar en serio. Su <strong data-start=\"1416\" data-end=\"1462\">suela especializada con patr\u00f3n de tracci\u00f3n<\/strong> est\u00e1 dise\u00f1ada para ofrecer agarre confiable y estabilidad durante los 18 hoyos. Es un calzado que respeta la tradici\u00f3n del golf, pero con una energ\u00eda renovada, pensada para las nuevas generaciones que buscan rendir y destacar al mismo tiempo.<\/p>\n<p class=\"\" data-start=\"1707\" data-end=\"1900\">Con su combinaci\u00f3n en <strong data-start=\"1729\" data-end=\"1747\">blanco y negro<\/strong> sobria pero elegante, estas zapatillas funcionan como una pieza de lujo funcional para los entusiastas del golf que tambi\u00e9n aprecian la cultura sneaker.<\/p>\n<hr class=\"\" data-start=\"1902\" data-end=\"1905\" \/>\n<h3 class=\"\" data-start=\"1907\" data-end=\"1941\"><strong data-start=\"1911\" data-end=\"1941\">CARACTER\u00cdSTICAS DESTACADAS<\/strong><\/h3>\n<ul data-start=\"1943\" data-end=\"2625\">\n<li class=\"\" data-start=\"1943\" data-end=\"1980\">\n<p class=\"\" data-start=\"1945\" data-end=\"1980\"><strong data-start=\"1945\" data-end=\"1956\">Modelo:<\/strong> Air Jordan 1 Low Golf<\/p>\n<\/li>\n<li class=\"\" data-start=\"2010\" data-end=\"2046\">\n<p class=\"\" data-start=\"2012\" data-end=\"2046\"><strong data-start=\"2012\" data-end=\"2031\">Color mostrado:<\/strong> Blanco\/Negro<\/p>\n<\/li>\n<li class=\"\" data-start=\"2047\" data-end=\"2126\">\n<p class=\"\" data-start=\"2049\" data-end=\"2126\"><strong data-start=\"2049\" data-end=\"2072\">Materiales premium:<\/strong> Cuero genuino con detalles met\u00e1licos e iridiscentes<\/p>\n<\/li>\n<li class=\"\" data-start=\"2127\" data-end=\"2193\">\n<p class=\"\" data-start=\"2129\" data-end=\"2193\"><strong data-start=\"2129\" data-end=\"2146\">Doble Swoosh:<\/strong> Aporta una est\u00e9tica moderna y diferenciadora<\/p>\n<\/li>\n<li class=\"\" data-start=\"2194\" data-end=\"2260\">\n<p class=\"\" data-start=\"2196\" data-end=\"2260\"><strong data-start=\"2196\" data-end=\"2223\">Amortiguaci\u00f3n Nike Air:<\/strong> Confort duradero y respuesta suave<\/p>\n<\/li>\n<li class=\"\" data-start=\"2261\" data-end=\"2350\">\n<p class=\"\" data-start=\"2263\" data-end=\"2350\"><strong data-start=\"2263\" data-end=\"2296\">Logotipo de las Alas cl\u00e1sico:<\/strong> Presente en el tal\u00f3n como homenaje al legado Jordan<\/p>\n<\/li>\n<li class=\"\" data-start=\"2351\" data-end=\"2446\">\n<p class=\"\" data-start=\"2353\" data-end=\"2446\"><strong data-start=\"2353\" data-end=\"2397\">Suela con tracci\u00f3n espec\u00edfica para golf:<\/strong> Agarre y estabilidad durante todo el recorrido<\/p>\n<\/li>\n<li class=\"\" data-start=\"2447\" data-end=\"2546\">\n<p class=\"\" data-start=\"2449\" data-end=\"2546\"><strong data-start=\"2449\" data-end=\"2465\">Inspiraci\u00f3n:<\/strong> Una mirada al futuro del golf con una perspectiva de lujo y cultura streetwear<\/p>\n<\/li>\n<li class=\"\" data-start=\"2547\" data-end=\"2625\">\n<p class=\"\" data-start=\"2549\" data-end=\"2625\"><strong data-start=\"2549\" data-end=\"2569\">Uso recomendado:<\/strong> Golf, estilo urbano premium, uso casual de alto impacto<\/p>\n<\/li>\n<\/ul>\n","protected":false},"excerpt":{"rendered":"<p>AIR JORDAN 1 LOW GOLF \u2013 FZ4159-100 El futuro del golf se viste con estilo. Imagin\u00e1 c\u00f3mo ser\u00e1 el golf<\/p>\n","protected":false},"featured_media":79614,"comment_status":"open","ping_status":"closed","template":"","meta":{"nf_dc_page":""},"product_brand":[],"product_cat":[76],"product_tag":[],"class_list":{"0":"post-79613","1":"product","2":"type-product","3":"status-publish","4":"has-post-thumbnail","6":"product_cat-masculino","8":"first","9":"outofstock","10":"shipping-taxable","11":"purchasable","12":"product-type-simple"},"_links":{"self":[{"href":"https:\/\/brandss.com.py\/index\/wp-json\/wp\/v2\/product\/79613","targetHints":{"allow":["GET"]}}],"collection":[{"href":"https:\/\/brandss.com.py\/index\/wp-json\/wp\/v2\/product"}],"about":[{"href":"https:\/\/brandss.com.py\/index\/wp-json\/wp\/v2\/types\/product"}],"replies":[{"embeddable":true,"href":"https:\/\/brandss.com.py\/index\/wp-json\/wp\/v2\/comments?post=79613"}],"version-history":[{"count":2,"href":"https:\/\/brandss.com.py\/index\/wp-json\/wp\/v2\/product\/79613\/revisions"}],"predecessor-version":[{"id":79624,"href":"https:\/\/brandss.com.py\/index\/wp-json\/wp\/v2\/product\/79613\/revisions\/79624"}],"wp:featuredmedia":[{"embeddable":true,"href":"https:\/\/brandss.com.py\/index\/wp-json\/wp\/v2\/media\/79614"}],"wp:attachment":[{"href":"https:\/\/brandss.com.py\/index\/wp-json\/wp\/v2\/media?parent=79613"}],"wp:term":[{"taxonomy":"product_brand","embeddable":true,"href":"https:\/\/brandss.com.py\/index\/wp-json\/wp\/v2\/product_brand?post=79613"},{"taxonomy":"product_cat","embeddable":true,"href":"https:\/\/brandss.com.py\/index\/wp-json\/wp\/v2\/product_cat?post=79613"},{"taxonomy":"product_tag","embeddable":true,"href":"https:\/\/brandss.com.py\/index\/wp-json\/wp\/v2\/product_tag?post=79613"}],"curies":[{"name":"wp","href":"https:\/\/api.w.org\/{rel}","templated":true}]}}