{"id":79625,"date":"2025-04-09T13:16:41","date_gmt":"2025-04-09T13:16:41","guid":{"rendered":"https:\/\/brandss.com.py\/index\/?post_type=product&#038;p=79625"},"modified":"2025-11-04T17:53:17","modified_gmt":"2025-11-04T17:53:17","slug":"calzado-casual-masculino-nike-blazer-mid-77-layers-of-love","status":"publish","type":"product","link":"https:\/\/brandss.com.py\/index\/producto\/calzado-casual-masculino-nike-blazer-mid-77-layers-of-love\/","title":{"rendered":"CALZADO CASUAL MASCULINO NIKE BLAZER MID 77 LAYERS OF LOVE"},"content":{"rendered":"<p><img decoding=\"async\" src=\"https:\/\/encrypted-tbn0.gstatic.com\/images?q=tbn:ANd9GcSwxWjbiOX8rYuq720FgrIefCPVC-y-gHSUYg&amp;s\" alt=\"Logo Nike PNG transparente - StickPNG\" \/><\/p>\n<h1 data-start=\"159\" data-end=\"211\"><strong data-start=\"163\" data-end=\"209\">NIKE BLAZER MID 77 VINTAGE &#8211; CAPAS DE AMOR<\/strong><\/h1>\n<h1 data-start=\"159\" data-end=\"211\"><strong data-start=\"239\" data-end=\"288\">Un tributo al legado, una capa extra de amor.<\/strong><\/h1>\n<p class=\"\" data-start=\"290\" data-end=\"612\">Las <strong data-start=\"294\" data-end=\"340\">Nike Blazer Mid 77 Vintage &#8220;Capas de Amor&#8221;<\/strong> rinden homenaje a la historia del baloncesto con una versi\u00f3n moderna y \u00fanica de un cl\u00e1sico. Inspiradas en los primeros a\u00f1os de las Blazer, estas zapatillas combinan un dise\u00f1o retro con detalles contempor\u00e1neos, creando un equilibrio perfecto entre el pasado y el presente.<\/p>\n<p class=\"\" data-start=\"614\" data-end=\"993\">La parte superior de <strong data-start=\"635\" data-end=\"659\">cuero suave y gamuza<\/strong> ofrece una textura premium, mientras que los <strong data-start=\"705\" data-end=\"729\">detalles envejecidos<\/strong> de la silueta, como el dise\u00f1o desgastado en la entresuela y la suela, evocan la nostalgia de las primeras generaciones de Blazer. Este look vintage es resaltado por un <strong data-start=\"898\" data-end=\"926\">sutil tono Rojo Gimnasio<\/strong>, que a\u00f1ade un toque de frescura y vitalidad a este modelo ic\u00f3nico.<\/p>\n<p class=\"\" data-start=\"995\" data-end=\"1438\">El modelo <strong data-start=\"1005\" data-end=\"1015\">Mid 77<\/strong> mantiene su <strong data-start=\"1028\" data-end=\"1064\">silhouette cl\u00e1sica de corte alto<\/strong>, proporcionando soporte y estabilidad en cada paso, mientras que la <strong data-start=\"1133\" data-end=\"1171\">suela de goma con patr\u00f3n de espiga<\/strong> ofrece tracci\u00f3n y durabilidad, asegurando que estas zapatillas sean tan funcionales como estilosas. Adem\u00e1s, el <strong data-start=\"1283\" data-end=\"1293\">Swoosh<\/strong> en el lateral, con su dise\u00f1o limpio y distintivo, no solo representa la historia de Nike, sino que tambi\u00e9n resalta el estilo urbano de la pieza.<\/p>\n<p class=\"\" data-start=\"1440\" data-end=\"1650\">Estas Blazer no solo son para los fan\u00e1ticos del baloncesto, sino tambi\u00e9n para aquellos que buscan una pieza de estilo retro que pueda llevarse en cualquier momento y lugar, ofreciendo un look \u00fanico y atemporal.<\/p>\n<hr class=\"\" data-start=\"1652\" data-end=\"1655\" \/>\n<h3 class=\"\" data-start=\"1657\" data-end=\"1691\"><strong data-start=\"1661\" data-end=\"1691\">CARACTER\u00cdSTICAS DESTACADAS<\/strong><\/h3>\n<ul data-start=\"1693\" data-end=\"2419\">\n<li class=\"\" data-start=\"1693\" data-end=\"1751\">\n<p class=\"\" data-start=\"1695\" data-end=\"1751\"><strong data-start=\"1695\" data-end=\"1706\">Estilo:<\/strong> Nike Blazer Mid 77 Vintage &#8220;Capas de Amor&#8221;<\/p>\n<\/li>\n<li class=\"\" data-start=\"1752\" data-end=\"1780\">\n<p class=\"\" data-start=\"1754\" data-end=\"1780\"><strong data-start=\"1754\" data-end=\"1767\">Estilo #:<\/strong> FZ4039-687<\/p>\n<\/li>\n<li class=\"\" data-start=\"1781\" data-end=\"1818\">\n<p class=\"\" data-start=\"1783\" data-end=\"1818\"><strong data-start=\"1783\" data-end=\"1802\">Color mostrado:<\/strong> Rojo Gimnasio<\/p>\n<\/li>\n<li class=\"\" data-start=\"1819\" data-end=\"1907\">\n<p class=\"\" data-start=\"1821\" data-end=\"1907\"><strong data-start=\"1821\" data-end=\"1836\">Materiales:<\/strong> Parte superior de cuero y gamuza para un toque premium y durabilidad<\/p>\n<\/li>\n<li class=\"\" data-start=\"1908\" data-end=\"2006\">\n<p class=\"\" data-start=\"1910\" data-end=\"2006\"><strong data-start=\"1910\" data-end=\"1927\">Dise\u00f1o retro:<\/strong> Detalles desgastados en la entresuela y suela para un look vintage aut\u00e9ntico<\/p>\n<\/li>\n<li class=\"\" data-start=\"2007\" data-end=\"2068\">\n<p class=\"\" data-start=\"2009\" data-end=\"2068\"><strong data-start=\"2009\" data-end=\"2028\">Swoosh ic\u00f3nico:<\/strong> Emblema cl\u00e1sico de Nike en el lateral<\/p>\n<\/li>\n<li class=\"\" data-start=\"2069\" data-end=\"2148\">\n<p class=\"\" data-start=\"2071\" data-end=\"2148\"><strong data-start=\"2071\" data-end=\"2110\">Suela de goma con patr\u00f3n de espiga:<\/strong> Agarre superior y tracci\u00f3n duradera<\/p>\n<\/li>\n<li class=\"\" data-start=\"2149\" data-end=\"2225\">\n<p class=\"\" data-start=\"2151\" data-end=\"2225\"><strong data-start=\"2151\" data-end=\"2167\">Soporte Mid:<\/strong> Corte alto para mayor soporte en el tobillo y comodidad<\/p>\n<\/li>\n<li class=\"\" data-start=\"2226\" data-end=\"2313\">\n<p class=\"\" data-start=\"2228\" data-end=\"2313\"><strong data-start=\"2228\" data-end=\"2244\">Inspiraci\u00f3n:<\/strong> Un homenaje al legado del baloncesto con toques modernos y urbanos<\/p>\n<\/li>\n<li class=\"\" data-start=\"2314\" data-end=\"2419\">\n<p class=\"\" data-start=\"2316\" data-end=\"2419\"><strong data-start=\"2316\" data-end=\"2336\">Uso recomendado:<\/strong> Estilo casual, deportes urbanos, diario, o como un toque retro para cualquier look<\/p>\n<\/li>\n<\/ul>\n<p>&nbsp;<\/p>\n","protected":false},"excerpt":{"rendered":"<p>NIKE BLAZER MID 77 VINTAGE &#8211; CAPAS DE AMOR Un tributo al legado, una capa extra de amor. Las Nike<\/p>\n","protected":false},"featured_media":79626,"comment_status":"open","ping_status":"closed","template":"","meta":{"nf_dc_page":""},"product_brand":[],"product_cat":[76],"product_tag":[],"class_list":{"0":"post-79625","1":"product","2":"type-product","3":"status-publish","4":"has-post-thumbnail","6":"product_cat-masculino","8":"first","9":"instock","10":"shipping-taxable","11":"purchasable","12":"product-type-simple"},"_links":{"self":[{"href":"https:\/\/brandss.com.py\/index\/wp-json\/wp\/v2\/product\/79625","targetHints":{"allow":["GET"]}}],"collection":[{"href":"https:\/\/brandss.com.py\/index\/wp-json\/wp\/v2\/product"}],"about":[{"href":"https:\/\/brandss.com.py\/index\/wp-json\/wp\/v2\/types\/product"}],"replies":[{"embeddable":true,"href":"https:\/\/brandss.com.py\/index\/wp-json\/wp\/v2\/comments?post=79625"}],"version-history":[{"count":1,"href":"https:\/\/brandss.com.py\/index\/wp-json\/wp\/v2\/product\/79625\/revisions"}],"predecessor-version":[{"id":79632,"href":"https:\/\/brandss.com.py\/index\/wp-json\/wp\/v2\/product\/79625\/revisions\/79632"}],"wp:featuredmedia":[{"embeddable":true,"href":"https:\/\/brandss.com.py\/index\/wp-json\/wp\/v2\/media\/79626"}],"wp:attachment":[{"href":"https:\/\/brandss.com.py\/index\/wp-json\/wp\/v2\/media?parent=79625"}],"wp:term":[{"taxonomy":"product_brand","embeddable":true,"href":"https:\/\/brandss.com.py\/index\/wp-json\/wp\/v2\/product_brand?post=79625"},{"taxonomy":"product_cat","embeddable":true,"href":"https:\/\/brandss.com.py\/index\/wp-json\/wp\/v2\/product_cat?post=79625"},{"taxonomy":"product_tag","embeddable":true,"href":"https:\/\/brandss.com.py\/index\/wp-json\/wp\/v2\/product_tag?post=79625"}],"curies":[{"name":"wp","href":"https:\/\/api.w.org\/{rel}","templated":true}]}}