{"id":79633,"date":"2025-04-09T13:41:33","date_gmt":"2025-04-09T13:41:33","guid":{"rendered":"https:\/\/brandss.com.py\/index\/?post_type=product&#038;p=79633"},"modified":"2025-08-23T14:06:19","modified_gmt":"2025-08-23T14:06:19","slug":"perfume-femenino-brand-collection-n062-ricci-ricci-nina-edp-25ml","status":"publish","type":"product","link":"https:\/\/brandss.com.py\/index\/producto\/perfume-femenino-brand-collection-n062-ricci-ricci-nina-edp-25ml\/","title":{"rendered":"PERFUME FEMENINO BRAND COLLECTION DREAM N\u00b0062 RICCI RICCI NINA EDP 25ML"},"content":{"rendered":"<p><img loading=\"lazy\" decoding=\"async\" class=\"\" src=\"https:\/\/brandcollectionperfume.com\/cdn\/shop\/files\/Untitled_design_1.png?v=1687781756&amp;width=500\" alt=\"Terms of Service \u2013 YouSmellSoGood\" width=\"109\" height=\"61\" \/><\/p>\n<h1>N\u00b0062 RICCI RICCI NINA<\/h1>\n<p><span>Es una fragancia cl\u00e1sica y rom\u00e1ntica, perfecta para las mujeres que valoran la feminidad y la delicadeza. Con su combinaci\u00f3n \u00fanica de notas frutales y florales, esta fragancia es una expresi\u00f3n de elegancia atemporal. Si buscas una fragancia que desprenda frescura y romanticismo.<\/span><\/p>\n<p><span>La apertura est\u00e1 marcada por una explosi\u00f3n de frutas c\u00edtricas, entre ellas el lim\u00f3n siciliano y la lima, que dan una sensaci\u00f3n refrescante y efervescente. La manzana verde a\u00f1ade un toque afrutado y jugoso, mientras que la mandarina proporciona un aroma vibrante y brillante;e<\/span><span>n el coraz\u00f3n de la fragancia, encontramos una encantadora mezcla de peon\u00eda y flor de azahar, que a\u00f1aden una nota floral y rom\u00e1ntica a la composici\u00f3n. Estas notas crean un aura de feminidad y delicadeza, dejando una impresi\u00f3n inolvidable; l<\/span><span>a base est\u00e1 compuesta por una suave combinaci\u00f3n de almizcle y manzana caramelizada, que le dan profundidad y calidez a la fragancia. Estas notas crean una sensaci\u00f3n reconfortante y envolvente, haciendo de Nina Ricci una fragancia perfecta para llevar durante todo el d\u00eda.<\/span><\/p>\n<h3>Notas Olfativas<\/h3>\n<p><strong><span>Notas de salida:<\/span><\/strong><span> Lim\u00f3n, lim\u00f3n siciliano.<\/span><br \/>\n<strong><span>Notas de coraz\u00f3n:<\/span><\/strong><span> Manzana, frambuesa.<\/span><br \/>\n<strong><span>Notas de fondo:<\/span><\/strong><span> Vainilla, caramelo, cedro.<\/span><\/p>\n","protected":false},"excerpt":{"rendered":"<p>N\u00b0062 RICCI RICCI NINA Es una fragancia cl\u00e1sica y rom\u00e1ntica, perfecta para las mujeres que valoran la feminidad y la<\/p>\n","protected":false},"featured_media":79634,"comment_status":"open","ping_status":"closed","template":"","meta":{"nf_dc_page":""},"product_brand":[],"product_cat":[84],"product_tag":[],"class_list":{"0":"post-79633","1":"product","2":"type-product","3":"status-publish","4":"has-post-thumbnail","6":"product_cat-perfumeria","8":"first","9":"instock","10":"shipping-taxable","11":"purchasable","12":"product-type-simple"},"_links":{"self":[{"href":"https:\/\/brandss.com.py\/index\/wp-json\/wp\/v2\/product\/79633","targetHints":{"allow":["GET"]}}],"collection":[{"href":"https:\/\/brandss.com.py\/index\/wp-json\/wp\/v2\/product"}],"about":[{"href":"https:\/\/brandss.com.py\/index\/wp-json\/wp\/v2\/types\/product"}],"replies":[{"embeddable":true,"href":"https:\/\/brandss.com.py\/index\/wp-json\/wp\/v2\/comments?post=79633"}],"version-history":[{"count":2,"href":"https:\/\/brandss.com.py\/index\/wp-json\/wp\/v2\/product\/79633\/revisions"}],"predecessor-version":[{"id":79656,"href":"https:\/\/brandss.com.py\/index\/wp-json\/wp\/v2\/product\/79633\/revisions\/79656"}],"wp:featuredmedia":[{"embeddable":true,"href":"https:\/\/brandss.com.py\/index\/wp-json\/wp\/v2\/media\/79634"}],"wp:attachment":[{"href":"https:\/\/brandss.com.py\/index\/wp-json\/wp\/v2\/media?parent=79633"}],"wp:term":[{"taxonomy":"product_brand","embeddable":true,"href":"https:\/\/brandss.com.py\/index\/wp-json\/wp\/v2\/product_brand?post=79633"},{"taxonomy":"product_cat","embeddable":true,"href":"https:\/\/brandss.com.py\/index\/wp-json\/wp\/v2\/product_cat?post=79633"},{"taxonomy":"product_tag","embeddable":true,"href":"https:\/\/brandss.com.py\/index\/wp-json\/wp\/v2\/product_tag?post=79633"}],"curies":[{"name":"wp","href":"https:\/\/api.w.org\/{rel}","templated":true}]}}