{"id":79640,"date":"2025-04-09T13:52:17","date_gmt":"2025-04-09T13:52:17","guid":{"rendered":"https:\/\/brandss.com.py\/index\/?post_type=product&#038;p=79640"},"modified":"2025-04-09T13:53:40","modified_gmt":"2025-04-09T13:53:40","slug":"calzado-deportivo-masculino-nike-air-pegasus-89","status":"publish","type":"product","link":"https:\/\/brandss.com.py\/index\/producto\/calzado-deportivo-masculino-nike-air-pegasus-89\/","title":{"rendered":"CALZADO DEPORTIVO MASCULINO NIKE AIR PEGASUS &#8221; 89"},"content":{"rendered":"<p><img decoding=\"async\" src=\"https:\/\/encrypted-tbn0.gstatic.com\/images?q=tbn:ANd9GcSwxWjbiOX8rYuq720FgrIefCPVC-y-gHSUYg&amp;s\" alt=\"Logo Nike PNG transparente - StickPNG\" \/><\/p>\n<h1 data-start=\"135\" data-end=\"177\"><strong data-start=\"139\" data-end=\"175\">NIKE AIR PEGASUS &#8217;89 PARA HOMBRE<\/strong><\/h1>\n<p class=\"\" data-start=\"178\" data-end=\"212\"><strong data-start=\"178\" data-end=\"212\">Estilo retro, confort moderno.<\/strong><\/p>\n<p class=\"\" data-start=\"214\" data-end=\"666\">Las <strong data-start=\"218\" data-end=\"242\">Nike Air Pegasus &#8217;89<\/strong> son una fusi\u00f3n perfecta entre el <strong data-start=\"276\" data-end=\"294\">estilo cl\u00e1sico<\/strong> y la <strong data-start=\"300\" data-end=\"321\">comodidad moderna<\/strong>. Inspiradas en las primeras versiones de las Pegasus, estas zapatillas traen de vuelta el dise\u00f1o ic\u00f3nico con detalles renovados que mejoran la experiencia de uso. Ya sea para tu rutina diaria o como un toque de estilo retro en tu look, las Air Pegasus &#8217;89 no solo te ofrecen un aspecto legendario, sino tambi\u00e9n el m\u00e1ximo confort para cada paso.<\/p>\n<p class=\"\" data-start=\"668\" data-end=\"989\">La <strong data-start=\"671\" data-end=\"689\">parte superior<\/strong> de <strong data-start=\"693\" data-end=\"708\">ante y tela<\/strong> se inspira en las primeras versiones de las Pegasus, manteniendo la esencia vintage que las ha hecho populares. Esta combinaci\u00f3n de materiales no solo es resistente y duradera, sino que tambi\u00e9n permite una excelente transpiraci\u00f3n, manteniendo tus pies frescos durante todo el d\u00eda.<\/p>\n<p class=\"\" data-start=\"991\" data-end=\"1486\">En t\u00e9rminos de comodidad, las <strong data-start=\"1021\" data-end=\"1045\">Nike Air Pegasus &#8217;89<\/strong> incorporan una <strong data-start=\"1061\" data-end=\"1087\">unidad Air encapsulada<\/strong> en el tal\u00f3n que proporciona una <strong data-start=\"1120\" data-end=\"1146\">amortiguaci\u00f3n superior<\/strong>, haciendo que cada paso sea m\u00e1s suave y c\u00f3modo. Ya sea que est\u00e9s corriendo, caminando o simplemente disfrutando de un d\u00eda ajetreado, el confort es asegurado. Adem\u00e1s, la <strong data-start=\"1316\" data-end=\"1340\">entresuela de espuma<\/strong> se suma a la sensaci\u00f3n de amortiguaci\u00f3n, mientras que la <strong data-start=\"1398\" data-end=\"1415\">suela de goma<\/strong> asegura un <strong data-start=\"1427\" data-end=\"1446\">agarre duradero<\/strong> y tracci\u00f3n en todo tipo de superficies.<\/p>\n<p class=\"\" data-start=\"1488\" data-end=\"1691\">Estas zapatillas no solo son una pieza funcional para tu entrenamiento, sino tambi\u00e9n un b\u00e1sico del estilo retro que puedes usar en cualquier ocasi\u00f3n, combinando perfectamente con ropa casual y deportiva.<\/p>\n<hr class=\"\" data-start=\"1693\" data-end=\"1696\" \/>\n<h3 class=\"\" data-start=\"1698\" data-end=\"1732\"><strong data-start=\"1702\" data-end=\"1732\">CARACTER\u00cdSTICAS DESTACADAS<\/strong><\/h3>\n<ul data-start=\"1734\" data-end=\"2279\">\n<li class=\"\" data-start=\"1734\" data-end=\"1770\">\n<p class=\"\" data-start=\"1736\" data-end=\"1770\"><strong data-start=\"1736\" data-end=\"1747\">Modelo:<\/strong> Nike Air Pegasus &#8217;89<\/p>\n<\/li>\n<li class=\"\" data-start=\"1771\" data-end=\"1802\">\n<p class=\"\" data-start=\"1773\" data-end=\"1802\"><strong data-start=\"1773\" data-end=\"1784\">Estilo:<\/strong> Retro y moderno<\/p>\n<\/li>\n<li class=\"\" data-start=\"1803\" data-end=\"1896\">\n<p class=\"\" data-start=\"1805\" data-end=\"1896\"><strong data-start=\"1805\" data-end=\"1824\">Parte superior:<\/strong> Combinaci\u00f3n de <strong data-start=\"1840\" data-end=\"1848\">ante<\/strong> y <strong data-start=\"1851\" data-end=\"1859\">tela<\/strong> para un look cl\u00e1sico y durabilidad<\/p>\n<\/li>\n<li class=\"\" data-start=\"1897\" data-end=\"1979\">\n<p class=\"\" data-start=\"1899\" data-end=\"1979\"><strong data-start=\"1899\" data-end=\"1926\">Unidad Air encapsulada:<\/strong> Amortiguaci\u00f3n c\u00f3moda y respuesta suave en el tal\u00f3n<\/p>\n<\/li>\n<li class=\"\" data-start=\"1980\" data-end=\"2040\">\n<p class=\"\" data-start=\"1982\" data-end=\"2040\"><strong data-start=\"1982\" data-end=\"2007\">Entresuela de espuma:<\/strong> Confort adicional en cada paso<\/p>\n<\/li>\n<li class=\"\" data-start=\"2041\" data-end=\"2121\">\n<p class=\"\" data-start=\"2043\" data-end=\"2121\"><strong data-start=\"2043\" data-end=\"2061\">Suela de goma:<\/strong> Agarre duradero y tracci\u00f3n fiable en diversas superficies<\/p>\n<\/li>\n<li class=\"\" data-start=\"2122\" data-end=\"2209\">\n<p class=\"\" data-start=\"2124\" data-end=\"2209\"><strong data-start=\"2124\" data-end=\"2171\">Dise\u00f1o inspirado en las Pegasus originales:<\/strong> Estilo atemporal con detalles retro<\/p>\n<\/li>\n<li class=\"\" data-start=\"2210\" data-end=\"2279\">\n<p class=\"\" data-start=\"2212\" data-end=\"2279\"><strong data-start=\"2212\" data-end=\"2232\">Uso recomendado:<\/strong> Entrenamientos, uso diario, casual y deportivo<\/p>\n<\/li>\n<\/ul>\n","protected":false},"excerpt":{"rendered":"<p>NIKE AIR PEGASUS &#8217;89 PARA HOMBRE Estilo retro, confort moderno. Las Nike Air Pegasus &#8217;89 son una fusi\u00f3n perfecta entre<\/p>\n","protected":false},"featured_media":79641,"comment_status":"open","ping_status":"closed","template":"","meta":{"nf_dc_page":""},"product_brand":[],"product_cat":[76],"product_tag":[],"class_list":{"0":"post-79640","1":"product","2":"type-product","3":"status-publish","4":"has-post-thumbnail","6":"product_cat-masculino","8":"first","9":"instock","10":"shipping-taxable","11":"purchasable","12":"product-type-simple"},"_links":{"self":[{"href":"https:\/\/brandss.com.py\/index\/wp-json\/wp\/v2\/product\/79640","targetHints":{"allow":["GET"]}}],"collection":[{"href":"https:\/\/brandss.com.py\/index\/wp-json\/wp\/v2\/product"}],"about":[{"href":"https:\/\/brandss.com.py\/index\/wp-json\/wp\/v2\/types\/product"}],"replies":[{"embeddable":true,"href":"https:\/\/brandss.com.py\/index\/wp-json\/wp\/v2\/comments?post=79640"}],"version-history":[{"count":1,"href":"https:\/\/brandss.com.py\/index\/wp-json\/wp\/v2\/product\/79640\/revisions"}],"predecessor-version":[{"id":79648,"href":"https:\/\/brandss.com.py\/index\/wp-json\/wp\/v2\/product\/79640\/revisions\/79648"}],"wp:featuredmedia":[{"embeddable":true,"href":"https:\/\/brandss.com.py\/index\/wp-json\/wp\/v2\/media\/79641"}],"wp:attachment":[{"href":"https:\/\/brandss.com.py\/index\/wp-json\/wp\/v2\/media?parent=79640"}],"wp:term":[{"taxonomy":"product_brand","embeddable":true,"href":"https:\/\/brandss.com.py\/index\/wp-json\/wp\/v2\/product_brand?post=79640"},{"taxonomy":"product_cat","embeddable":true,"href":"https:\/\/brandss.com.py\/index\/wp-json\/wp\/v2\/product_cat?post=79640"},{"taxonomy":"product_tag","embeddable":true,"href":"https:\/\/brandss.com.py\/index\/wp-json\/wp\/v2\/product_tag?post=79640"}],"curies":[{"name":"wp","href":"https:\/\/api.w.org\/{rel}","templated":true}]}}