{"id":79663,"date":"2025-04-09T16:50:01","date_gmt":"2025-04-09T16:50:01","guid":{"rendered":"https:\/\/brandss.com.py\/index\/?post_type=product&#038;p=79663"},"modified":"2025-04-09T16:50:35","modified_gmt":"2025-04-09T16:50:35","slug":"calzado-deportivo-femenino-adidas-gamemode-fg","status":"publish","type":"product","link":"https:\/\/brandss.com.py\/index\/producto\/calzado-deportivo-femenino-adidas-gamemode-fg\/","title":{"rendered":"CALZADO DEPORTIVO FEMENINO ADIDAS GAMEMODE FG"},"content":{"rendered":"<p><img loading=\"lazy\" decoding=\"async\" class=\"\" src=\"https:\/\/encrypted-tbn0.gstatic.com\/images?q=tbn:ANd9GcQIO9HvRepmQOPQJtDj-jBhpxzG3DGQDZuYWA&amp;s\" alt=\"Logotipo de Adidas PNG transparente - StickPNG\" width=\"455\" height=\"285\" \/><\/p>\n<h1 data-start=\"182\" data-end=\"224\"><strong data-start=\"186\" data-end=\"222\">\u00a0Gamemode &#8220;Americana Mode&#8221;<\/strong><\/h1>\n<p class=\"\" data-start=\"225\" data-end=\"268\"><strong data-start=\"225\" data-end=\"268\">Juega con pasi\u00f3n. Expr\u00e9sate con estilo.<\/strong><\/p>\n<p class=\"\" data-start=\"270\" data-end=\"526\">\u00bfPor qu\u00e9 amamos el f\u00fatbol? Porque en el campo, no hay l\u00edmites. Podemos ser creativos, audaces y aut\u00e9nticos. Las <strong data-start=\"382\" data-end=\"418\">adidas Gamemode &#8220;Americana Mode&#8221;<\/strong> est\u00e1n hechas precisamente para eso: para que juegues el f\u00fatbol a tu manera, con libertad, estilo y actitud.<\/p>\n<p class=\"\" data-start=\"528\" data-end=\"891\">Dise\u00f1adas para rendir y destacar en cualquier cancha, estas botas presentan una <strong data-start=\"608\" data-end=\"652\">parte superior de punto suave y el\u00e1stico<\/strong>, que se adapta como un guante y permite calzarlas f\u00e1cilmente. Su ajuste universal est\u00e1 pensado para brindar <strong data-start=\"761\" data-end=\"797\">comodidad desde el primer minuto<\/strong>, sin importar tu tipo de pie, para que solo te concentres en lo que mejor sab\u00e9s hacer: jugar.<\/p>\n<p class=\"\" data-start=\"893\" data-end=\"1214\">Inspiradas en el esp\u00edritu estadounidense, la parte superior luce <strong data-start=\"958\" data-end=\"1001\">gr\u00e1ficos vibrantes de estrellas y rayas<\/strong>, evocando una est\u00e9tica patri\u00f3tica con un giro moderno. Este dise\u00f1o no solo rinde homenaje a la herencia cultural, sino que tambi\u00e9n se convierte en una plataforma para <strong data-start=\"1169\" data-end=\"1194\">expresar tu identidad<\/strong> a trav\u00e9s del juego.<\/p>\n<p class=\"\" data-start=\"1216\" data-end=\"1476\">La versatilidad tambi\u00e9n est\u00e1 en su base. Su <strong data-start=\"1260\" data-end=\"1277\">suela h\u00edbrida<\/strong> est\u00e1 dise\u00f1ada para ofrecer <strong data-start=\"1305\" data-end=\"1376\">excelente tracci\u00f3n tanto en terreno firme como en c\u00e9sped artificial<\/strong>, lo que te da la libertad de moverte y crear sin restricciones, sin importar el tipo de superficie.<\/p>\n<p class=\"\" data-start=\"1478\" data-end=\"1807\">Adem\u00e1s, estas botas est\u00e1n comprometidas con el futuro del planeta: est\u00e1n fabricadas con <strong data-start=\"1566\" data-end=\"1580\">Primegreen<\/strong>, una innovadora l\u00ednea de materiales reciclados de alto rendimiento. El 50 % de la parte superior est\u00e1 hecha con contenido reciclado y <strong data-start=\"1715\" data-end=\"1747\">no contiene poli\u00e9ster virgen<\/strong>, reafirmando el compromiso de adidas con la sostenibilidad.<\/p>\n<hr class=\"\" data-start=\"1809\" data-end=\"1812\" \/>\n<h3 class=\"\" data-start=\"1814\" data-end=\"1848\"><strong data-start=\"1818\" data-end=\"1848\">CARACTER\u00cdSTICAS DESTACADAS<\/strong><\/h3>\n<ul data-start=\"1850\" data-end=\"2767\">\n<li class=\"\" data-start=\"1850\" data-end=\"1977\">\n<p class=\"\" data-start=\"1852\" data-end=\"1977\"><strong data-start=\"1852\" data-end=\"1880\">Dise\u00f1o \u201cAmericana Mode\u201d:<\/strong> Est\u00e9tica vibrante con gr\u00e1ficos de estrellas y rayas, inspirados en la herencia estadounidense.<\/p>\n<\/li>\n<li class=\"\" data-start=\"1978\" data-end=\"2089\">\n<p class=\"\" data-start=\"1980\" data-end=\"2089\"><strong data-start=\"1980\" data-end=\"2011\">Parte superior HybridTouch:<\/strong> Material sint\u00e9tico suave y liviano que ofrece comodidad y un toque preciso.<\/p>\n<\/li>\n<li class=\"\" data-start=\"2090\" data-end=\"2187\">\n<p class=\"\" data-start=\"2092\" data-end=\"2187\"><strong data-start=\"2092\" data-end=\"2128\">Construcci\u00f3n en tejido el\u00e1stico:<\/strong> Permite un calce f\u00e1cil y un ajuste seguro tipo calcet\u00edn.<\/p>\n<\/li>\n<li class=\"\" data-start=\"2188\" data-end=\"2286\">\n<p class=\"\" data-start=\"2190\" data-end=\"2286\"><strong data-start=\"2190\" data-end=\"2211\">Ajuste universal:<\/strong> Dise\u00f1ado para adaptarse a diferentes formas de pie con m\u00e1xima comodidad.<\/p>\n<\/li>\n<li class=\"\" data-start=\"2287\" data-end=\"2414\">\n<p class=\"\" data-start=\"2289\" data-end=\"2414\"><strong data-start=\"2289\" data-end=\"2319\">Suela h\u00edbrida para f\u00fatbol:<\/strong> Proporciona tracci\u00f3n s\u00f3lida y vers\u00e1til en c\u00e9sped natural seco (FG) y c\u00e9sped artificial (AG).<\/p>\n<\/li>\n<li class=\"\" data-start=\"2415\" data-end=\"2553\">\n<p class=\"\" data-start=\"2417\" data-end=\"2553\"><strong data-start=\"2417\" data-end=\"2454\">Compromiso con la sostenibilidad:<\/strong> Producto fabricado con Primegreen; 50 % del upper con contenido reciclado, sin poli\u00e9ster virgen.<\/p>\n<\/li>\n<li class=\"\" data-start=\"2554\" data-end=\"2676\">\n<p class=\"\" data-start=\"2556\" data-end=\"2676\"><strong data-start=\"2556\" data-end=\"2583\">Modo de juego Gamemode:<\/strong> Dise\u00f1ado para fomentar la autoexpresi\u00f3n y celebrar la diversidad dentro y fuera del campo.<\/p>\n<\/li>\n<li class=\"\" data-start=\"2677\" data-end=\"2767\">\n<p class=\"\" data-start=\"2679\" data-end=\"2767\"><strong data-start=\"2679\" data-end=\"2699\">Uso recomendado:<\/strong> F\u00fatbol amateur o recreativo, en terrenos firmes y c\u00e9sped sint\u00e9tico.<\/p>\n<\/li>\n<\/ul>\n<p>&nbsp;<\/p>\n","protected":false},"excerpt":{"rendered":"<p>\u00a0Gamemode &#8220;Americana Mode&#8221; Juega con pasi\u00f3n. Expr\u00e9sate con estilo. \u00bfPor qu\u00e9 amamos el f\u00fatbol? Porque en el campo, no hay<\/p>\n","protected":false},"featured_media":79664,"comment_status":"open","ping_status":"closed","template":"","meta":{"nf_dc_page":""},"product_brand":[],"product_cat":[73],"product_tag":[],"class_list":{"0":"post-79663","1":"product","2":"type-product","3":"status-publish","4":"has-post-thumbnail","6":"product_cat-femenino","8":"first","9":"instock","10":"shipping-taxable","11":"purchasable","12":"product-type-simple"},"_links":{"self":[{"href":"https:\/\/brandss.com.py\/index\/wp-json\/wp\/v2\/product\/79663","targetHints":{"allow":["GET"]}}],"collection":[{"href":"https:\/\/brandss.com.py\/index\/wp-json\/wp\/v2\/product"}],"about":[{"href":"https:\/\/brandss.com.py\/index\/wp-json\/wp\/v2\/types\/product"}],"replies":[{"embeddable":true,"href":"https:\/\/brandss.com.py\/index\/wp-json\/wp\/v2\/comments?post=79663"}],"version-history":[{"count":1,"href":"https:\/\/brandss.com.py\/index\/wp-json\/wp\/v2\/product\/79663\/revisions"}],"predecessor-version":[{"id":79674,"href":"https:\/\/brandss.com.py\/index\/wp-json\/wp\/v2\/product\/79663\/revisions\/79674"}],"wp:featuredmedia":[{"embeddable":true,"href":"https:\/\/brandss.com.py\/index\/wp-json\/wp\/v2\/media\/79664"}],"wp:attachment":[{"href":"https:\/\/brandss.com.py\/index\/wp-json\/wp\/v2\/media?parent=79663"}],"wp:term":[{"taxonomy":"product_brand","embeddable":true,"href":"https:\/\/brandss.com.py\/index\/wp-json\/wp\/v2\/product_brand?post=79663"},{"taxonomy":"product_cat","embeddable":true,"href":"https:\/\/brandss.com.py\/index\/wp-json\/wp\/v2\/product_cat?post=79663"},{"taxonomy":"product_tag","embeddable":true,"href":"https:\/\/brandss.com.py\/index\/wp-json\/wp\/v2\/product_tag?post=79663"}],"curies":[{"name":"wp","href":"https:\/\/api.w.org\/{rel}","templated":true}]}}