{"id":79691,"date":"2025-04-09T19:15:08","date_gmt":"2025-04-09T19:15:08","guid":{"rendered":"https:\/\/brandss.com.py\/index\/?post_type=product&#038;p=79691"},"modified":"2025-08-23T14:19:25","modified_gmt":"2025-08-23T14:19:25","slug":"perfume-masculino-brand-collection-dream-n066-silver-wind-edp-25ml","status":"publish","type":"product","link":"https:\/\/brandss.com.py\/index\/producto\/perfume-masculino-brand-collection-dream-n066-silver-wind-edp-25ml\/","title":{"rendered":"PERFUME MASCULINO BRAND COLLECTION DREAM N\u00b0066 SILVER WIND EDP 25ML"},"content":{"rendered":"<p><img loading=\"lazy\" decoding=\"async\" class=\"\" src=\"https:\/\/brandcollectionperfume.com\/cdn\/shop\/files\/Untitled_design_1.png?v=1687781756&amp;width=500\" alt=\"Terms of Service \u2013 YouSmellSoGood\" width=\"126\" height=\"71\" \/><\/p>\n<h1>DREAM N\u00b0066 SILVER WIND<\/h1>\n<p><span>Es una fragancia magn\u00e9tica que captura la esencia del carisma y el poder. Con una cautivadora combinaci\u00f3n de notas c\u00edtricas, florales y amaderadas, esta fragancia es perfecta para hombres que desean transmitir un aura de confianza y distinci\u00f3n.<\/span><\/p>\n<p><span>La apertura<\/span>\u00a0est\u00e1 marcada por vibrantes notas c\u00edtricas de lim\u00f3n y naranja, que a\u00f1aden un toque de frescura y vitalidad a la fragancia. Luego, el coraz\u00f3n de la fragancia revela notas florales de lavanda y jazm\u00edn, aportando una suavidad y elegancia cautivadoras. En el coraz\u00f3n<span>\u00a0se destaca la llamativa presencia del s\u00e1ndalo y el haba tonka, ofreciendo una sofisticaci\u00f3n y riqueza incomparables a la fragancia. Estas notas se complementan con un suave toque de \u00e1mbar, creando una sensaci\u00f3n de calidez y lujuria. <\/span><span>La base <\/span><span>est\u00e1 compuesta por notas amaderadas de musgo de roble y vetiver, que aportan una profundidad y masculinidad duraderas a la fragancia. El toque final de vainilla a\u00f1ade una sensaci\u00f3n de dulzura y confort, dejando una impresi\u00f3n duradera.<\/span><\/p>\n<p><span>El frasco <\/span><span>es robusto y masculino, con su dise\u00f1o plateado que refleja la confianza y el poder de la fragancia. La textura met\u00e1lica transmite la durabilidad y fuerza de la fragancia, mientras que la forma rectangular a\u00f1ade un toque de elegancia moderna.<\/span><\/p>\n<h3>Notas Olfativas<\/h3>\n<p><span>Experimenta la sensaci\u00f3n magn\u00e9tica de <\/span>Silver Wind <span>y emprende un viaje de poder y distinci\u00f3n. Usa esta fragancia para expresar tu fuerza interior y transmitir tu confianza al mundo. Con <\/span>Silver Wind<strong><span>,<\/span><\/strong><span>\u00a0te conviertes en la encarnaci\u00f3n del carisma y el poder.<\/span><\/p>\n<p><strong><span>Notas de salida:<\/span><\/strong><span> Lim\u00f3n, naranja.<\/span><br \/>\n<strong><span>Notas de Coraz\u00f3n:<\/span><\/strong><span> Lavanda, Jazm\u00edn.<\/span><br \/>\n<strong><span>Notas de fondo:<\/span><\/strong><span> s\u00e1ndalo, haba tonka, \u00e1mbar, musgo de roble, vetiver y vainilla.<\/span><\/p>\n","protected":false},"excerpt":{"rendered":"<p>DREAM N\u00b0066 SILVER WIND Es una fragancia magn\u00e9tica que captura la esencia del carisma y el poder. Con una cautivadora<\/p>\n","protected":false},"featured_media":79692,"comment_status":"open","ping_status":"closed","template":"","meta":{"nf_dc_page":""},"product_brand":[],"product_cat":[84],"product_tag":[],"class_list":{"0":"post-79691","1":"product","2":"type-product","3":"status-publish","4":"has-post-thumbnail","6":"product_cat-perfumeria","8":"first","9":"outofstock","10":"shipping-taxable","11":"purchasable","12":"product-type-simple"},"_links":{"self":[{"href":"https:\/\/brandss.com.py\/index\/wp-json\/wp\/v2\/product\/79691","targetHints":{"allow":["GET"]}}],"collection":[{"href":"https:\/\/brandss.com.py\/index\/wp-json\/wp\/v2\/product"}],"about":[{"href":"https:\/\/brandss.com.py\/index\/wp-json\/wp\/v2\/types\/product"}],"replies":[{"embeddable":true,"href":"https:\/\/brandss.com.py\/index\/wp-json\/wp\/v2\/comments?post=79691"}],"version-history":[{"count":1,"href":"https:\/\/brandss.com.py\/index\/wp-json\/wp\/v2\/product\/79691\/revisions"}],"predecessor-version":[{"id":79696,"href":"https:\/\/brandss.com.py\/index\/wp-json\/wp\/v2\/product\/79691\/revisions\/79696"}],"wp:featuredmedia":[{"embeddable":true,"href":"https:\/\/brandss.com.py\/index\/wp-json\/wp\/v2\/media\/79692"}],"wp:attachment":[{"href":"https:\/\/brandss.com.py\/index\/wp-json\/wp\/v2\/media?parent=79691"}],"wp:term":[{"taxonomy":"product_brand","embeddable":true,"href":"https:\/\/brandss.com.py\/index\/wp-json\/wp\/v2\/product_brand?post=79691"},{"taxonomy":"product_cat","embeddable":true,"href":"https:\/\/brandss.com.py\/index\/wp-json\/wp\/v2\/product_cat?post=79691"},{"taxonomy":"product_tag","embeddable":true,"href":"https:\/\/brandss.com.py\/index\/wp-json\/wp\/v2\/product_tag?post=79691"}],"curies":[{"name":"wp","href":"https:\/\/api.w.org\/{rel}","templated":true}]}}