{"id":79717,"date":"2025-04-10T13:08:27","date_gmt":"2025-04-10T13:08:27","guid":{"rendered":"https:\/\/brandss.com.py\/index\/?post_type=product&#038;p=79717"},"modified":"2025-05-10T12:52:08","modified_gmt":"2025-05-10T12:52:08","slug":"perfume-femenino-brand-collection-dream-n074-si-rose-signature-edp-25ml","status":"publish","type":"product","link":"https:\/\/brandss.com.py\/index\/producto\/perfume-femenino-brand-collection-dream-n074-si-rose-signature-edp-25ml\/","title":{"rendered":"PERFUME FEMENINO BRAND COLLECTION DREAM N\u00b0074 S\u00cd ROSE SIGNATURE EDP 25ML"},"content":{"rendered":"<p><img loading=\"lazy\" decoding=\"async\" class=\"\" src=\"https:\/\/brandcollectionperfume.com\/cdn\/shop\/files\/Untitled_design_1.png?v=1687781756&amp;width=500\" alt=\"Terms of Service \u2013 YouSmellSoGood\" width=\"125\" height=\"70\" \/><\/p>\n<h1>DREAM N\u00b0074 S\u00cd ROSE SIGNATURE<\/h1>\n<p><span>Es una fragancia que captura la esencia de la elegancia y la feminidad. Esta es la opci\u00f3n ideal para las mujeres que desean expresar su sofisticaci\u00f3n natural y carisma cautivador. S\u00e9 aut\u00e9ntico pero a\u00f1ade un toque de misterio con esta encantadora fragancia.<\/span><\/p>\n<p><span>La apertura<\/span><span> se caracteriza por notas frutales chispeantes, como mandarina y pera. Estas notas iniciales aportan una sensaci\u00f3n de frescura y vitalidad, preparando el escenario para las capas m\u00e1s profundas de la fragancia.\u00a0<\/span><span>En el coraz\u00f3n de esta fragancia, encontramos la rosa, conocida como la reina de las flores. La rosa, estrella principal de este perfume, es venerada por su delicadeza y gracia. Notas florales de rosa se entrelazan con la feminidad y la elegancia, creando un aura de sofisticaci\u00f3n. <\/span><span>La base<\/span><span>\u00a0est\u00e1 compuesta por suaves notas amaderadas y almizcle, que le dan a la fragancia una profundidad duradera. El resultado es una fragancia cautivadora y memorable.<\/span><\/p>\n<h3>Notas Olfativas<\/h3>\n<p><span>Es la elecci\u00f3n ideal para todas las ocasiones, ya sea para una cita especial o para el uso diario. Utiliza esta fragancia para revelar tu lado m\u00e1s sofisticado y dejar tu huella all\u00e1 donde vayas. Con <\/span><strong><span>Si Rose Signature<\/span><\/strong><span>, encarnas la elegancia y el carisma.<\/span><\/p>\n<p><strong><span>Notas de salida:<\/span><\/strong><span> mandarina, pera.<\/span><br \/>\n<strong><span>Notas de coraz\u00f3n:<\/span><\/strong><span> Rosa.<\/span><br \/>\n<strong><span>Notas de fondo:<\/span><\/strong><span>\u00a0notas amaderadas, almizcle.<\/span><\/p>\n","protected":false},"excerpt":{"rendered":"<p>DREAM N\u00b0074 S\u00cd ROSE SIGNATURE Es una fragancia que captura la esencia de la elegancia y la feminidad. Esta es<\/p>\n","protected":false},"featured_media":79719,"comment_status":"open","ping_status":"closed","template":"","meta":{"nf_dc_page":""},"product_brand":[],"product_cat":[84],"product_tag":[],"class_list":{"0":"post-79717","1":"product","2":"type-product","3":"status-publish","4":"has-post-thumbnail","6":"product_cat-perfumeria","8":"first","9":"instock","10":"shipping-taxable","11":"purchasable","12":"product-type-simple"},"_links":{"self":[{"href":"https:\/\/brandss.com.py\/index\/wp-json\/wp\/v2\/product\/79717","targetHints":{"allow":["GET"]}}],"collection":[{"href":"https:\/\/brandss.com.py\/index\/wp-json\/wp\/v2\/product"}],"about":[{"href":"https:\/\/brandss.com.py\/index\/wp-json\/wp\/v2\/types\/product"}],"replies":[{"embeddable":true,"href":"https:\/\/brandss.com.py\/index\/wp-json\/wp\/v2\/comments?post=79717"}],"version-history":[{"count":1,"href":"https:\/\/brandss.com.py\/index\/wp-json\/wp\/v2\/product\/79717\/revisions"}],"predecessor-version":[{"id":79728,"href":"https:\/\/brandss.com.py\/index\/wp-json\/wp\/v2\/product\/79717\/revisions\/79728"}],"wp:featuredmedia":[{"embeddable":true,"href":"https:\/\/brandss.com.py\/index\/wp-json\/wp\/v2\/media\/79719"}],"wp:attachment":[{"href":"https:\/\/brandss.com.py\/index\/wp-json\/wp\/v2\/media?parent=79717"}],"wp:term":[{"taxonomy":"product_brand","embeddable":true,"href":"https:\/\/brandss.com.py\/index\/wp-json\/wp\/v2\/product_brand?post=79717"},{"taxonomy":"product_cat","embeddable":true,"href":"https:\/\/brandss.com.py\/index\/wp-json\/wp\/v2\/product_cat?post=79717"},{"taxonomy":"product_tag","embeddable":true,"href":"https:\/\/brandss.com.py\/index\/wp-json\/wp\/v2\/product_tag?post=79717"}],"curies":[{"name":"wp","href":"https:\/\/api.w.org\/{rel}","templated":true}]}}