{"id":79730,"date":"2025-04-10T13:40:28","date_gmt":"2025-04-10T13:40:28","guid":{"rendered":"https:\/\/brandss.com.py\/index\/?post_type=product&#038;p=79730"},"modified":"2025-08-23T14:28:45","modified_gmt":"2025-08-23T14:28:45","slug":"perfume-masculino-brand-collection-dream-n079-212-vip-wild-party-edp-25ml","status":"publish","type":"product","link":"https:\/\/brandss.com.py\/index\/producto\/perfume-masculino-brand-collection-dream-n079-212-vip-wild-party-edp-25ml\/","title":{"rendered":"PERFUME MASCULINO BRAND COLLECTION DREAM N\u00b0079 212 VIP WILD PARTY EDP 25ML"},"content":{"rendered":"<p><img loading=\"lazy\" decoding=\"async\" class=\"\" src=\"https:\/\/brandcollectionperfume.com\/cdn\/shop\/files\/Untitled_design_1.png?v=1687781756&amp;width=500\" alt=\"Terms of Service \u2013 YouSmellSoGood\" width=\"117\" height=\"66\" \/><\/p>\n<h1>DREAM N\u00b0079 212 VIP WILD PARTY<\/h1>\n<p><span>Es una fragancia sofisticada que encapsula el misterio y la elegancia, celebrando la dualidad del alma. Este perfume fue creado para quienes desean transmitir un aura de elegancia intrigante y cautivadora, ya sea en hombres o mujeres. <\/span>212 Vip Men Wild Party<span>\u00a0combina notas florales, c\u00edtricas y amaderadas de forma armoniosa, creando una experiencia olfativa a la vez ligera e intensa, sofisticada y audaz.<\/span><\/p>\n<p><span>Ya desde el principio, <\/span><span>revela una apertura refrescante y luminosa.\u00a0Destacan\u00a0notas de\u00a0<\/span>lim\u00f3n\u00a0y\u00a0t\u00e9 verde\u00a0, aportando una explosi\u00f3n c\u00edtrica que despierta los sentidos. El lim\u00f3n\u00a0aporta una acidez vibrante y en\u00e9rgica, mientras que\u00a0el t\u00e9\u00a0verde<span> a\u00f1ade un toque de frescura, equilibrando perfectamente el dulzor de las notas. Esta combinaci\u00f3n inicial refleja una sensaci\u00f3n de ligereza y vivacidad, preparando el escenario para el desarrollo de la fragancia.\u00a0<\/span><span>A medida que se desarrolla la fragancia, del coraz\u00f3n <\/span><span>emerge con un toque de sofisticaci\u00f3n floral. Las notas de\u00a0<\/span>jazm\u00edn\u00a0y\u00a0peon\u00eda\u00a0se manifiestan de forma delicada y refinada, a\u00f1adiendo un aura de gracia y elegancia a la composici\u00f3n. El jazm\u00edn\u00a0,\u00a0con su suavidad envolvente, se complementa con\u00a0la peon\u00eda<span> , cuya frescura y suavidad aportan una sensaci\u00f3n de floraci\u00f3n y delicadeza, haciendo que el coraz\u00f3n de la fragancia sea intrigante y envolvente.\u00a0<\/span><span>En el fondo <\/span><span>se transforma en una experiencia m\u00e1s profunda y misteriosa. Notas de\u00a0<\/span>\u00e1mbar\u00a0y\u00a0resinas\u00a0se entrelazan creando una base rica y lujosa que aporta complejidad y calidez a la fragancia. En conjunto, estas notas le dan a la composici\u00f3n un aura sofisticada, que combina perfectamente con las\u00a0notas amaderadas<span>, aportando profundidad y durabilidad. El musgo de roble\u00a0al final a\u00f1ade una sensaci\u00f3n terrosa e intensa, haciendo que la fragancia sea duradera e inolvidable.<\/span><\/p>\n<p><span>El frasco <\/span><span>refleja la complejidad y sofisticaci\u00f3n de la fragancia. Con su dise\u00f1o elegante y moderno, la botella presenta tonos intensos y un cristal transl\u00facido que refleja la naturaleza dual de la composici\u00f3n. Su refinada silueta es la expresi\u00f3n perfecta de sofisticaci\u00f3n, mientras que la transparencia del cristal transmite la ligereza y frescura de las notas de salida.<\/span><\/p>\n<h3>Notas Olfativas<\/h3>\n<p><span>Una fragancia perfecta para quienes buscan un perfume que combine elegancia, misterio e intensidad. Con sus notas de <\/span>lim\u00f3n\u00a0,\u00a0t\u00e9 verde\u00a0,\u00a0jazm\u00edn\u00a0,\u00a0peon\u00eda\u00a0,\u00a0\u00e1mbar\u00a0,\u00a0resinas\u00a0,\u00a0notas amaderadas\u00a0y\u00a0musgo de roble\u00a0,\u00a0el perfume 212 Vip Men Wild Party <span>\u00a0es la elecci\u00f3n ideal para quienes desean dejar una impresi\u00f3n impactante y duradera, explorando los l\u00edmites de la sofisticaci\u00f3n y el misterio.<\/span><\/p>\n<p>&nbsp;<\/p>\n<p data-pm-slice=\"1 1 []\"><strong><span>Notas de salida:<\/span><\/strong><span> Lim\u00f3n, t\u00e9 verde.<\/span><\/p>\n<p><strong><span>Notas de coraz\u00f3n:<\/span><\/strong><span> jazm\u00edn, peon\u00eda.<\/span><\/p>\n<p><strong><span>Notas de fondo:<\/span><\/strong><span>\u00a0\u00c1mbar, resinas, notas amaderadas, musgo de roble.<\/span><\/p>\n","protected":false},"excerpt":{"rendered":"<p>DREAM N\u00b0079 212 VIP WILD PARTY Es una fragancia sofisticada que encapsula el misterio y la elegancia, celebrando la dualidad<\/p>\n","protected":false},"featured_media":79732,"comment_status":"open","ping_status":"closed","template":"","meta":{"nf_dc_page":""},"product_brand":[],"product_cat":[84],"product_tag":[],"class_list":{"0":"post-79730","1":"product","2":"type-product","3":"status-publish","4":"has-post-thumbnail","6":"product_cat-perfumeria","8":"first","9":"outofstock","10":"shipping-taxable","11":"purchasable","12":"product-type-simple"},"_links":{"self":[{"href":"https:\/\/brandss.com.py\/index\/wp-json\/wp\/v2\/product\/79730","targetHints":{"allow":["GET"]}}],"collection":[{"href":"https:\/\/brandss.com.py\/index\/wp-json\/wp\/v2\/product"}],"about":[{"href":"https:\/\/brandss.com.py\/index\/wp-json\/wp\/v2\/types\/product"}],"replies":[{"embeddable":true,"href":"https:\/\/brandss.com.py\/index\/wp-json\/wp\/v2\/comments?post=79730"}],"version-history":[{"count":1,"href":"https:\/\/brandss.com.py\/index\/wp-json\/wp\/v2\/product\/79730\/revisions"}],"predecessor-version":[{"id":79743,"href":"https:\/\/brandss.com.py\/index\/wp-json\/wp\/v2\/product\/79730\/revisions\/79743"}],"wp:featuredmedia":[{"embeddable":true,"href":"https:\/\/brandss.com.py\/index\/wp-json\/wp\/v2\/media\/79732"}],"wp:attachment":[{"href":"https:\/\/brandss.com.py\/index\/wp-json\/wp\/v2\/media?parent=79730"}],"wp:term":[{"taxonomy":"product_brand","embeddable":true,"href":"https:\/\/brandss.com.py\/index\/wp-json\/wp\/v2\/product_brand?post=79730"},{"taxonomy":"product_cat","embeddable":true,"href":"https:\/\/brandss.com.py\/index\/wp-json\/wp\/v2\/product_cat?post=79730"},{"taxonomy":"product_tag","embeddable":true,"href":"https:\/\/brandss.com.py\/index\/wp-json\/wp\/v2\/product_tag?post=79730"}],"curies":[{"name":"wp","href":"https:\/\/api.w.org\/{rel}","templated":true}]}}