{"id":79745,"date":"2025-04-10T14:08:50","date_gmt":"2025-04-10T14:08:50","guid":{"rendered":"https:\/\/brandss.com.py\/index\/?post_type=product&#038;p=79745"},"modified":"2025-10-27T14:09:27","modified_gmt":"2025-10-27T14:09:27","slug":"perfume-femenino-brand-collection-dream-n080-ange-ou-demon-le-secret-edp-25ml","status":"publish","type":"product","link":"https:\/\/brandss.com.py\/index\/producto\/perfume-femenino-brand-collection-dream-n080-ange-ou-demon-le-secret-edp-25ml\/","title":{"rendered":"PERFUME FEMENINO BRAND COLLECTION DREAM N\u00b0080 ANGE OU DEMON LE SECRET EDP 25ML"},"content":{"rendered":"<p><img loading=\"lazy\" decoding=\"async\" class=\"\" src=\"https:\/\/brandcollectionperfume.com\/cdn\/shop\/files\/Untitled_design_1.png?v=1687781756&amp;width=500\" alt=\"Terms of Service \u2013 YouSmellSoGood\" width=\"164\" height=\"92\" \/><\/p>\n<h1>DREAM N\u00b0080 ANGE OU DEMON LE SECRET<\/h1>\n<p style=\"font-weight: 400\">Es una fragancia sofisticada que encarna el misterio de la feminidad y celebra la dualidad del alma. Con una fusi\u00f3n armoniosa de notas florales, c\u00edtricas y amaderadas, esta fragancia est\u00e1 hecha para hombres y mujeres que desean transmitir un aura de elegancia misteriosa.<\/p>\n<p style=\"font-weight: 400\">La apertura est\u00e1 dominada por notas c\u00edtricas brillantes, como el lim\u00f3n y el t\u00e9 verde, que aportan un resplandor fresco y cautivador a la fragancia. Poco despu\u00e9s, emergen delicados acordes florales de jazm\u00edn y peon\u00eda, infundiendo una sensaci\u00f3n de gracia y refinamiento a la composici\u00f3n. En el coraz\u00f3n la presencia envolvente del \u00e1mbar y las resinas se funde en un aura de misterio y lujo. Estos acordes est\u00e1n h\u00e1bilmente equilibrados con notas amaderadas, creando profundidad. La base es rica e intensa, con un toque final de musgo de roble, que refleja el car\u00e1cter opulento e inolvidable de la fragancia.<\/p>\n<h3>Notas Olfativas<\/h3>\n<p style=\"font-weight: 400\">Sum\u00e9rgete en la experiencia y perm\u00edtete explorar los l\u00edmites de la elegancia. Con esta fragancia, te convertir\u00e1s en la encarnaci\u00f3n de una sofisticaci\u00f3n misteriosa y atemporal.<\/p>\n<p style=\"font-weight: 400\"><b><strong>Notas de salida:<\/strong><\/b> \u00a0Lim\u00f3n, t\u00e9 verde.<\/p>\n<p style=\"font-weight: 400\"><b><strong>Notas de coraz\u00f3n:<\/strong><\/b> \u00a0jazm\u00edn, peon\u00eda.<\/p>\n<p style=\"font-weight: 400\"><b><strong>Notas de fondo:\u00a0<\/strong><\/b>\u00a0\u00c1mbar, resinas, notas amaderadas, musgo de roble.<\/p>\n","protected":false},"excerpt":{"rendered":"<p>DREAM N\u00b0080 ANGE OU DEMON LE SECRET Es una fragancia sofisticada que encarna el misterio de la feminidad y celebra<\/p>\n","protected":false},"featured_media":79763,"comment_status":"open","ping_status":"closed","template":"","meta":{"nf_dc_page":""},"product_brand":[],"product_cat":[84],"product_tag":[],"class_list":{"0":"post-79745","1":"product","2":"type-product","3":"status-publish","4":"has-post-thumbnail","6":"product_cat-perfumeria","8":"first","9":"instock","10":"shipping-taxable","11":"purchasable","12":"product-type-simple"},"_links":{"self":[{"href":"https:\/\/brandss.com.py\/index\/wp-json\/wp\/v2\/product\/79745","targetHints":{"allow":["GET"]}}],"collection":[{"href":"https:\/\/brandss.com.py\/index\/wp-json\/wp\/v2\/product"}],"about":[{"href":"https:\/\/brandss.com.py\/index\/wp-json\/wp\/v2\/types\/product"}],"replies":[{"embeddable":true,"href":"https:\/\/brandss.com.py\/index\/wp-json\/wp\/v2\/comments?post=79745"}],"version-history":[{"count":1,"href":"https:\/\/brandss.com.py\/index\/wp-json\/wp\/v2\/product\/79745\/revisions"}],"predecessor-version":[{"id":79775,"href":"https:\/\/brandss.com.py\/index\/wp-json\/wp\/v2\/product\/79745\/revisions\/79775"}],"wp:featuredmedia":[{"embeddable":true,"href":"https:\/\/brandss.com.py\/index\/wp-json\/wp\/v2\/media\/79763"}],"wp:attachment":[{"href":"https:\/\/brandss.com.py\/index\/wp-json\/wp\/v2\/media?parent=79745"}],"wp:term":[{"taxonomy":"product_brand","embeddable":true,"href":"https:\/\/brandss.com.py\/index\/wp-json\/wp\/v2\/product_brand?post=79745"},{"taxonomy":"product_cat","embeddable":true,"href":"https:\/\/brandss.com.py\/index\/wp-json\/wp\/v2\/product_cat?post=79745"},{"taxonomy":"product_tag","embeddable":true,"href":"https:\/\/brandss.com.py\/index\/wp-json\/wp\/v2\/product_tag?post=79745"}],"curies":[{"name":"wp","href":"https:\/\/api.w.org\/{rel}","templated":true}]}}