{"id":79756,"date":"2025-04-10T14:02:16","date_gmt":"2025-04-10T14:02:16","guid":{"rendered":"https:\/\/brandss.com.py\/index\/?post_type=product&#038;p=79756"},"modified":"2025-07-07T17:57:55","modified_gmt":"2025-07-07T17:57:55","slug":"calzado-casual-masculino-nike-jordan-air-ship","status":"publish","type":"product","link":"https:\/\/brandss.com.py\/index\/producto\/calzado-casual-masculino-nike-jordan-air-ship\/","title":{"rendered":"CALZADO CASUAL MASCULINO NIKE JORDAN AIR SHIP"},"content":{"rendered":"<p><img decoding=\"async\" src=\"https:\/\/encrypted-tbn0.gstatic.com\/images?q=tbn:ANd9GcSwxWjbiOX8rYuq720FgrIefCPVC-y-gHSUYg&amp;s\" alt=\"Logo Nike PNG transparente - StickPNG\" \/><\/p>\n<h1 data-start=\"203\" data-end=\"255\">\ud83d\udc5f <strong data-start=\"210\" data-end=\"253\">Jordan Air Ship x Awake NY \u2013 FN8675-100<\/strong><\/h1>\n<p class=\"\" data-start=\"256\" data-end=\"384\"><strong data-start=\"256\" data-end=\"269\">Colorway:<\/strong> Sail \/ University Red \/ Platinum Metallic<br data-start=\"311\" data-end=\"314\" \/><strong data-start=\"314\" data-end=\"322\">SKU:<\/strong> FN8675-100<br data-start=\"333\" data-end=\"336\" \/><strong data-start=\"336\" data-end=\"384\">Edici\u00f3n especial \u2013 Colaboraci\u00f3n con Awake NY<\/strong><\/p>\n<hr class=\"\" data-start=\"386\" data-end=\"389\" \/>\n<h3 class=\"\" data-start=\"391\" data-end=\"425\">\u2728 <strong data-start=\"397\" data-end=\"425\">Descripci\u00f3n del producto<\/strong><\/h3>\n<p class=\"\" data-start=\"427\" data-end=\"759\">El legado de <strong data-start=\"440\" data-end=\"458\">Michael Jordan<\/strong> cobra nueva vida en una colaboraci\u00f3n especial con <strong data-start=\"509\" data-end=\"521\">Awake NY<\/strong>, que rinde tributo a las ra\u00edces del \u00edcono del b\u00e1squet y al impacto cultural de su marca. Las <strong data-start=\"615\" data-end=\"645\">Jordan Air Ship x Awake NY<\/strong> celebran la historia previa a las AJ1, con un dise\u00f1o que fusiona herencia, estilo neoyorquino y detalles premium.<\/p>\n<p class=\"\" data-start=\"761\" data-end=\"1266\">La parte superior est\u00e1 confeccionada en <strong data-start=\"801\" data-end=\"836\">cuero premium color vela (sail)<\/strong>, con <strong data-start=\"842\" data-end=\"880\">detalles en piel de serpiente roja<\/strong> que aportan textura y personalidad. Un <strong data-start=\"920\" data-end=\"952\">Swoosh metalizado en platino<\/strong>, sobrepuesto a otro en <strong data-start=\"976\" data-end=\"998\">rojo universitario<\/strong>, a\u00f1ade profundidad y contraste visual. Esta edici\u00f3n est\u00e1 cargada de s\u00edmbolos: el <strong data-start=\"1080\" data-end=\"1106\">logo de Awake NY (&#8220;A&#8221;)<\/strong> bordado en la puntera, un <strong data-start=\"1133\" data-end=\"1171\">branding compartido en la leng\u00fceta<\/strong>, y el <strong data-start=\"1178\" data-end=\"1212\">estampado Awake NY en el tal\u00f3n<\/strong>, que sellan esta colaboraci\u00f3n con fuerza e identidad.<\/p>\n<p class=\"\" data-start=\"1268\" data-end=\"1374\">El calzado viene acompa\u00f1ado de un <strong data-start=\"1302\" data-end=\"1322\">empaque especial<\/strong> dise\u00f1ado exclusivamente para esta edici\u00f3n limitada.<\/p>\n<hr class=\"\" data-start=\"1376\" data-end=\"1379\" \/>\n<h3 class=\"\" data-start=\"1381\" data-end=\"1417\">\u2705 <strong data-start=\"1387\" data-end=\"1417\">Caracter\u00edsticas destacadas<\/strong><\/h3>\n<ul data-start=\"1419\" data-end=\"2008\">\n<li class=\"\" data-start=\"1419\" data-end=\"1482\">\n<p class=\"\" data-start=\"1421\" data-end=\"1482\"><strong data-start=\"1421\" data-end=\"1450\">\ud83d\udd25 Colaboraci\u00f3n exclusiva<\/strong> entre Jordan Brand y Awake NY<\/p>\n<\/li>\n<li class=\"\" data-start=\"1483\" data-end=\"1551\">\n<p class=\"\" data-start=\"1485\" data-end=\"1551\"><strong data-start=\"1485\" data-end=\"1508\">\ud83d\udc5f Silueta Air Ship<\/strong>, precursora de las ic\u00f3nicas Air Jordan 1<\/p>\n<\/li>\n<li class=\"\" data-start=\"1552\" data-end=\"1625\">\n<p class=\"\" data-start=\"1554\" data-end=\"1625\"><strong data-start=\"1554\" data-end=\"1582\">\ud83e\ude76 Cuero de alta calidad<\/strong> color vela, con textura suave y elegante<\/p>\n<\/li>\n<li class=\"\" data-start=\"1626\" data-end=\"1717\">\n<p class=\"\" data-start=\"1628\" data-end=\"1717\"><strong data-start=\"1628\" data-end=\"1669\">\ud83d\udc0d Detalles en piel de serpiente roja<\/strong> en la zona del tal\u00f3n para un look sofisticado<\/p>\n<\/li>\n<li class=\"\" data-start=\"1718\" data-end=\"1804\">\n<p class=\"\" data-start=\"1720\" data-end=\"1804\"><strong data-start=\"1720\" data-end=\"1739\">\u2728 Swoosh doble:<\/strong> met\u00e1lico platino sobre rojo universitario, con efecto de capas<\/p>\n<\/li>\n<li class=\"\" data-start=\"1805\" data-end=\"1967\">\n<p class=\"\" data-start=\"1807\" data-end=\"1833\"><strong data-start=\"1807\" data-end=\"1831\">\ud83e\uddf5 Logos exclusivos:<\/strong><\/p>\n<ul data-start=\"1836\" data-end=\"1967\">\n<li class=\"\" data-start=\"1836\" data-end=\"1874\">\n<p class=\"\" data-start=\"1838\" data-end=\"1874\">Leng\u00fceta con etiquetas compartidas<\/p>\n<\/li>\n<li class=\"\" data-start=\"1877\" data-end=\"1928\">\n<p class=\"\" data-start=\"1879\" data-end=\"1928\">Logo &#8220;A&#8221; de Awake NY bordado en el guardabarros<\/p>\n<\/li>\n<li class=\"\" data-start=\"1931\" data-end=\"1967\">\n<p class=\"\" data-start=\"1933\" data-end=\"1967\">Estampado &#8220;Awake NY&#8221; en el tal\u00f3n<\/p>\n<\/li>\n<\/ul>\n<\/li>\n<li class=\"\" data-start=\"1968\" data-end=\"2008\">\n<p class=\"\" data-start=\"1970\" data-end=\"2008\"><strong data-start=\"1970\" data-end=\"2008\">\ud83d\udce6 Caja personalizada de colecci\u00f3n<\/strong><\/p>\n<\/li>\n<\/ul>\n<hr class=\"\" data-start=\"2010\" data-end=\"2013\" \/>\n<h3 class=\"\" data-start=\"2015\" data-end=\"2037\">\ud83d\udccd <strong data-start=\"2022\" data-end=\"2037\">Inspiraci\u00f3n<\/strong><\/h3>\n<p class=\"\" data-start=\"2039\" data-end=\"2280\">Este lanzamiento conecta el esp\u00edritu rebelde de Nueva York con el legado hist\u00f3rico de Jordan, justo desde sus or\u00edgenes. Es m\u00e1s que un calzado: es una declaraci\u00f3n de estilo con ra\u00edces profundas en el deporte, la m\u00fasica y la cultura callejera.<\/p>\n","protected":false},"excerpt":{"rendered":"<p>\ud83d\udc5f Jordan Air Ship x Awake NY \u2013 FN8675-100 Colorway: Sail \/ University Red \/ Platinum MetallicSKU: FN8675-100Edici\u00f3n especial \u2013<\/p>\n","protected":false},"featured_media":79761,"comment_status":"open","ping_status":"closed","template":"","meta":{"nf_dc_page":""},"product_brand":[],"product_cat":[76],"product_tag":[],"class_list":{"0":"post-79756","1":"product","2":"type-product","3":"status-publish","4":"has-post-thumbnail","6":"product_cat-masculino","8":"first","9":"outofstock","10":"shipping-taxable","11":"purchasable","12":"product-type-simple"},"_links":{"self":[{"href":"https:\/\/brandss.com.py\/index\/wp-json\/wp\/v2\/product\/79756","targetHints":{"allow":["GET"]}}],"collection":[{"href":"https:\/\/brandss.com.py\/index\/wp-json\/wp\/v2\/product"}],"about":[{"href":"https:\/\/brandss.com.py\/index\/wp-json\/wp\/v2\/types\/product"}],"replies":[{"embeddable":true,"href":"https:\/\/brandss.com.py\/index\/wp-json\/wp\/v2\/comments?post=79756"}],"version-history":[{"count":1,"href":"https:\/\/brandss.com.py\/index\/wp-json\/wp\/v2\/product\/79756\/revisions"}],"predecessor-version":[{"id":79762,"href":"https:\/\/brandss.com.py\/index\/wp-json\/wp\/v2\/product\/79756\/revisions\/79762"}],"wp:featuredmedia":[{"embeddable":true,"href":"https:\/\/brandss.com.py\/index\/wp-json\/wp\/v2\/media\/79761"}],"wp:attachment":[{"href":"https:\/\/brandss.com.py\/index\/wp-json\/wp\/v2\/media?parent=79756"}],"wp:term":[{"taxonomy":"product_brand","embeddable":true,"href":"https:\/\/brandss.com.py\/index\/wp-json\/wp\/v2\/product_brand?post=79756"},{"taxonomy":"product_cat","embeddable":true,"href":"https:\/\/brandss.com.py\/index\/wp-json\/wp\/v2\/product_cat?post=79756"},{"taxonomy":"product_tag","embeddable":true,"href":"https:\/\/brandss.com.py\/index\/wp-json\/wp\/v2\/product_tag?post=79756"}],"curies":[{"name":"wp","href":"https:\/\/api.w.org\/{rel}","templated":true}]}}