{"id":79793,"date":"2025-04-10T16:48:57","date_gmt":"2025-04-10T16:48:57","guid":{"rendered":"https:\/\/brandss.com.py\/index\/?post_type=product&#038;p=79793"},"modified":"2025-05-10T12:53:47","modified_gmt":"2025-05-10T12:53:47","slug":"perfume-masculino-brand-collection-dream-n083-legend-spirit-edp-25ml","status":"publish","type":"product","link":"https:\/\/brandss.com.py\/index\/producto\/perfume-masculino-brand-collection-dream-n083-legend-spirit-edp-25ml\/","title":{"rendered":"PERFUME MASCULINO BRAND COLLECTION DREAM N\u00b0083 LEGEND SPIRIT EDP 25ML"},"content":{"rendered":"<p><img loading=\"lazy\" decoding=\"async\" class=\"\" src=\"https:\/\/brandcollectionperfume.com\/cdn\/shop\/files\/Untitled_design_1.png?v=1687781756&amp;width=500\" alt=\"Terms of Service \u2013 YouSmellSoGood\" width=\"187\" height=\"105\" \/><\/p>\n<h1>DREAM N\u00b0083 LEGEND SPIRIT<\/h1>\n<p><span>Es una fragancia inspiradora que captura la esencia del esp\u00edritu aventurero y la elegancia atemporal. Con una suave combinaci\u00f3n de notas c\u00edtricas, acu\u00e1ticas y amaderadas, esta fragancia es perfecta para hombres que quieren transmitir un aura de libertad y sofisticaci\u00f3n.<\/span><\/p>\n<p><span>La apertura<\/span><span> est\u00e1 marcada por notas c\u00edtricas frescas de bergamota, pomelo y pimienta rosa, que a\u00f1aden un toque de frescura y vivacidad a la fragancia. Luego, el coraz\u00f3n de la fragancia revela notas acu\u00e1ticas y florales de lavanda y jazm\u00edn acu\u00e1tico, aportando una sensaci\u00f3n de tranquilidad y una profunda conexi\u00f3n con la naturaleza.\u00a0<\/span><span>En el coraz\u00f3n <\/span><span>se destaca la llamativa presencia del almizcle blanco, que confiere a la fragancia una notable sofisticaci\u00f3n y ligereza. Estas notas se complementan con un suave toque de musgo de roble, creando una sensaci\u00f3n de serenidad y elegancia. <\/span><span>La base<\/span><span>\u00a0est\u00e1 compuesta por notas amaderadas de cedro y s\u00e1ndalo, que aportan una durabilidad y masculinidad impresionantes a la fragancia. El toque final de cachemira a\u00f1ade una sensaci\u00f3n de comodidad y refinamiento, dejando una impresi\u00f3n duradera.<\/span><\/p>\n<p><span>El frasco<\/span><span>\u00a0es elegante y moderno, con su dise\u00f1o limpio y l\u00edneas suaves que reflejan la libertad y la elegancia de la fragancia. El color blanco transmite la ligereza y pureza de la fragancia, mientras que el detalle plateado a\u00f1ade un toque de sofisticaci\u00f3n.<\/span><\/p>\n<h3>Notas Olfativas<\/h3>\n<p><span>Experimente la sensaci\u00f3n inspiradora de <\/span>Legend Spirit\u00a0y emprenda un viaje de libertad y elegancia. Utiliza esta fragancia para expresar tu esp\u00edritu aventurero y transmitir tu sofisticaci\u00f3n al mundo. Con Legend Spirit<span>, te conviertes en la encarnaci\u00f3n de la libertad y la elegancia.<\/span><\/p>\n<p><strong><span>Notas de salida:<\/span><\/strong><span> Bergamota, pomelo, pimienta rosa. <\/span><br \/>\n<strong><span>Notas de Coraz\u00f3n:<\/span><\/strong><span> Lavanda, Jazm\u00edn de Agua. <\/span><br \/>\n<strong><span>Notas de fondo:<\/span><\/strong><span> Almizcle blanco, musgo de roble, cedro, s\u00e1ndalo, cachemira.<\/span><\/p>\n","protected":false},"excerpt":{"rendered":"<p>DREAM N\u00b0083 LEGEND SPIRIT Es una fragancia inspiradora que captura la esencia del esp\u00edritu aventurero y la elegancia atemporal. Con<\/p>\n","protected":false},"featured_media":79795,"comment_status":"open","ping_status":"closed","template":"","meta":{"nf_dc_page":""},"product_brand":[],"product_cat":[84],"product_tag":[],"class_list":{"0":"post-79793","1":"product","2":"type-product","3":"status-publish","4":"has-post-thumbnail","6":"product_cat-perfumeria","8":"first","9":"instock","10":"shipping-taxable","11":"purchasable","12":"product-type-simple"},"_links":{"self":[{"href":"https:\/\/brandss.com.py\/index\/wp-json\/wp\/v2\/product\/79793","targetHints":{"allow":["GET"]}}],"collection":[{"href":"https:\/\/brandss.com.py\/index\/wp-json\/wp\/v2\/product"}],"about":[{"href":"https:\/\/brandss.com.py\/index\/wp-json\/wp\/v2\/types\/product"}],"replies":[{"embeddable":true,"href":"https:\/\/brandss.com.py\/index\/wp-json\/wp\/v2\/comments?post=79793"}],"version-history":[{"count":1,"href":"https:\/\/brandss.com.py\/index\/wp-json\/wp\/v2\/product\/79793\/revisions"}],"predecessor-version":[{"id":79799,"href":"https:\/\/brandss.com.py\/index\/wp-json\/wp\/v2\/product\/79793\/revisions\/79799"}],"wp:featuredmedia":[{"embeddable":true,"href":"https:\/\/brandss.com.py\/index\/wp-json\/wp\/v2\/media\/79795"}],"wp:attachment":[{"href":"https:\/\/brandss.com.py\/index\/wp-json\/wp\/v2\/media?parent=79793"}],"wp:term":[{"taxonomy":"product_brand","embeddable":true,"href":"https:\/\/brandss.com.py\/index\/wp-json\/wp\/v2\/product_brand?post=79793"},{"taxonomy":"product_cat","embeddable":true,"href":"https:\/\/brandss.com.py\/index\/wp-json\/wp\/v2\/product_cat?post=79793"},{"taxonomy":"product_tag","embeddable":true,"href":"https:\/\/brandss.com.py\/index\/wp-json\/wp\/v2\/product_tag?post=79793"}],"curies":[{"name":"wp","href":"https:\/\/api.w.org\/{rel}","templated":true}]}}