{"id":79821,"date":"2025-04-10T18:02:26","date_gmt":"2025-04-10T18:02:26","guid":{"rendered":"https:\/\/brandss.com.py\/index\/?post_type=product&#038;p=79821"},"modified":"2025-05-10T12:54:56","modified_gmt":"2025-05-10T12:54:56","slug":"perfume-femenino-brand-collection-dream-n094-valentina-poudree-edp-25ml","status":"publish","type":"product","link":"https:\/\/brandss.com.py\/index\/producto\/perfume-femenino-brand-collection-dream-n094-valentina-poudree-edp-25ml\/","title":{"rendered":"PERFUME FEMENINO BRAND COLLECTION DREAM N\u00b0094 VALENTINA POUDREE EDP 25ML"},"content":{"rendered":"<p><img loading=\"lazy\" decoding=\"async\" class=\"\" src=\"https:\/\/brandcollectionperfume.com\/cdn\/shop\/files\/Untitled_design_1.png?v=1687781756&amp;width=500\" alt=\"Terms of Service \u2013 YouSmellSoGood\" width=\"117\" height=\"66\" \/><\/p>\n<h1>DREAM N\u00b0094 VALENTINA POUDREE<\/h1>\n<p><span>Es una fragancia refinada y sofisticada que derrocha elegancia en cada nota. Desarrollado para mujeres que buscan una experiencia olfativa \u00fanica y memorable, <\/span>el perfume <span>combina armoniosamente elementos florales, frutales y amaderados, creando una composici\u00f3n delicada e imponente. Este perfume es perfecto para expresar sofisticaci\u00f3n y confianza en uno mismo, haciendo notar tu presencia con un toque de clase.<\/span><\/p>\n<p><span>Desde la primera pulverizaci\u00f3n, <\/span><span>conquista los sentidos con una apertura envolvente. Las\u00a0<\/span>notas empolvadas<span>\u00a0se destacan creando una sensaci\u00f3n suave y refinada que se complementa con la sutil riqueza de\u00a0<\/span>la ambreta<span>, aportando un toque de frescura y sensualidad. Estas notas de apertura evocan una sensaci\u00f3n de suavidad y cuidado, formando la base perfecta para el desarrollo de la fragancia. <\/span><span>En el coraz\u00f3n<\/span><span>\u00a0se encuentran el delicado y floral\u00a0<\/span>iris\u00a0y\u00a0nardo<span>, que a\u00f1aden una profundidad envolvente y elegante a la composici\u00f3n. El iris\u00a0, con su aroma suave y dulce, es un s\u00edmbolo de sofisticaci\u00f3n, mientras que\u00a0<\/span>el nardo\u00a0aporta<span> una complejidad floral que capta la atenci\u00f3n y seduce los sentidos. Juntas, estas notas forman una combinaci\u00f3n que irradia feminidad y encanto, creando un aura de elegancia natural y refinada.\u00a0<\/span><span>Finalmente, en las notas de fondo <\/span><span>revela una base cremosa y reconfortante. Notas de\u00a0<\/span>vainilla,\u00a0s\u00e1ndalo\u00a0y\u00a0haba tonka\u00a0se combinan para proporcionar una sensaci\u00f3n de calidez y confort, dejando al mismo tiempo una estela duradera de sofisticaci\u00f3n. La vainilla\u00a0aporta una dulce suavidad,\u00a0el s\u00e1ndalo\u00a0aporta un toque amaderado refinado y\u00a0el haba\u00a0tonka<span>\u00a0a\u00f1ade una profundidad rica y envolvente a la composici\u00f3n. Juntas, estas notas forman una base equilibrada y acogedora, que intensifica la experiencia olfativa del\u00a0perfume.<\/span><\/p>\n<p>Valentina Poudree <span>es la elecci\u00f3n perfecta para las mujeres que buscan una fragancia sofisticada y exclusiva. Su frasco compacto de 25 ml es ideal para retoques a lo largo del d\u00eda, permiti\u00e9ndote mantener tu presencia impactante y refinada dondequiera que vayas. Cada pulverizaci\u00f3n del\u00a0<\/span>perfume<span>\u00a0es una declaraci\u00f3n de confianza, elegancia y estilo.<\/span><\/p>\n<h3>Notas Olfativas<\/h3>\n<p><span>Ya sea para una ocasi\u00f3n especial o para el uso diario,\u00a0<\/span>el perfume <span>ofrece la fragancia perfecta para quienes desean expresarse con sofisticaci\u00f3n y encanto. D\u00e9jate envolver por esta esencia encantadora y descubre el poder de una fragancia delicada e imponente, perfecta para la mujer moderna y segura de s\u00ed misma.<\/span><\/p>\n<p>&nbsp;<\/p>\n<p data-pm-slice=\"1 1 []\"><strong><span>Notas de salida:<\/span><\/strong><span> notas polvorientas y ambret.<\/span><\/p>\n<p><strong><span>Notas de coraz\u00f3n:<\/span><\/strong><span> Iris y Nardos.<\/span><\/p>\n<p><strong><span>Notas de fondo:<\/span><\/strong><span>\u00a0vainilla, s\u00e1ndalo y haba tonka.<\/span><\/p>\n","protected":false},"excerpt":{"rendered":"<p>DREAM N\u00b0094 VALENTINA POUDREE Es una fragancia refinada y sofisticada que derrocha elegancia en cada nota. Desarrollado para mujeres que<\/p>\n","protected":false},"featured_media":79822,"comment_status":"open","ping_status":"closed","template":"","meta":{"nf_dc_page":""},"product_brand":[],"product_cat":[84],"product_tag":[],"class_list":{"0":"post-79821","1":"product","2":"type-product","3":"status-publish","4":"has-post-thumbnail","6":"product_cat-perfumeria","8":"first","9":"instock","10":"shipping-taxable","11":"purchasable","12":"product-type-simple"},"_links":{"self":[{"href":"https:\/\/brandss.com.py\/index\/wp-json\/wp\/v2\/product\/79821","targetHints":{"allow":["GET"]}}],"collection":[{"href":"https:\/\/brandss.com.py\/index\/wp-json\/wp\/v2\/product"}],"about":[{"href":"https:\/\/brandss.com.py\/index\/wp-json\/wp\/v2\/types\/product"}],"replies":[{"embeddable":true,"href":"https:\/\/brandss.com.py\/index\/wp-json\/wp\/v2\/comments?post=79821"}],"version-history":[{"count":1,"href":"https:\/\/brandss.com.py\/index\/wp-json\/wp\/v2\/product\/79821\/revisions"}],"predecessor-version":[{"id":79827,"href":"https:\/\/brandss.com.py\/index\/wp-json\/wp\/v2\/product\/79821\/revisions\/79827"}],"wp:featuredmedia":[{"embeddable":true,"href":"https:\/\/brandss.com.py\/index\/wp-json\/wp\/v2\/media\/79822"}],"wp:attachment":[{"href":"https:\/\/brandss.com.py\/index\/wp-json\/wp\/v2\/media?parent=79821"}],"wp:term":[{"taxonomy":"product_brand","embeddable":true,"href":"https:\/\/brandss.com.py\/index\/wp-json\/wp\/v2\/product_brand?post=79821"},{"taxonomy":"product_cat","embeddable":true,"href":"https:\/\/brandss.com.py\/index\/wp-json\/wp\/v2\/product_cat?post=79821"},{"taxonomy":"product_tag","embeddable":true,"href":"https:\/\/brandss.com.py\/index\/wp-json\/wp\/v2\/product_tag?post=79821"}],"curies":[{"name":"wp","href":"https:\/\/api.w.org\/{rel}","templated":true}]}}