{"id":79834,"date":"2025-04-10T19:13:29","date_gmt":"2025-04-10T19:13:29","guid":{"rendered":"https:\/\/brandss.com.py\/index\/?post_type=product&#038;p=79834"},"modified":"2026-02-13T10:59:00","modified_gmt":"2026-02-13T10:59:00","slug":"perfume-femenino-brand-collection-dream-n099-euphoria-deep-edp-25ml","status":"publish","type":"product","link":"https:\/\/brandss.com.py\/index\/producto\/perfume-femenino-brand-collection-dream-n099-euphoria-deep-edp-25ml\/","title":{"rendered":"PERFUME FEMENINO BRAND COLLECTION DREAM N\u00b0099 EUPHORIA DEEP EDP 25ML"},"content":{"rendered":"<p><img loading=\"lazy\" decoding=\"async\" class=\"\" src=\"https:\/\/brandcollectionperfume.com\/cdn\/shop\/files\/Untitled_design_1.png?v=1687781756&amp;width=500\" alt=\"Terms of Service \u2013 YouSmellSoGood\" width=\"116\" height=\"65\" \/><\/p>\n<h1>DREAM N\u00b0099 EUPHORIA DEEP<\/h1>\n<p><span>Es una fragancia sofisticada, cautivadora e irresistible, perfecta para mujeres que buscan un toque de elegancia y misterio en su presencia. Con una composici\u00f3n \u00fanica, <\/span>Euphoria Deep<span>\u00a0ofrece una experiencia sensorial rica e inolvidable, destac\u00e1ndose por su textura suave y sensual que se profundiza a medida que evoluciona, proporcionando una sensaci\u00f3n de calidez y placer.<\/span><\/p>\n<p><span>La apertura<\/span><span>\u00a0est\u00e1 marcada por unas notas de salida refrescantes y energizantes, con un toque de\u00a0<\/span>Cascalone\u00ae\u00a0, una nota acu\u00e1tica que aporta frescura, y\u00a0pimienta blanca\u00a0, que a\u00f1ade un ligero toque especiado a la fragancia. Adem\u00e1s, la presencia de\u00a0hoja de mandarina<span> a\u00f1ade un toque c\u00edtrico y vibrante, creando una introducci\u00f3n envolvente que despierta los sentidos y prepara el terreno para la riqueza de las notas de coraz\u00f3n y de fondo.\u00a0<\/span><span>A medida que se desarrolla<\/span><span>, sus\u00a0<\/span>notas de coraz\u00f3n<span>\u00a0revelan una combinaci\u00f3n de flores encantadoras y sofisticadas.\u00a0<\/span>El jazm\u00edn sambac\u00a0y\u00a0la rosa\u00a0negra\u00a0aportan una fragancia floral intensa y llamativa, que se suaviza con la delicadeza de\u00a0la peon\u00eda\u00a0y la frescura del\u00a0geranio<span>. Estas notas florales crean una armon\u00eda que eleva la fragancia a un nuevo nivel de complejidad y profundidad, con una feminidad envolvente y contempor\u00e1nea.<\/span><\/p>\n<p><span>En esencia <\/span><span>se establece con una base poderosa y duradera, que se basa en\u00a0<\/span>pachul\u00ed, una nota amaderada y terrosa que agrega un toque de intensidad y profundidad a la fragancia. Las\u00a0notas amaderadas\u00a0y\u00a0el almizcle\u00a0completan la composici\u00f3n con una sensaci\u00f3n c\u00e1lida y reconfortante, haciendo que el perfume sea a\u00fan m\u00e1s cautivador e inolvidable. Estas notas de base le dan al\u00a0perfume Euphoria Deep<span>\u00a0una longevidad excepcional, manteniendo su presencia durante todo el d\u00eda.<\/span><\/p>\n<p><span>Ideal para mujeres seguras y con una fuerte personalidad, <\/span><span>es perfecto para ocasiones especiales, pero tambi\u00e9n se adapta al uso diario, creando un aura de misterio y sofisticaci\u00f3n en cualquier momento. Su combinaci\u00f3n de notas frescas, florales y amaderadas ofrece una fragancia a la vez delicada e intensa, con un toque seductor, sin resultar excesivamente imponente.<\/span><\/p>\n<p><span>Para aplicar el\u00a0<\/span>perfume<span>\u00a0simplemente utiliza el frasco con vaporizador y concentra la fragancia en las zonas con mayor circulaci\u00f3n sangu\u00ednea, como las mu\u00f1ecas, la nuca, detr\u00e1s de las orejas y en los pliegues de los brazos. Estos puntos ayudan a mantener la fragancia por m\u00e1s tiempo y crean una experiencia olfativa duradera. Adem\u00e1s, para garantizar la longevidad del producto, es importante almacenarlo en lugares secos, lejos del calor excesivo y de la luz solar directa.<\/span><\/p>\n<h3>Notas Olfativas<\/h3>\n<p><span>Con <\/span>Euphoria Deep <span>cada momento se vuelve \u00fanico y memorable. Es la elecci\u00f3n ideal para las mujeres que desean una fragancia que transmita confianza, elegancia y sutil sensualidad, sin perder la complejidad y profundidad de una verdadera obra de arte olfativo. D\u00e9jate envolver por esta envolvente fragancia y descubre un nuevo nivel de placer y sofisticaci\u00f3n.<\/span><\/p>\n<p>&nbsp;<\/p>\n<p data-pm-slice=\"1 1 []\"><strong><span>Notas de salida:<\/span><\/strong><span> Cascalone, pimienta blanca y hojas de mandarina.<\/span><\/p>\n<p><strong><span>Notas de Coraz\u00f3n:<\/span><\/strong><span> Rosa M\u00e1gica Negra, Geranio y Jazm\u00edn Sambac.<\/span><\/p>\n<p><strong><span>Notas de fondo:<\/span><\/strong><span>\u00a0Almizcle, pachul\u00ed y maderas minerales.<\/span><\/p>\n","protected":false},"excerpt":{"rendered":"<p>DREAM N\u00b0099 EUPHORIA DEEP Es una fragancia sofisticada, cautivadora e irresistible, perfecta para mujeres que buscan un toque de elegancia<\/p>\n","protected":false},"featured_media":79835,"comment_status":"open","ping_status":"closed","template":"","meta":{"nf_dc_page":""},"product_brand":[],"product_cat":[84],"product_tag":[],"class_list":{"0":"post-79834","1":"product","2":"type-product","3":"status-publish","4":"has-post-thumbnail","6":"product_cat-perfumeria","8":"first","9":"instock","10":"shipping-taxable","11":"purchasable","12":"product-type-simple"},"_links":{"self":[{"href":"https:\/\/brandss.com.py\/index\/wp-json\/wp\/v2\/product\/79834","targetHints":{"allow":["GET"]}}],"collection":[{"href":"https:\/\/brandss.com.py\/index\/wp-json\/wp\/v2\/product"}],"about":[{"href":"https:\/\/brandss.com.py\/index\/wp-json\/wp\/v2\/types\/product"}],"replies":[{"embeddable":true,"href":"https:\/\/brandss.com.py\/index\/wp-json\/wp\/v2\/comments?post=79834"}],"version-history":[{"count":1,"href":"https:\/\/brandss.com.py\/index\/wp-json\/wp\/v2\/product\/79834\/revisions"}],"predecessor-version":[{"id":79838,"href":"https:\/\/brandss.com.py\/index\/wp-json\/wp\/v2\/product\/79834\/revisions\/79838"}],"wp:featuredmedia":[{"embeddable":true,"href":"https:\/\/brandss.com.py\/index\/wp-json\/wp\/v2\/media\/79835"}],"wp:attachment":[{"href":"https:\/\/brandss.com.py\/index\/wp-json\/wp\/v2\/media?parent=79834"}],"wp:term":[{"taxonomy":"product_brand","embeddable":true,"href":"https:\/\/brandss.com.py\/index\/wp-json\/wp\/v2\/product_brand?post=79834"},{"taxonomy":"product_cat","embeddable":true,"href":"https:\/\/brandss.com.py\/index\/wp-json\/wp\/v2\/product_cat?post=79834"},{"taxonomy":"product_tag","embeddable":true,"href":"https:\/\/brandss.com.py\/index\/wp-json\/wp\/v2\/product_tag?post=79834"}],"curies":[{"name":"wp","href":"https:\/\/api.w.org\/{rel}","templated":true}]}}