{"id":79847,"date":"2025-04-11T12:25:17","date_gmt":"2025-04-11T12:25:17","guid":{"rendered":"https:\/\/brandss.com.py\/index\/?post_type=product&#038;p=79847"},"modified":"2025-11-04T17:53:40","modified_gmt":"2025-11-04T17:53:40","slug":"perfume-masculino-brand-collection-dream-n106-edp-25ml","status":"publish","type":"product","link":"https:\/\/brandss.com.py\/index\/producto\/perfume-masculino-brand-collection-dream-n106-edp-25ml\/","title":{"rendered":"PERFUME MASCULINO BRAND COLLECTION DREAM N\u00b0106 EDP 25ML"},"content":{"rendered":"<p><img loading=\"lazy\" decoding=\"async\" class=\"\" src=\"https:\/\/brandcollectionperfume.com\/cdn\/shop\/files\/Untitled_design_1.png?v=1687781756&amp;width=500\" alt=\"Terms of Service \u2013 YouSmellSoGood\" width=\"121\" height=\"68\" \/><\/p>\n<h1>DREAM N\u00b0106<\/h1>\n<p><span>Es una fragancia distintiva que captura la esencia de la virilidad elegante y el estilo inconfundible. Con una combinaci\u00f3n armoniosa de notas c\u00edtricas, arom\u00e1ticas y amaderadas, esta fragancia es perfecta para hombres que quieren transmitir un aura de confianza y sofisticaci\u00f3n.<\/span><\/p>\n<p><span>La apertura<\/span><span> est\u00e1 marcada por vibrantes notas c\u00edtricas de lim\u00f3n, bergamota y naranja amarga, que a\u00f1aden un toque de frescura y vivacidad a la fragancia. Luego, el coraz\u00f3n de la fragancia revela notas arom\u00e1ticas de salvia y jacinto, aportando una profundidad y un car\u00e1cter intrigantes.\u00a0<\/span><span>En el coraz\u00f3n<\/span><span>\u00a0se destaca la llamativa presencia del cedro y del geranio, aportando una masculinidad sofisticada y una frescura distintiva a la fragancia. Estas notas se complementan con un suave toque de almizcle, creando una sensaci\u00f3n de calidez y sensualidad.<\/span><\/p>\n<p><span>La base de<\/span><span>\u00a0est\u00e1 compuesta por notas amaderadas de \u00e1mbar y musgo de roble, que aportan una durabilidad y profundidad impresionantes a la fragancia. El toque final de tonka y vainilla a\u00f1ade una sensaci\u00f3n de comodidad y suavidad, dejando una impresi\u00f3n duradera.<\/span><\/p>\n<p><span>El frasco<\/span><span>\u00a0es elegante y masculino, con su dise\u00f1o limpio y l\u00edneas rectas que reflejan la masculinidad y sofisticaci\u00f3n de la fragancia. El color azul del l\u00edquido transmite la frescura y vitalidad de la fragancia, mientras que el detalle plateado del logo de Versace a\u00f1ade un toque de lujo y distinci\u00f3n.<\/span><\/p>\n<h3>Notas Olfativas<\/h3>\n<p><span>Experimente la sensaci\u00f3n distintiva de\u00a0<\/span>Brand 106<span>\u00a0y emb\u00e1rquese en un viaje de confianza y estilo. Utilice esta fragancia para expresar su elegante virilidad y transmitir su sofisticaci\u00f3n al mundo. Con\u00a0<\/span>Brand 106 <span>te conviertes en la encarnaci\u00f3n de la confianza y la sofisticaci\u00f3n.<\/span><\/p>\n<p>&nbsp;<\/p>\n<p data-pm-slice=\"1 1 []\"><strong><span>Notas de salida:<\/span><\/strong><span> Lim\u00f3n, Neroli, Bergamota y Rosa de Mayo.<\/span><\/p>\n<p><strong><span>Notas de coraz\u00f3n:<\/span><\/strong><span> jacinto, salvia, cedro y geranio.<\/span><\/p>\n<p><strong><span>Notas de fondo:<\/span><\/strong><span>\u00a0Haba tonka, almizcle y \u00e1mbar.<\/span><\/p>\n","protected":false},"excerpt":{"rendered":"<p>DREAM N\u00b0106 Es una fragancia distintiva que captura la esencia de la virilidad elegante y el estilo inconfundible. Con una<\/p>\n","protected":false},"featured_media":79848,"comment_status":"open","ping_status":"closed","template":"","meta":{"nf_dc_page":""},"product_brand":[],"product_cat":[84],"product_tag":[],"class_list":{"0":"post-79847","1":"product","2":"type-product","3":"status-publish","4":"has-post-thumbnail","6":"product_cat-perfumeria","8":"first","9":"outofstock","10":"shipping-taxable","11":"purchasable","12":"product-type-simple"},"_links":{"self":[{"href":"https:\/\/brandss.com.py\/index\/wp-json\/wp\/v2\/product\/79847","targetHints":{"allow":["GET"]}}],"collection":[{"href":"https:\/\/brandss.com.py\/index\/wp-json\/wp\/v2\/product"}],"about":[{"href":"https:\/\/brandss.com.py\/index\/wp-json\/wp\/v2\/types\/product"}],"replies":[{"embeddable":true,"href":"https:\/\/brandss.com.py\/index\/wp-json\/wp\/v2\/comments?post=79847"}],"version-history":[{"count":1,"href":"https:\/\/brandss.com.py\/index\/wp-json\/wp\/v2\/product\/79847\/revisions"}],"predecessor-version":[{"id":79851,"href":"https:\/\/brandss.com.py\/index\/wp-json\/wp\/v2\/product\/79847\/revisions\/79851"}],"wp:featuredmedia":[{"embeddable":true,"href":"https:\/\/brandss.com.py\/index\/wp-json\/wp\/v2\/media\/79848"}],"wp:attachment":[{"href":"https:\/\/brandss.com.py\/index\/wp-json\/wp\/v2\/media?parent=79847"}],"wp:term":[{"taxonomy":"product_brand","embeddable":true,"href":"https:\/\/brandss.com.py\/index\/wp-json\/wp\/v2\/product_brand?post=79847"},{"taxonomy":"product_cat","embeddable":true,"href":"https:\/\/brandss.com.py\/index\/wp-json\/wp\/v2\/product_cat?post=79847"},{"taxonomy":"product_tag","embeddable":true,"href":"https:\/\/brandss.com.py\/index\/wp-json\/wp\/v2\/product_tag?post=79847"}],"curies":[{"name":"wp","href":"https:\/\/api.w.org\/{rel}","templated":true}]}}