{"id":79876,"date":"2025-04-11T17:47:57","date_gmt":"2025-04-11T17:47:57","guid":{"rendered":"https:\/\/brandss.com.py\/index\/?post_type=product&#038;p=79876"},"modified":"2025-05-10T13:00:37","modified_gmt":"2025-05-10T13:00:37","slug":"perfume-femenino-brand-collection-dream-n115-miu-miu-edp-25ml","status":"publish","type":"product","link":"https:\/\/brandss.com.py\/index\/producto\/perfume-femenino-brand-collection-dream-n115-miu-miu-edp-25ml\/","title":{"rendered":"PERFUME FEMENINO BRAND COLLECTION DREAM N\u00b0115 MIU MIU EDP 25ML"},"content":{"rendered":"<p><img loading=\"lazy\" decoding=\"async\" class=\"\" src=\"https:\/\/brandcollectionperfume.com\/cdn\/shop\/files\/Untitled_design_1.png?v=1687781756&amp;width=500\" alt=\"Terms of Service \u2013 YouSmellSoGood\" width=\"114\" height=\"64\" \/><\/p>\n<h1>DREAM N\u00b0115 MIU MIU<\/h1>\n<p dir=\"ltr\"><span>El perfume Miu Miu es lo<\/span><span>\u00a0que falta en tu tocador.\u00a0<\/span><span>Transmite mucha energ\u00eda y juventud, sin dejar de lado la sofisticaci\u00f3n. Juvenil, colorida, sofisticada y \u00fanica, la primera fragancia de Miu Miu ofrece una visi\u00f3n contempor\u00e1nea.<\/span><\/p>\n<p dir=\"ltr\"><span> Ofrecido en empaque\u00a0de tama\u00f1o de viaje, lo que lo hace f\u00e1cil de usar y almacenar, y se puede transportar sin ocupar mucho espacio.<\/span><\/p>\n<h3 dir=\"ltr\">Notas Olfativas<\/h3>\n<p dir=\"ltr\">Combinando toques c\u00edtricos, florales, frutales y amaderados, crea una fragancia armoniosa y envolvente.<\/p>\n<ul dir=\"ltr\">\n<li><strong><span>Notas de salida:<\/span><\/strong><span> lirio de los valles, bergamota y lim\u00f3n.<\/span><\/li>\n<li><strong><span>Nota de coraz\u00f3n:<\/span><\/strong><span>\u00a0notas verdes,\u00a0<\/span><span>rosa<\/span><span> , jazm\u00edn, grosella negra y melocot\u00f3n.<\/span><\/li>\n<li><strong><span>Notas de fondo:<\/span><\/strong><span>\u00a0akigalawood y almizcle blanco.<\/span><\/li>\n<\/ul>\n","protected":false},"excerpt":{"rendered":"<p>DREAM N\u00b0115 MIU MIU El perfume Miu Miu es lo\u00a0que falta en tu tocador.\u00a0Transmite mucha energ\u00eda y juventud, sin dejar<\/p>\n","protected":false},"featured_media":79887,"comment_status":"open","ping_status":"closed","template":"","meta":{"nf_dc_page":""},"product_brand":[],"product_cat":[84],"product_tag":[],"class_list":{"0":"post-79876","1":"product","2":"type-product","3":"status-publish","4":"has-post-thumbnail","6":"product_cat-perfumeria","8":"first","9":"instock","10":"shipping-taxable","11":"purchasable","12":"product-type-simple"},"_links":{"self":[{"href":"https:\/\/brandss.com.py\/index\/wp-json\/wp\/v2\/product\/79876","targetHints":{"allow":["GET"]}}],"collection":[{"href":"https:\/\/brandss.com.py\/index\/wp-json\/wp\/v2\/product"}],"about":[{"href":"https:\/\/brandss.com.py\/index\/wp-json\/wp\/v2\/types\/product"}],"replies":[{"embeddable":true,"href":"https:\/\/brandss.com.py\/index\/wp-json\/wp\/v2\/comments?post=79876"}],"version-history":[{"count":1,"href":"https:\/\/brandss.com.py\/index\/wp-json\/wp\/v2\/product\/79876\/revisions"}],"predecessor-version":[{"id":79892,"href":"https:\/\/brandss.com.py\/index\/wp-json\/wp\/v2\/product\/79876\/revisions\/79892"}],"wp:featuredmedia":[{"embeddable":true,"href":"https:\/\/brandss.com.py\/index\/wp-json\/wp\/v2\/media\/79887"}],"wp:attachment":[{"href":"https:\/\/brandss.com.py\/index\/wp-json\/wp\/v2\/media?parent=79876"}],"wp:term":[{"taxonomy":"product_brand","embeddable":true,"href":"https:\/\/brandss.com.py\/index\/wp-json\/wp\/v2\/product_brand?post=79876"},{"taxonomy":"product_cat","embeddable":true,"href":"https:\/\/brandss.com.py\/index\/wp-json\/wp\/v2\/product_cat?post=79876"},{"taxonomy":"product_tag","embeddable":true,"href":"https:\/\/brandss.com.py\/index\/wp-json\/wp\/v2\/product_tag?post=79876"}],"curies":[{"name":"wp","href":"https:\/\/api.w.org\/{rel}","templated":true}]}}