{"id":79882,"date":"2025-04-11T17:50:31","date_gmt":"2025-04-11T17:50:31","guid":{"rendered":"https:\/\/brandss.com.py\/index\/?post_type=product&#038;p=79882"},"modified":"2026-02-24T11:58:23","modified_gmt":"2026-02-24T11:58:23","slug":"calzado-deportivo-femenino-nike-sabrina-1-2","status":"publish","type":"product","link":"https:\/\/brandss.com.py\/index\/producto\/calzado-deportivo-femenino-nike-sabrina-1-2\/","title":{"rendered":"CALZADO DEPORTIVO FEMENINO NIKE SABRINA 1"},"content":{"rendered":"<p><img loading=\"lazy\" decoding=\"async\" class=\"\" src=\"https:\/\/1000marcas.net\/wp-content\/uploads\/2019\/11\/Nike-logo.jpg\" alt=\"Logo de Nike: la historia y el significado del logotipo, la ...\" width=\"459\" height=\"258\" \/><\/p>\n<h1 data-start=\"217\" data-end=\"256\"><strong data-start=\"221\" data-end=\"254\">\u00a0Nike Sabrina 1<\/strong><\/h1>\n<p class=\"\" data-start=\"257\" data-end=\"306\"><strong data-start=\"257\" data-end=\"306\">Velocidad, estilo y precisi\u00f3n en cada jugada.<\/strong><\/p>\n<p class=\"\" data-start=\"308\" data-end=\"716\">Las <strong data-start=\"312\" data-end=\"330\">Nike Sabrina 1<\/strong> est\u00e1n dise\u00f1adas para jugadoraes de baloncesto que buscan lo mejor en velocidad, agilidad y control. Inspiradas en la estrella Sabrina Ionescu y su herencia rumana, estas zapatillas combinan tecnolog\u00eda de alto rendimiento con un dise\u00f1o elegante y significativo. Ligera, c\u00f3moda y con una excelente capacidad de respuesta, la Sabrina 1 es perfecta para dominar en ambos lados de la cancha.<\/p>\n<hr class=\"\" data-start=\"718\" data-end=\"721\" \/>\n<h3 class=\"\" data-start=\"723\" data-end=\"759\"><strong data-start=\"727\" data-end=\"759\">Caracter\u00edsticas principales:<\/strong><\/h3>\n<ul data-start=\"761\" data-end=\"1669\">\n<li class=\"\" data-start=\"761\" data-end=\"876\">\n<p class=\"\" data-start=\"763\" data-end=\"876\">\ud83c\udfc0 <strong data-start=\"766\" data-end=\"800\">Dise\u00f1o espec\u00edfico <\/strong>: Ajuste anat\u00f3mico para ofrecer mayor soporte y comodidad al pie femenino.<\/p>\n<\/li>\n<li class=\"\" data-start=\"877\" data-end=\"1040\">\n<p class=\"\" data-start=\"879\" data-end=\"1040\">\ud83c\udf00 <strong data-start=\"882\" data-end=\"904\">Inspiraci\u00f3n rumana<\/strong>: Detalles gr\u00e1ficos en el antepi\u00e9 y los ojales inspirados en el arte tradicional de Ruman\u00eda, en honor a las ra\u00edces de Sabrina Ionescu.<\/p>\n<\/li>\n<li class=\"\" data-start=\"1041\" data-end=\"1184\">\n<p class=\"\" data-start=\"1043\" data-end=\"1184\">\u26a1 <strong data-start=\"1045\" data-end=\"1079\">Entresuela con espuma reactiva<\/strong>: Proporciona una amortiguaci\u00f3n suave pero con gran capacidad de respuesta para movimientos explosivos.<\/p>\n<\/li>\n<li class=\"\" data-start=\"1185\" data-end=\"1315\">\n<p class=\"\" data-start=\"1187\" data-end=\"1315\">\ud83d\udd04 <strong data-start=\"1190\" data-end=\"1219\">Tracci\u00f3n multidireccional<\/strong>: Suela exterior dise\u00f1ada para cortes r\u00e1pidos, giros y cambios de direcci\u00f3n sin perder agarre.<\/p>\n<\/li>\n<li class=\"\" data-start=\"1316\" data-end=\"1441\">\n<p class=\"\" data-start=\"1318\" data-end=\"1441\">\ud83c\udf2c\ufe0f <strong data-start=\"1322\" data-end=\"1362\">Parte superior de malla transpirable<\/strong>: Ligera y fresca, ayuda a mantener los pies c\u00f3modos durante todo el partido.<\/p>\n<\/li>\n<li class=\"\" data-start=\"1442\" data-end=\"1549\">\n<p class=\"\" data-start=\"1444\" data-end=\"1549\">\ud83d\udee1\ufe0f <strong data-start=\"1448\" data-end=\"1473\">Construcci\u00f3n duradera<\/strong>: Materiales resistentes que ofrecen soporte sin agregar peso innecesario.<\/p>\n<\/li>\n<li class=\"\" data-start=\"1550\" data-end=\"1669\">\n<p class=\"\" data-start=\"1552\" data-end=\"1669\">\ud83c\udfaf <strong data-start=\"1555\" data-end=\"1580\">Estabilidad y control<\/strong>: Ideal para jugadoras que necesitan seguridad en sus movimientos ofensivos y defensivos.<\/p>\n<\/li>\n<\/ul>\n","protected":false},"excerpt":{"rendered":"<p>\u00a0Nike Sabrina 1 Velocidad, estilo y precisi\u00f3n en cada jugada. Las Nike Sabrina 1 est\u00e1n dise\u00f1adas para jugadoraes de baloncesto<\/p>\n","protected":false},"featured_media":79883,"comment_status":"open","ping_status":"closed","template":"","meta":{"nf_dc_page":""},"product_brand":[1333],"product_cat":[73],"product_tag":[2958],"class_list":{"0":"post-79882","1":"product","2":"type-product","3":"status-publish","4":"has-post-thumbnail","6":"product_brand-nike","7":"product_cat-femenino","8":"product_tag-fq3381-303","10":"first","11":"outofstock","12":"shipping-taxable","13":"purchasable","14":"product-type-simple"},"_links":{"self":[{"href":"https:\/\/brandss.com.py\/index\/wp-json\/wp\/v2\/product\/79882","targetHints":{"allow":["GET"]}}],"collection":[{"href":"https:\/\/brandss.com.py\/index\/wp-json\/wp\/v2\/product"}],"about":[{"href":"https:\/\/brandss.com.py\/index\/wp-json\/wp\/v2\/types\/product"}],"replies":[{"embeddable":true,"href":"https:\/\/brandss.com.py\/index\/wp-json\/wp\/v2\/comments?post=79882"}],"version-history":[{"count":1,"href":"https:\/\/brandss.com.py\/index\/wp-json\/wp\/v2\/product\/79882\/revisions"}],"predecessor-version":[{"id":79895,"href":"https:\/\/brandss.com.py\/index\/wp-json\/wp\/v2\/product\/79882\/revisions\/79895"}],"wp:featuredmedia":[{"embeddable":true,"href":"https:\/\/brandss.com.py\/index\/wp-json\/wp\/v2\/media\/79883"}],"wp:attachment":[{"href":"https:\/\/brandss.com.py\/index\/wp-json\/wp\/v2\/media?parent=79882"}],"wp:term":[{"taxonomy":"product_brand","embeddable":true,"href":"https:\/\/brandss.com.py\/index\/wp-json\/wp\/v2\/product_brand?post=79882"},{"taxonomy":"product_cat","embeddable":true,"href":"https:\/\/brandss.com.py\/index\/wp-json\/wp\/v2\/product_cat?post=79882"},{"taxonomy":"product_tag","embeddable":true,"href":"https:\/\/brandss.com.py\/index\/wp-json\/wp\/v2\/product_tag?post=79882"}],"curies":[{"name":"wp","href":"https:\/\/api.w.org\/{rel}","templated":true}]}}