{"id":79896,"date":"2025-04-11T18:08:20","date_gmt":"2025-04-11T18:08:20","guid":{"rendered":"https:\/\/brandss.com.py\/index\/?post_type=product&#038;p=79896"},"modified":"2026-01-26T11:41:25","modified_gmt":"2026-01-26T11:41:25","slug":"calzado-deportivo-masculino-nike-kobe-4-protro-girl-dad","status":"publish","type":"product","link":"https:\/\/brandss.com.py\/index\/producto\/calzado-deportivo-masculino-nike-kobe-4-protro-girl-dad\/","title":{"rendered":"CALZADO DEPORTIVO MASCULINO NIKE KOBE 4 PROTRO GIRL DAD"},"content":{"rendered":"<p><img loading=\"lazy\" decoding=\"async\" class=\"\" src=\"https:\/\/1000marcas.net\/wp-content\/uploads\/2019\/11\/Nike-logo.jpg\" alt=\"Logo de Nike: la historia y el significado del logotipo, la ...\" width=\"391\" height=\"220\" \/><\/p>\n<h1 data-start=\"268\" data-end=\"307\"><strong data-start=\"272\" data-end=\"305\">Nike Kobe 4 Protro \u201cGirl Dad\u201d<\/strong><\/h1>\n<p class=\"\" data-start=\"308\" data-end=\"382\"><strong data-start=\"308\" data-end=\"382\">Un homenaje poderoso a Kobe, Gigi y el legado del baloncesto femenino.<\/strong><\/p>\n<p class=\"\" data-start=\"384\" data-end=\"813\">Esta edici\u00f3n especial de las <strong data-start=\"413\" data-end=\"430\">Kobe 4 Protro<\/strong> celebra un momento \u00edntimo y simb\u00f3lico entre <strong data-start=\"475\" data-end=\"505\">Kobe Bryant y su hija Gigi<\/strong>, rindiendo homenaje no solo a su legado en la cancha, sino tambi\u00e9n al impacto que ambos dejaron fuera de ella. Con un dise\u00f1o cargado de significado, esta versi\u00f3n \u201cGirl Dad\u201d fusiona la pasi\u00f3n por el baloncesto femenino con detalles exclusivos y materiales premium que la convierten en una pieza de colecci\u00f3n.<\/p>\n<p class=\"\" data-start=\"815\" data-end=\"1373\">El color verde bicostera de la parte superior est\u00e1 inspirado en uno de los gorros m\u00e1s ic\u00f3nicos usados por Kobe, mientras que la plantilla en <strong data-start=\"956\" data-end=\"972\">Total Orange<\/strong> evoca la sudadera con capucha de la <strong data-start=\"1009\" data-end=\"1017\">WNBA<\/strong> que sol\u00eda llevar en apoyo al baloncesto femenino. En el interior de la leng\u00fceta, la inscripci\u00f3n <strong data-start=\"1114\" data-end=\"1128\">&#8220;Girl Dad&#8221;<\/strong> destaca como un gui\u00f1o emotivo a su faceta m\u00e1s personal. Todo esto se combina con una suela exterior transl\u00facida tipo &#8220;hielo&#8221;, acentos en <strong data-start=\"1266\" data-end=\"1286\">plata metalizada<\/strong>, y un <strong data-start=\"1293\" data-end=\"1318\">clip de tal\u00f3n cromado<\/strong>, aportando un acabado sofisticado y lleno de car\u00e1cter.<\/p>\n<p class=\"\" data-start=\"1375\" data-end=\"1701\">Adem\u00e1s de su est\u00e9tica, esta Kobe 4 Protro ha sido <strong data-start=\"1425\" data-end=\"1464\">reimaginada con tecnolog\u00eda avanzada<\/strong> para optimizar el rendimiento. La <strong data-start=\"1499\" data-end=\"1532\">entresuela de espuma el\u00e1stica<\/strong> con unidad <strong data-start=\"1544\" data-end=\"1568\">Zoom Air en el tal\u00f3n<\/strong> ofrece una pisada m\u00e1s reactiva, ideal para jugadores que buscan velocidad, control y rebote en los momentos m\u00e1s exigentes del juego.<\/p>\n<hr class=\"\" data-start=\"1703\" data-end=\"1706\" \/>\n<h3 class=\"\" data-start=\"1708\" data-end=\"1743\"><strong data-start=\"1712\" data-end=\"1743\">Caracter\u00edsticas destacadas:<\/strong><\/h3>\n<ul data-start=\"1745\" data-end=\"2619\">\n<li class=\"\" data-start=\"1745\" data-end=\"1865\">\n<p class=\"\" data-start=\"1747\" data-end=\"1865\">\ud83d\udc5f <strong data-start=\"1750\" data-end=\"1784\">Edici\u00f3n especial conmemorativa<\/strong>: Inspirada en el v\u00ednculo entre Kobe y Gigi; un tributo al baloncesto femenino.<\/p>\n<\/li>\n<li class=\"\" data-start=\"1866\" data-end=\"1984\">\n<p class=\"\" data-start=\"1868\" data-end=\"1984\">\ud83c\udfbd <strong data-start=\"1871\" data-end=\"1916\">Leng\u00fceta interior con la frase \u201cGirl Dad\u201d<\/strong>: Un detalle \u00edntimo que celebra la paternidad y el legado de Kobe.<\/p>\n<\/li>\n<li class=\"\" data-start=\"1985\" data-end=\"2066\">\n<p class=\"\" data-start=\"1987\" data-end=\"2066\">\ud83c\udf4a <strong data-start=\"1990\" data-end=\"2016\">Plantilla Total Orange<\/strong>: Referencia directa al apoyo de Kobe a la WNBA.<\/p>\n<\/li>\n<li class=\"\" data-start=\"2067\" data-end=\"2187\">\n<p class=\"\" data-start=\"2069\" data-end=\"2187\">\ud83e\udde2 <strong data-start=\"2072\" data-end=\"2106\">Parte superior verde bicostera<\/strong>: Inspirada en el gorro favorito de Kobe, confeccionada con materiales premium.<\/p>\n<\/li>\n<li class=\"\" data-start=\"2188\" data-end=\"2288\">\n<p class=\"\" data-start=\"2190\" data-end=\"2288\">\u2728 <strong data-start=\"2192\" data-end=\"2248\">Clip de tal\u00f3n cromado + detalles en plata metalizada<\/strong>: Toques de lujo que elevan el dise\u00f1o.<\/p>\n<\/li>\n<li class=\"\" data-start=\"2289\" data-end=\"2392\">\n<p class=\"\" data-start=\"2291\" data-end=\"2392\">\u2744\ufe0f <strong data-start=\"2294\" data-end=\"2337\">Suela exterior transl\u00facida tipo &#8220;hielo&#8221;<\/strong>: Est\u00e9tica moderna y excelente tracci\u00f3n en la cancha.<\/p>\n<\/li>\n<li class=\"\" data-start=\"2393\" data-end=\"2491\">\n<p class=\"\" data-start=\"2395\" data-end=\"2491\">\u26a1 <strong data-start=\"2397\" data-end=\"2421\">Zoom Air en el tal\u00f3n<\/strong>: Amortiguaci\u00f3n reactiva para un mayor impulso y retorno de energ\u00eda.<\/p>\n<\/li>\n<li class=\"\" data-start=\"2492\" data-end=\"2619\">\n<p class=\"\" data-start=\"2494\" data-end=\"2619\">\ud83e\udde0 <strong data-start=\"2497\" data-end=\"2536\">Redise\u00f1o Protro (Performance Retro)<\/strong>: Modernizaci\u00f3n del modelo original para un rendimiento m\u00e1s din\u00e1mico y eficiente.<\/p>\n<\/li>\n<\/ul>\n","protected":false},"excerpt":{"rendered":"<p>Nike Kobe 4 Protro \u201cGirl Dad\u201d Un homenaje poderoso a Kobe, Gigi y el legado del baloncesto femenino. Esta edici\u00f3n<\/p>\n","protected":false},"featured_media":79897,"comment_status":"open","ping_status":"closed","template":"","meta":{"nf_dc_page":""},"product_brand":[],"product_cat":[76],"product_tag":[],"class_list":{"0":"post-79896","1":"product","2":"type-product","3":"status-publish","4":"has-post-thumbnail","6":"product_cat-masculino","8":"first","9":"outofstock","10":"shipping-taxable","11":"purchasable","12":"product-type-simple"},"_links":{"self":[{"href":"https:\/\/brandss.com.py\/index\/wp-json\/wp\/v2\/product\/79896","targetHints":{"allow":["GET"]}}],"collection":[{"href":"https:\/\/brandss.com.py\/index\/wp-json\/wp\/v2\/product"}],"about":[{"href":"https:\/\/brandss.com.py\/index\/wp-json\/wp\/v2\/types\/product"}],"replies":[{"embeddable":true,"href":"https:\/\/brandss.com.py\/index\/wp-json\/wp\/v2\/comments?post=79896"}],"version-history":[{"count":1,"href":"https:\/\/brandss.com.py\/index\/wp-json\/wp\/v2\/product\/79896\/revisions"}],"predecessor-version":[{"id":79901,"href":"https:\/\/brandss.com.py\/index\/wp-json\/wp\/v2\/product\/79896\/revisions\/79901"}],"wp:featuredmedia":[{"embeddable":true,"href":"https:\/\/brandss.com.py\/index\/wp-json\/wp\/v2\/media\/79897"}],"wp:attachment":[{"href":"https:\/\/brandss.com.py\/index\/wp-json\/wp\/v2\/media?parent=79896"}],"wp:term":[{"taxonomy":"product_brand","embeddable":true,"href":"https:\/\/brandss.com.py\/index\/wp-json\/wp\/v2\/product_brand?post=79896"},{"taxonomy":"product_cat","embeddable":true,"href":"https:\/\/brandss.com.py\/index\/wp-json\/wp\/v2\/product_cat?post=79896"},{"taxonomy":"product_tag","embeddable":true,"href":"https:\/\/brandss.com.py\/index\/wp-json\/wp\/v2\/product_tag?post=79896"}],"curies":[{"name":"wp","href":"https:\/\/api.w.org\/{rel}","templated":true}]}}