{"id":79903,"date":"2025-04-11T18:31:07","date_gmt":"2025-04-11T18:31:07","guid":{"rendered":"https:\/\/brandss.com.py\/index\/?post_type=product&#038;p=79903"},"modified":"2025-04-11T18:31:26","modified_gmt":"2025-04-11T18:31:26","slug":"calzado-deportivo-femenino-nike-zoom-challenge","status":"publish","type":"product","link":"https:\/\/brandss.com.py\/index\/producto\/calzado-deportivo-femenino-nike-zoom-challenge\/","title":{"rendered":"CALZADO DEPORTIVO FEMENINO NIKE ZOOM CHALLENGE"},"content":{"rendered":"<p><img loading=\"lazy\" decoding=\"async\" class=\"\" src=\"https:\/\/1000marcas.net\/wp-content\/uploads\/2019\/11\/Nike-logo.jpg\" alt=\"Logo de Nike: la historia y el significado del logotipo, la ...\" width=\"414\" height=\"233\" \/><\/p>\n<h1 data-start=\"280\" data-end=\"337\"><strong data-start=\"284\" data-end=\"335\">Nike Pegasus \u2013 Zapatillas de Running para Calle<\/strong><\/h1>\n<p class=\"\" data-start=\"338\" data-end=\"391\"><strong data-start=\"338\" data-end=\"391\">Energ\u00eda, confort y velocidad para cada kil\u00f3metro.<\/strong><\/p>\n<p class=\"\" data-start=\"393\" data-end=\"682\">Dise\u00f1adas para quienes corren todos los d\u00edas, las <strong data-start=\"443\" data-end=\"459\">Nike Pegasus<\/strong> ofrecen una experiencia de pisada m\u00e1s en\u00e9rgica, suave y confiable. Esta versi\u00f3n mejora uno de los modelos m\u00e1s ic\u00f3nicos de Nike con tecnolog\u00edas de \u00faltima generaci\u00f3n que elevan el rendimiento, sin dejar de lado la comodidad.<\/p>\n<p class=\"\" data-start=\"684\" data-end=\"990\">Gracias a su <strong data-start=\"697\" data-end=\"729\">entresuela con espuma ReactX<\/strong> y las <strong data-start=\"736\" data-end=\"764\">unidades Air Zoom dobles<\/strong>, estas zapatillas ofrecen un retorno de energ\u00eda mejorado y una amortiguaci\u00f3n reactiva que acompa\u00f1a cada paso, ya sea en carreras cortas o de larga distancia. El resultado: una transici\u00f3n m\u00e1s fluida y una pisada m\u00e1s explosiva.<\/p>\n<p class=\"\" data-start=\"992\" data-end=\"1334\">La parte superior est\u00e1 confeccionada con <strong data-start=\"1033\" data-end=\"1057\">malla t\u00e9cnica ligera<\/strong>, dise\u00f1ada estrat\u00e9gicamente para mejorar la transpirabilidad, reducir el peso total y adaptarse c\u00f3modamente al movimiento natural del pie. Todo esto se combina en un dise\u00f1o vers\u00e1til, moderno y con un look atl\u00e9tico listo para rendir tanto en entrenamientos como en el d\u00eda a d\u00eda.<\/p>\n<hr class=\"\" data-start=\"1336\" data-end=\"1339\" \/>\n<h3 class=\"\" data-start=\"1341\" data-end=\"1376\"><strong data-start=\"1345\" data-end=\"1376\">Caracter\u00edsticas destacadas:<\/strong><\/h3>\n<ul data-start=\"1378\" data-end=\"2018\">\n<li class=\"\" data-start=\"1378\" data-end=\"1504\">\n<p class=\"\" data-start=\"1380\" data-end=\"1504\">\ud83c\udf00 <strong data-start=\"1383\" data-end=\"1420\">Amortiguaci\u00f3n de alto rendimiento<\/strong>: Entresuela ReactX Foam para una pisada m\u00e1s suave y con mayor retorno de energ\u00eda.<\/p>\n<\/li>\n<li class=\"\" data-start=\"1505\" data-end=\"1607\">\n<p class=\"\" data-start=\"1507\" data-end=\"1607\">\u26a1 <strong data-start=\"1509\" data-end=\"1555\">Unidades Air Zoom dobles (antepi\u00e9 y tal\u00f3n)<\/strong>: Mayor reactividad y propulsi\u00f3n en cada despegue.<\/p>\n<\/li>\n<li class=\"\" data-start=\"1608\" data-end=\"1708\">\n<p class=\"\" data-start=\"1610\" data-end=\"1708\">\ud83c\udf2c\ufe0f <strong data-start=\"1614\" data-end=\"1638\">Malla t\u00e9cnica ligera<\/strong>: Mejora la ventilaci\u00f3n y el ajuste, sin comprometer la durabilidad.<\/p>\n<\/li>\n<li class=\"\" data-start=\"1709\" data-end=\"1809\">\n<p class=\"\" data-start=\"1711\" data-end=\"1809\">\ud83e\uddb6 <strong data-start=\"1714\" data-end=\"1740\">Ajuste c\u00f3modo y seguro<\/strong>: Dise\u00f1ado para adaptarse a la forma natural del pie en movimiento.<\/p>\n<\/li>\n<li class=\"\" data-start=\"1810\" data-end=\"1907\">\n<p class=\"\" data-start=\"1812\" data-end=\"1907\">\ud83d\udee3\ufe0f <strong data-start=\"1816\" data-end=\"1846\">Ideal para correr en calle<\/strong>: Tracci\u00f3n duradera y estabilidad para superficies urbanas.<\/p>\n<\/li>\n<li class=\"\" data-start=\"1988\" data-end=\"2018\">\n<p class=\"\" data-start=\"1990\" data-end=\"2018\">\ud83c\udf0d <strong data-start=\"1993\" data-end=\"2003\">Origen<\/strong>: South Korea<\/p>\n<\/li>\n<\/ul>\n<p>&nbsp;<\/p>\n","protected":false},"excerpt":{"rendered":"<p>Nike Pegasus \u2013 Zapatillas de Running para Calle Energ\u00eda, confort y velocidad para cada kil\u00f3metro. Dise\u00f1adas para quienes corren todos<\/p>\n","protected":false},"featured_media":79904,"comment_status":"open","ping_status":"closed","template":"","meta":{"nf_dc_page":""},"product_brand":[],"product_cat":[73],"product_tag":[],"class_list":{"0":"post-79903","1":"product","2":"type-product","3":"status-publish","4":"has-post-thumbnail","6":"product_cat-femenino","8":"first","9":"instock","10":"shipping-taxable","11":"purchasable","12":"product-type-simple"},"_links":{"self":[{"href":"https:\/\/brandss.com.py\/index\/wp-json\/wp\/v2\/product\/79903","targetHints":{"allow":["GET"]}}],"collection":[{"href":"https:\/\/brandss.com.py\/index\/wp-json\/wp\/v2\/product"}],"about":[{"href":"https:\/\/brandss.com.py\/index\/wp-json\/wp\/v2\/types\/product"}],"replies":[{"embeddable":true,"href":"https:\/\/brandss.com.py\/index\/wp-json\/wp\/v2\/comments?post=79903"}],"version-history":[{"count":1,"href":"https:\/\/brandss.com.py\/index\/wp-json\/wp\/v2\/product\/79903\/revisions"}],"predecessor-version":[{"id":79912,"href":"https:\/\/brandss.com.py\/index\/wp-json\/wp\/v2\/product\/79903\/revisions\/79912"}],"wp:featuredmedia":[{"embeddable":true,"href":"https:\/\/brandss.com.py\/index\/wp-json\/wp\/v2\/media\/79904"}],"wp:attachment":[{"href":"https:\/\/brandss.com.py\/index\/wp-json\/wp\/v2\/media?parent=79903"}],"wp:term":[{"taxonomy":"product_brand","embeddable":true,"href":"https:\/\/brandss.com.py\/index\/wp-json\/wp\/v2\/product_brand?post=79903"},{"taxonomy":"product_cat","embeddable":true,"href":"https:\/\/brandss.com.py\/index\/wp-json\/wp\/v2\/product_cat?post=79903"},{"taxonomy":"product_tag","embeddable":true,"href":"https:\/\/brandss.com.py\/index\/wp-json\/wp\/v2\/product_tag?post=79903"}],"curies":[{"name":"wp","href":"https:\/\/api.w.org\/{rel}","templated":true}]}}