{"id":79918,"date":"2025-04-11T18:51:03","date_gmt":"2025-04-11T18:51:03","guid":{"rendered":"https:\/\/brandss.com.py\/index\/?post_type=product&#038;p=79918"},"modified":"2026-03-23T16:58:57","modified_gmt":"2026-03-23T16:58:57","slug":"perfume-unisex-lattafa-niche-emarati-khanjar-edp-85ml","status":"publish","type":"product","link":"https:\/\/brandss.com.py\/index\/producto\/perfume-unisex-lattafa-niche-emarati-khanjar-edp-85ml\/","title":{"rendered":"PERFUME UNISEX LATTAFA NICHE EMARATI KHANJAR EDP 85ML"},"content":{"rendered":"<p><img loading=\"lazy\" decoding=\"async\" class=\"\" src=\"https:\/\/myscentjourney.s3.us-east-2.amazonaws.com\/2022\/02\/14\/29KIascent_j_marca_1644871114_202.png\" alt=\"MSJ::LATTAFA\" width=\"85\" height=\"101\" \/><\/p>\n<h1>NICHE EMARATI KHANJAR<\/h1>\n<p><span>Niche Emarati Khanjar te transporta a un viaje sensorial por los ricos paisajes de Oriente Medio, con su mezcla de especias, maderas y notas florales. Es una fragancia que evoca tradici\u00f3n y lujo, brind\u00e1ndote seguridad y refinamiento con cada rociado.<\/span><\/p>\n<ul>\n<li><strong><span>Fragancia ex\u00f3tica:<\/span><\/strong><span>\u00a0una mezcla \u00fanica de notas amaderadas, especiadas y florales.<\/span><\/li>\n<li><strong><span>Embalaje elegante:<\/span><\/strong><span>\u00a0inspirado en el dise\u00f1o tradicional emarat\u00ed, que refleja la esencia cultural de la fragancia.<\/span><\/li>\n<li><strong><span>Larga duraci\u00f3n:<\/span><\/strong><span>\u00a0elaborado con ingredientes de alta calidad para un aroma duradero.<\/span><\/li>\n<li><strong><span>Uso vers\u00e1til:<\/span><\/strong><span>\u00a0perfecto para eventos formales o uso diario para dejar una impresi\u00f3n duradera.<\/span><\/li>\n<\/ul>\n<p><strong><span>Notas de fragancia:<\/span><\/strong><\/p>\n<p>Presentado en un frasco de 85 ml, este lujoso perfume, Niche Emarati Khanjar Eau De Parfum de Lattafa, combina profundas notas amaderadas y especiadas con sutiles toques florales y ambarados, creando una fragancia distintiva y memorable. Ideal para quienes aprecian las fragancias refinadas y tradicionales, a\u00f1ade un toque de elegancia y sofisticaci\u00f3n a cualquier ocasi\u00f3n.<\/p>\n<ul>\n<li><strong><span>Notas de salida:<\/span><\/strong><span>\u00a0Azafr\u00e1n especiado y p\u00e9talos de rosa.<\/span><\/li>\n<li><strong><span>Notas de coraz\u00f3n:<\/span><\/strong><span>\u00a0\u00e1mbar c\u00e1lido y s\u00e1ndalo.<\/span><\/li>\n<li><strong><span>Notas de fondo:<\/span><\/strong><span>\u00a0Almizcle y oud profundo para un final terroso.<\/span><\/li>\n<\/ul>\n","protected":false},"excerpt":{"rendered":"<p>NICHE EMARATI KHANJAR Niche Emarati Khanjar te transporta a un viaje sensorial por los ricos paisajes de Oriente Medio, con<\/p>\n","protected":false},"featured_media":79922,"comment_status":"open","ping_status":"closed","template":"","meta":{"nf_dc_page":""},"product_brand":[109],"product_cat":[84],"product_tag":[651],"class_list":{"0":"post-79918","1":"product","2":"type-product","3":"status-publish","4":"has-post-thumbnail","6":"product_brand-lattafa","7":"product_cat-perfumeria","8":"product_tag-651","10":"first","11":"instock","12":"sale","13":"shipping-taxable","14":"purchasable","15":"product-type-simple"},"_links":{"self":[{"href":"https:\/\/brandss.com.py\/index\/wp-json\/wp\/v2\/product\/79918","targetHints":{"allow":["GET"]}}],"collection":[{"href":"https:\/\/brandss.com.py\/index\/wp-json\/wp\/v2\/product"}],"about":[{"href":"https:\/\/brandss.com.py\/index\/wp-json\/wp\/v2\/types\/product"}],"replies":[{"embeddable":true,"href":"https:\/\/brandss.com.py\/index\/wp-json\/wp\/v2\/comments?post=79918"}],"version-history":[{"count":1,"href":"https:\/\/brandss.com.py\/index\/wp-json\/wp\/v2\/product\/79918\/revisions"}],"predecessor-version":[{"id":79932,"href":"https:\/\/brandss.com.py\/index\/wp-json\/wp\/v2\/product\/79918\/revisions\/79932"}],"wp:featuredmedia":[{"embeddable":true,"href":"https:\/\/brandss.com.py\/index\/wp-json\/wp\/v2\/media\/79922"}],"wp:attachment":[{"href":"https:\/\/brandss.com.py\/index\/wp-json\/wp\/v2\/media?parent=79918"}],"wp:term":[{"taxonomy":"product_brand","embeddable":true,"href":"https:\/\/brandss.com.py\/index\/wp-json\/wp\/v2\/product_brand?post=79918"},{"taxonomy":"product_cat","embeddable":true,"href":"https:\/\/brandss.com.py\/index\/wp-json\/wp\/v2\/product_cat?post=79918"},{"taxonomy":"product_tag","embeddable":true,"href":"https:\/\/brandss.com.py\/index\/wp-json\/wp\/v2\/product_tag?post=79918"}],"curies":[{"name":"wp","href":"https:\/\/api.w.org\/{rel}","templated":true}]}}