{"id":79933,"date":"2025-04-11T19:00:40","date_gmt":"2025-04-11T19:00:40","guid":{"rendered":"https:\/\/brandss.com.py\/index\/?post_type=product&#038;p=79933"},"modified":"2025-05-10T13:00:21","modified_gmt":"2025-05-10T13:00:21","slug":"perfume-masculino-brand-collection-dream-n116-winner-inv-edp-25ml","status":"publish","type":"product","link":"https:\/\/brandss.com.py\/index\/producto\/perfume-masculino-brand-collection-dream-n116-winner-inv-edp-25ml\/","title":{"rendered":"PERFUME MASCULINO BRAND COLLECTION DREAM N\u00b0116 WINNER INV EDP 25ML"},"content":{"rendered":"<p><img loading=\"lazy\" decoding=\"async\" class=\"\" src=\"https:\/\/brandcollectionperfume.com\/cdn\/shop\/files\/Untitled_design_1.png?v=1687781756&amp;width=500\" alt=\"Terms of Service \u2013 YouSmellSoGood\" width=\"155\" height=\"87\" \/><\/p>\n<h1>DREAM N\u00b0116 WINNER INV<\/h1>\n<p><span>Es para el hombre decidido, que logra sus metas y logra sus conquistas inevitablemente. Su \u00fanico objetivo es la victoria. <\/span><span>El perfume marca el inicio de una nueva saga en la que la realidad y la mitolog\u00eda se mezclan en el mundo contempor\u00e1neo, creando un hombre de valores m\u00edticos.\u00a0<\/span><\/p>\n<p><span>Esta fragancia te invita a descubrir una nueva fantas\u00eda&#8230; \u00a1S\u00e9 victorioso con <\/span>Winner Inv<span>! Un campe\u00f3n envidiado, un s\u00edmbolo sexual. \u00a1\u00cdcono para hombres, fantas\u00eda total para mujeres! <\/span><span>Dos fuerzas inesperadas act\u00faan juntas: \u00c9xtasis y Adicci\u00f3n. La fragancia es pura energ\u00eda, tan vibrante como una descarga de adrenalina. La c\u00e1scara de pomelo, junto con hojas de laurel y un acorde marino, son los responsables del toque refrescante, complementado con madera de guayaco, pachul\u00ed y un acorde de \u00e1mbar gris que dan vitalidad y masculinidad a la fragancia.\u00a0<\/span>Winner Inv <span>es la esencia del campe\u00f3n! \u00a1Nadie puede competir ni impedirte ganar!<\/span><\/p>\n<p><span>Su \u00fanico objetivo es la victoria. Inspirada en la emoci\u00f3n del deporte y la competici\u00f3n, <\/span>Winner Inv <span>te invita a descubrir la sensaci\u00f3n del poder y la victoria!\u00a0<\/span><\/p>\n<h3>Notas Olfativas<\/h3>\n<p>Winner Inv <span>es una fragancia para el invencible, aquel a quien nada ni nadie puede resistirse. Y nada mejor que un trofeo para simbolizar esta fantas\u00eda. Una botella \u00fanica, innovadora, atrevida, intensa y masculina.\u00a0<\/span><em>Winner Inv <span>es una fragancia que inspira seguridad, poder y dinamismo, traduciendo una masculinidad fuerte y moderna. \u00a1Ser invencible se vuelve inevitable!\u00a0<\/span><\/em><\/p>\n<p><span><strong>Notas de salida:<\/strong> Pomelo, Notas Oce\u00e1nicas y Mandarina.<\/span><br \/>\n<span><strong>Notas de coraz\u00f3n:<\/strong> Hoja de laurel y Jazm\u00edn.<\/span><br \/>\n<span><strong>Notas de fondo:<\/strong> Madera de Guaiac, Musgo de Roble, Pachul\u00ed y \u00c1mbar Gris .<\/span><\/p>\n","protected":false},"excerpt":{"rendered":"<p>DREAM N\u00b0116 WINNER INV Es para el hombre decidido, que logra sus metas y logra sus conquistas inevitablemente. Su \u00fanico<\/p>\n","protected":false},"featured_media":79935,"comment_status":"open","ping_status":"closed","template":"","meta":{"nf_dc_page":""},"product_brand":[],"product_cat":[84],"product_tag":[],"class_list":{"0":"post-79933","1":"product","2":"type-product","3":"status-publish","4":"has-post-thumbnail","6":"product_cat-perfumeria","8":"first","9":"instock","10":"shipping-taxable","11":"purchasable","12":"product-type-simple"},"_links":{"self":[{"href":"https:\/\/brandss.com.py\/index\/wp-json\/wp\/v2\/product\/79933","targetHints":{"allow":["GET"]}}],"collection":[{"href":"https:\/\/brandss.com.py\/index\/wp-json\/wp\/v2\/product"}],"about":[{"href":"https:\/\/brandss.com.py\/index\/wp-json\/wp\/v2\/types\/product"}],"replies":[{"embeddable":true,"href":"https:\/\/brandss.com.py\/index\/wp-json\/wp\/v2\/comments?post=79933"}],"version-history":[{"count":1,"href":"https:\/\/brandss.com.py\/index\/wp-json\/wp\/v2\/product\/79933\/revisions"}],"predecessor-version":[{"id":79940,"href":"https:\/\/brandss.com.py\/index\/wp-json\/wp\/v2\/product\/79933\/revisions\/79940"}],"wp:featuredmedia":[{"embeddable":true,"href":"https:\/\/brandss.com.py\/index\/wp-json\/wp\/v2\/media\/79935"}],"wp:attachment":[{"href":"https:\/\/brandss.com.py\/index\/wp-json\/wp\/v2\/media?parent=79933"}],"wp:term":[{"taxonomy":"product_brand","embeddable":true,"href":"https:\/\/brandss.com.py\/index\/wp-json\/wp\/v2\/product_brand?post=79933"},{"taxonomy":"product_cat","embeddable":true,"href":"https:\/\/brandss.com.py\/index\/wp-json\/wp\/v2\/product_cat?post=79933"},{"taxonomy":"product_tag","embeddable":true,"href":"https:\/\/brandss.com.py\/index\/wp-json\/wp\/v2\/product_tag?post=79933"}],"curies":[{"name":"wp","href":"https:\/\/api.w.org\/{rel}","templated":true}]}}