{"id":79950,"date":"2025-04-12T11:00:38","date_gmt":"2025-04-12T11:00:38","guid":{"rendered":"https:\/\/brandss.com.py\/index\/?post_type=product&#038;p=79950"},"modified":"2025-10-16T19:16:08","modified_gmt":"2025-10-16T19:16:08","slug":"perfume-femenino-brand-collection-dream-n124-good-girl-edp-25ml","status":"publish","type":"product","link":"https:\/\/brandss.com.py\/index\/producto\/perfume-femenino-brand-collection-dream-n124-good-girl-edp-25ml\/","title":{"rendered":"PERFUME FEMENINO BRAND COLLECTION DREAM N\u00b0124 GOOD GIRL EDP 25ML"},"content":{"rendered":"<p><img loading=\"lazy\" decoding=\"async\" class=\"\" src=\"https:\/\/brandcollectionperfume.com\/cdn\/shop\/files\/Untitled_design_1.png?v=1687781756&amp;width=500\" alt=\"Terms of Service \u2013 YouSmellSoGood\" width=\"121\" height=\"68\" \/><\/p>\n<h1>DREAM N\u00b0124 GOOD GIRL<\/h1>\n<p><span>Es una fragancia que irradia poder. Una mezcla atrevida de elementos suaves y atrevidos, creada para mujeres que abrazan tanto su dulzura como su intensidad. <\/span><span>Al igual que la metr\u00f3polis de Nueva York, <\/span>Good Girl<span>\u00a0es valiente, fuerte y sin miedo, en un entorno donde se presentan todas las posibilidades. Este perfume empodera a las mujeres a conquistar la ciudad sin perder su autenticidad.<\/span><\/p>\n<p><span>Este perfume presenta una composici\u00f3n compleja y envolvente de notas cuidadosamente seleccionadas para crear una experiencia sensorial \u00fanica. <\/span><span>En la salida, encontramos una vibrante combinaci\u00f3n de Ylang Ylang, Mandarina, Bergamota y Lim\u00f3n, que aportan un estallido inicial de frescura c\u00edtrica y floral, despertando los sentidos. <\/span><span>En el coraz\u00f3n de la fragancia, lujosas notas de nardos, jazm\u00edn, flor de naranja y rosa b\u00falgara se entrelazan, creando una atm\u00f3sfera de elegancia y feminidad, con una delicada mezcla de flores.<\/span><\/p>\n<p><span>Finalmente, las notas de fondo revelan un fondo rico y reconfortante, donde Dulce de Leche, Pralin\u00e9, Haba Tonka, Canela, S\u00e1ndalo, Madera de Cachemira, Almizcle, \u00c1mbar, Pachul\u00ed y Cedro se fusionan para brindar una sensaci\u00f3n de calidez, profundidad y durabilidad a la fragancia, dejando una impresi\u00f3n duradera e irresistible.<\/span><\/p>\n<h3>Notas Olfativas<\/h3>\n<p><strong><span>Notas de salida:<\/span><\/strong><span> Ylang Ylang, mandarina, bergamota y lim\u00f3n.<\/span><br \/>\n<strong><span>Notas de coraz\u00f3n:<\/span><\/strong><span> Nardos, jazm\u00edn, flor de azahar y rosa b\u00falgara.<\/span><br \/>\n<strong><span>Notas de fondo:<\/span><\/strong><span>\u00a0Dulce de leche, pralin\u00e9, haba tonka, canela, s\u00e1ndalo, madera de cachemira, almizcle, \u00e1mbar, pachul\u00ed y cedro.<\/span><\/p>\n","protected":false},"excerpt":{"rendered":"<p>DREAM N\u00b0124 GOOD GIRL Es una fragancia que irradia poder. Una mezcla atrevida de elementos suaves y atrevidos, creada para<\/p>\n","protected":false},"featured_media":79952,"comment_status":"open","ping_status":"closed","template":"","meta":{"nf_dc_page":""},"product_brand":[],"product_cat":[84],"product_tag":[],"class_list":{"0":"post-79950","1":"product","2":"type-product","3":"status-publish","4":"has-post-thumbnail","6":"product_cat-perfumeria","8":"first","9":"outofstock","10":"shipping-taxable","11":"purchasable","12":"product-type-simple"},"_links":{"self":[{"href":"https:\/\/brandss.com.py\/index\/wp-json\/wp\/v2\/product\/79950","targetHints":{"allow":["GET"]}}],"collection":[{"href":"https:\/\/brandss.com.py\/index\/wp-json\/wp\/v2\/product"}],"about":[{"href":"https:\/\/brandss.com.py\/index\/wp-json\/wp\/v2\/types\/product"}],"replies":[{"embeddable":true,"href":"https:\/\/brandss.com.py\/index\/wp-json\/wp\/v2\/comments?post=79950"}],"version-history":[{"count":1,"href":"https:\/\/brandss.com.py\/index\/wp-json\/wp\/v2\/product\/79950\/revisions"}],"predecessor-version":[{"id":79958,"href":"https:\/\/brandss.com.py\/index\/wp-json\/wp\/v2\/product\/79950\/revisions\/79958"}],"wp:featuredmedia":[{"embeddable":true,"href":"https:\/\/brandss.com.py\/index\/wp-json\/wp\/v2\/media\/79952"}],"wp:attachment":[{"href":"https:\/\/brandss.com.py\/index\/wp-json\/wp\/v2\/media?parent=79950"}],"wp:term":[{"taxonomy":"product_brand","embeddable":true,"href":"https:\/\/brandss.com.py\/index\/wp-json\/wp\/v2\/product_brand?post=79950"},{"taxonomy":"product_cat","embeddable":true,"href":"https:\/\/brandss.com.py\/index\/wp-json\/wp\/v2\/product_cat?post=79950"},{"taxonomy":"product_tag","embeddable":true,"href":"https:\/\/brandss.com.py\/index\/wp-json\/wp\/v2\/product_tag?post=79950"}],"curies":[{"name":"wp","href":"https:\/\/api.w.org\/{rel}","templated":true}]}}