{"id":79974,"date":"2025-04-12T11:55:14","date_gmt":"2025-04-12T11:55:14","guid":{"rendered":"https:\/\/brandss.com.py\/index\/?post_type=product&#038;p=79974"},"modified":"2025-05-10T12:59:44","modified_gmt":"2025-05-10T12:59:44","slug":"perfume-masculino-brand-collection-dream-n128-the-tragedy-of-lord-georg-edp-25ml","status":"publish","type":"product","link":"https:\/\/brandss.com.py\/index\/producto\/perfume-masculino-brand-collection-dream-n128-the-tragedy-of-lord-georg-edp-25ml\/","title":{"rendered":"PERFUME MASCULINO BRAND COLLECTION DREAM N\u00b0128 THE TRAGEDY OF LORD GEORG EDP 25ML"},"content":{"rendered":"<p><img loading=\"lazy\" decoding=\"async\" class=\"\" src=\"https:\/\/brandcollectionperfume.com\/cdn\/shop\/files\/Untitled_design_1.png?v=1687781756&amp;width=500\" alt=\"Terms of Service \u2013 YouSmellSoGood\" width=\"171\" height=\"96\" \/><\/p>\n<h1>DREAM N\u00b0128 THE TRAGEDY OF LORD GEORG<\/h1>\n<p>Es una obra maestra olfativa que trasciende el tiempo y las expectativas. Desde la primera pulverizaci\u00f3n revela su personalidad \u00fanica y cautivadora, invit\u00e1ndote a explorar un universo de sofisticaci\u00f3n y misterio.\u00a0Imag\u00ednate delante de una escena donde la seducci\u00f3n y el drama se entrelazan a la perfecci\u00f3n. Esta es la apertura de un momento ef\u00edmero pero inolvidable. Notas c\u00edtricas frescas bailan delicadamente con acordes frutales, creando una sinfon\u00eda de aromas que despiertan los sentidos. Es como un pr\u00f3logo emocionante, que prepara el escenario para lo que est\u00e1 por venir.\u00a0A medida que el perfume evoluciona y revela un coraz\u00f3n palpitante de elegancia y encanto. Aqu\u00ed, notas florales ex\u00f3ticas se mezclan con especias envolventes, creando un aura de nobleza y refinamiento. Cada nota se elige meticulosamente para contribuir a la narrativa olfativa, agregando capas de complejidad y profundidad a la composici\u00f3n.<\/p>\n<p>La base es donde se revela la verdadera esencia de esta excepcional fragancia. Notas amaderadas, robustas y masculinas se fusionan con matices de cuero y \u00e1mbar, dando una sensaci\u00f3n de misterio y poder. Es como el cl\u00edmax de una gran tragedia, donde todas las emociones convergen en una explosi\u00f3n de intensidad y emoci\u00f3n.<\/p>\n<p>La longevidad\u00a0es otro punto a destacar. Su presencia es duradera, se mantiene firme y cautivadora durante todo el d\u00eda, como un personaje principal que domina la escena con su aura inconfundible. Cada vez que te mueves, el aroma deja un rastro sutil pero innegablemente llamativo, captando la atenci\u00f3n de todos los que te rodean.<\/p>\n<p>Para el hombre que busca m\u00e1s que una simple fragancia, The Tragedy of the Marquis es una elecci\u00f3n esencial. Es la encarnaci\u00f3n del buen gusto y la distinci\u00f3n, adecuado para ocasiones especiales donde s\u00f3lo lo mejor es aceptable. Al igual que La tragedia de Lord George del famoso Penhaligon,\u00a0Brand 128\u00a0encapsula el mismo aura de sofisticaci\u00f3n y exclusividad, ofreciendo una experiencia sensorial que trasciende lo ordinario.<\/p>\n<p>Cada aplicaci\u00f3n de La Tragedia del Marqu\u00e9s\u00a0es una experiencia sensorial renovada. Cada vez que hueles su aroma, te transportas a un mundo donde el lujo y la elegancia reinan. Es una fragancia que cuenta una historia diferente a cada persona que la usa, adapt\u00e1ndose a los matices individuales de cada piel y personalidad.<\/p>\n<h3>Notas Olfativas<\/h3>\n<p>Entonces, si eres un hombre que valora no solo la apariencia sino tambi\u00e9n la impresi\u00f3n que deja en el aire, The Tragedy of the Marquis es m\u00e1s que un perfume. Es una declaraci\u00f3n de estilo y buen gusto, una firma olfativa que no pasa desapercibida. D\u00e9jate envolver por la magia de Brand 128 y descubre c\u00f3mo una fragancia puede transformar no s\u00f3lo tu d\u00eda, sino toda tu experiencia de vida.<\/p>\n<p><strong>Notas de salida:<\/strong> Lavanda y Ron.<br \/>\n<strong>Notas de coraz\u00f3n:<\/strong> Haba tonka.<br \/>\n<strong>Notas de fondo:<\/strong>\u00a0Ambrox, vetiver y madera de cedro.<\/p>\n","protected":false},"excerpt":{"rendered":"<p>DREAM N\u00b0128 THE TRAGEDY OF LORD GEORG Es una obra maestra olfativa que trasciende el tiempo y las expectativas. Desde<\/p>\n","protected":false},"featured_media":79975,"comment_status":"open","ping_status":"closed","template":"","meta":{"nf_dc_page":""},"product_brand":[],"product_cat":[84],"product_tag":[],"class_list":{"0":"post-79974","1":"product","2":"type-product","3":"status-publish","4":"has-post-thumbnail","6":"product_cat-perfumeria","8":"first","9":"instock","10":"shipping-taxable","11":"purchasable","12":"product-type-simple"},"_links":{"self":[{"href":"https:\/\/brandss.com.py\/index\/wp-json\/wp\/v2\/product\/79974","targetHints":{"allow":["GET"]}}],"collection":[{"href":"https:\/\/brandss.com.py\/index\/wp-json\/wp\/v2\/product"}],"about":[{"href":"https:\/\/brandss.com.py\/index\/wp-json\/wp\/v2\/types\/product"}],"replies":[{"embeddable":true,"href":"https:\/\/brandss.com.py\/index\/wp-json\/wp\/v2\/comments?post=79974"}],"version-history":[{"count":2,"href":"https:\/\/brandss.com.py\/index\/wp-json\/wp\/v2\/product\/79974\/revisions"}],"predecessor-version":[{"id":79979,"href":"https:\/\/brandss.com.py\/index\/wp-json\/wp\/v2\/product\/79974\/revisions\/79979"}],"wp:featuredmedia":[{"embeddable":true,"href":"https:\/\/brandss.com.py\/index\/wp-json\/wp\/v2\/media\/79975"}],"wp:attachment":[{"href":"https:\/\/brandss.com.py\/index\/wp-json\/wp\/v2\/media?parent=79974"}],"wp:term":[{"taxonomy":"product_brand","embeddable":true,"href":"https:\/\/brandss.com.py\/index\/wp-json\/wp\/v2\/product_brand?post=79974"},{"taxonomy":"product_cat","embeddable":true,"href":"https:\/\/brandss.com.py\/index\/wp-json\/wp\/v2\/product_cat?post=79974"},{"taxonomy":"product_tag","embeddable":true,"href":"https:\/\/brandss.com.py\/index\/wp-json\/wp\/v2\/product_tag?post=79974"}],"curies":[{"name":"wp","href":"https:\/\/api.w.org\/{rel}","templated":true}]}}