{"id":79980,"date":"2025-04-12T12:32:07","date_gmt":"2025-04-12T12:32:07","guid":{"rendered":"https:\/\/brandss.com.py\/index\/?post_type=product&#038;p=79980"},"modified":"2025-05-10T12:59:27","modified_gmt":"2025-05-10T12:59:27","slug":"perfume-masculino-brand-collection-dream-n129-interlude-man-edp-25ml","status":"publish","type":"product","link":"https:\/\/brandss.com.py\/index\/producto\/perfume-masculino-brand-collection-dream-n129-interlude-man-edp-25ml\/","title":{"rendered":"PERFUME MASCULINO BRAND COLLECTION DREAM N\u00b0129 INTERLUDE MAN EDP 25ML"},"content":{"rendered":"<p><img loading=\"lazy\" decoding=\"async\" class=\"\" src=\"https:\/\/brandcollectionperfume.com\/cdn\/shop\/files\/Untitled_design_1.png?v=1687781756&amp;width=500\" alt=\"Terms of Service \u2013 YouSmellSoGood\" width=\"137\" height=\"77\" \/><\/p>\n<h1>DREAM N\u00b0129 INTERLUDE MAN<\/h1>\n<p><span>Inspirada en el caos y el desorden, esta fragancia especiada y amaderada disfraza un momento intermedio de armon\u00eda en tu coraz\u00f3n.<\/span><\/p>\n<p><span><strong>Notas de salida:<\/strong> Or\u00e9gano, Pimienta y Bergamota.<\/span><\/p>\n<p><span><strong>Notas de coraz\u00f3n:<\/strong> incienso, opop\u00f3naco, \u00e1mbar y l\u00e1dano.\u00a0<\/span><\/p>\n<p><span><strong>Notas de fondo:<\/strong> madera de oud, cuero, s\u00e1ndalo y pachul\u00ed.<\/span><\/p>\n","protected":false},"excerpt":{"rendered":"<p>DREAM N\u00b0129 INTERLUDE MAN Inspirada en el caos y el desorden, esta fragancia especiada y amaderada disfraza un momento intermedio<\/p>\n","protected":false},"featured_media":79981,"comment_status":"open","ping_status":"closed","template":"","meta":{"nf_dc_page":""},"product_brand":[],"product_cat":[84],"product_tag":[],"class_list":{"0":"post-79980","1":"product","2":"type-product","3":"status-publish","4":"has-post-thumbnail","6":"product_cat-perfumeria","8":"first","9":"instock","10":"shipping-taxable","11":"purchasable","12":"product-type-simple"},"_links":{"self":[{"href":"https:\/\/brandss.com.py\/index\/wp-json\/wp\/v2\/product\/79980","targetHints":{"allow":["GET"]}}],"collection":[{"href":"https:\/\/brandss.com.py\/index\/wp-json\/wp\/v2\/product"}],"about":[{"href":"https:\/\/brandss.com.py\/index\/wp-json\/wp\/v2\/types\/product"}],"replies":[{"embeddable":true,"href":"https:\/\/brandss.com.py\/index\/wp-json\/wp\/v2\/comments?post=79980"}],"version-history":[{"count":1,"href":"https:\/\/brandss.com.py\/index\/wp-json\/wp\/v2\/product\/79980\/revisions"}],"predecessor-version":[{"id":79985,"href":"https:\/\/brandss.com.py\/index\/wp-json\/wp\/v2\/product\/79980\/revisions\/79985"}],"wp:featuredmedia":[{"embeddable":true,"href":"https:\/\/brandss.com.py\/index\/wp-json\/wp\/v2\/media\/79981"}],"wp:attachment":[{"href":"https:\/\/brandss.com.py\/index\/wp-json\/wp\/v2\/media?parent=79980"}],"wp:term":[{"taxonomy":"product_brand","embeddable":true,"href":"https:\/\/brandss.com.py\/index\/wp-json\/wp\/v2\/product_brand?post=79980"},{"taxonomy":"product_cat","embeddable":true,"href":"https:\/\/brandss.com.py\/index\/wp-json\/wp\/v2\/product_cat?post=79980"},{"taxonomy":"product_tag","embeddable":true,"href":"https:\/\/brandss.com.py\/index\/wp-json\/wp\/v2\/product_tag?post=79980"}],"curies":[{"name":"wp","href":"https:\/\/api.w.org\/{rel}","templated":true}]}}