{"id":79986,"date":"2025-04-12T12:50:27","date_gmt":"2025-04-12T12:50:27","guid":{"rendered":"https:\/\/brandss.com.py\/index\/?post_type=product&#038;p=79986"},"modified":"2025-09-19T10:54:59","modified_gmt":"2025-09-19T10:54:59","slug":"perfume-femenino-brand-collection-dream-n132-super-fantastic-edp-25ml","status":"publish","type":"product","link":"https:\/\/brandss.com.py\/index\/producto\/perfume-femenino-brand-collection-dream-n132-super-fantastic-edp-25ml\/","title":{"rendered":"PERFUME FEMENINO BRAND COLLECTION DREAM N\u00b0132 SUPER FANTASTIC EDP 25ML"},"content":{"rendered":"<p><img loading=\"lazy\" decoding=\"async\" class=\"\" src=\"https:\/\/brandcollectionperfume.com\/cdn\/shop\/files\/Untitled_design_1.png?v=1687781756&amp;width=500\" alt=\"Terms of Service \u2013 YouSmellSoGood\" width=\"139\" height=\"78\" \/><\/p>\n<h1>DREAM N\u00b0132 SUPER FANTASTIC<\/h1>\n<p><span>Es una fragancia encantadora y cautivadora, que combina la dulzura de las frutas con una personalidad llamativa y sofisticada. Creado para mujeres <\/span>rom\u00e1nticas<span>\u00a0que tambi\u00e9n saben provocar, este perfume tiene una presencia irresistible, permiti\u00e9ndote mostrar toda tu personalidad de una manera \u00fanica.<\/span><\/p>\n<p><span>Al aplicar <\/span><span>te envuelve inmediatamente una\u00a0<\/span>explosi\u00f3n de frutas frescas y vibrantes\u00a0en las\u00a0notas de salida. El kiwi,\u00a0con su acidez suave y refrescante, se equilibra perfectamente con las\u00a0notas dulces del lichi rojo\u00a0y el toque delicado del\u00a0membrillo dorado. Estas frutas, combinadas armoniosamente, crean una\u00a0apertura dulce y energizante<span>, que derrocha vitalidad y frescura.<\/span><\/p>\n<p><span>En el coraz\u00f3n de la fragancia,<\/span><span>\u00a0se revela con sus\u00a0<\/span>notas gourmand y florales, creando una\u00a0composici\u00f3n dulce y envolvente.\u00a0El chocolate blanco\u00a0y\u00a0el cupcake\u00a0aportan\u00a0una\u00a0cremosidad irresistible, mientras que las delicadas flores\u00a0de orqu\u00eddea\u00a0y\u00a0jazm\u00edn\u00a0aportan un toque de\u00a0elegancia floral. Este equilibrio entre\u00a0dulce\u00a0y\u00a0floral\u00a0hace que la fragancia sea a la vez\u00a0atractiva\u00a0\u00a0y\u00a0rom\u00e1ntica<span>, transmitiendo un aura de feminidad llena de encanto.<\/span><\/p>\n<p><span>A medida que se desarrolla la fragancia, las\u00a0<\/span>notas de fondo\u00a0a\u00f1aden una\u00a0profundidad suave y sofisticada. El almizcle\u00a0aporta un\u00a0encanto discreto, mientras que\u00a0la ra\u00edz de lirio\u00a0o\u00a0el lirio de los valles\u00a0a\u00f1aden<span>\u00a0una elegancia \u00fanica y refinada. Las\u00a0notas amaderadas\u00a0completan la composici\u00f3n con un toque\u00a0misterioso\u00a0y\u00a0duradero, proporcionando una base firme y envolvente a la fragancia.<\/span><\/p>\n<p><span>Este perfume fue desarrollado especialmente para mujeres que desean expresar su\u00a0<\/span>personalidad completa. La combinaci\u00f3n de frutas frescas, dulces y florales crea una fragancia\u00a0\u00fanica e irresistible, que refleja a una mujer\u00a0rom\u00e1ntica, pero con un toque provocador. Super Fantastic\u00a0es ideal para cualquier ocasi\u00f3n, ya sea para el uso diario o para momentos especiales en los que desea dejar una impresi\u00f3n duradera y\u00a0encantadora.<\/p>\n<p>Para aprovechar al m\u00e1ximo la experiencia, aplique Super Fantastic en las zonas con mayor circulaci\u00f3n sangu\u00ednea, como\u00a0las mu\u00f1ecas,\u00a0el cuello\u00a0y\u00a0el dorso de las manos, para asegurar una mayor duraci\u00f3n e intensidad de la fragancia durante todo el d\u00eda. De esta manera mantendr\u00e1s tu aura encantadora y cautivadora en todo momento.<\/p>\n<h3>Notas Olfativas<\/h3>\n<p><span>Con la\u00a0<\/span>personalidad encantadora\u00a0y\u00a0la energ\u00eda vibrante que transmite,\u00a0Super Fantastic\u00a0es perfecto para mujeres que quieren sentirse seguras e\u00a0irresistibles<span>. Al elegir este perfume, te rodeas de una fragancia que desprende dulzura, sofisticaci\u00f3n y un toque de misterio, convirti\u00e9ndolo en el aliado perfecto para cualquier momento.<\/span><\/p>\n<p>&nbsp;<\/p>\n<p data-pm-slice=\"1 1 []\"><strong><span>Notas de salida:<\/span><\/strong><span> kiwi, lichi rojo y membrillo.<\/span><\/p>\n<p><strong><span>Notas de Coraz\u00f3n:<\/span><\/strong><span> Chocolate Blanco, Magdalena, Orqu\u00eddea y Jazm\u00edn.<\/span><\/p>\n<p><strong><span>Notas de fondo:<\/span><\/strong><span>\u00a0Almizcle, ra\u00edz de lirio y notas amaderadas.<\/span><\/p>\n","protected":false},"excerpt":{"rendered":"<p>DREAM N\u00b0132 SUPER FANTASTIC Es una fragancia encantadora y cautivadora, que combina la dulzura de las frutas con una personalidad<\/p>\n","protected":false},"featured_media":79987,"comment_status":"open","ping_status":"closed","template":"","meta":{"nf_dc_page":""},"product_brand":[],"product_cat":[84],"product_tag":[],"class_list":{"0":"post-79986","1":"product","2":"type-product","3":"status-publish","4":"has-post-thumbnail","6":"product_cat-perfumeria","8":"first","9":"instock","10":"shipping-taxable","11":"purchasable","12":"product-type-simple"},"_links":{"self":[{"href":"https:\/\/brandss.com.py\/index\/wp-json\/wp\/v2\/product\/79986","targetHints":{"allow":["GET"]}}],"collection":[{"href":"https:\/\/brandss.com.py\/index\/wp-json\/wp\/v2\/product"}],"about":[{"href":"https:\/\/brandss.com.py\/index\/wp-json\/wp\/v2\/types\/product"}],"replies":[{"embeddable":true,"href":"https:\/\/brandss.com.py\/index\/wp-json\/wp\/v2\/comments?post=79986"}],"version-history":[{"count":1,"href":"https:\/\/brandss.com.py\/index\/wp-json\/wp\/v2\/product\/79986\/revisions"}],"predecessor-version":[{"id":79991,"href":"https:\/\/brandss.com.py\/index\/wp-json\/wp\/v2\/product\/79986\/revisions\/79991"}],"wp:featuredmedia":[{"embeddable":true,"href":"https:\/\/brandss.com.py\/index\/wp-json\/wp\/v2\/media\/79987"}],"wp:attachment":[{"href":"https:\/\/brandss.com.py\/index\/wp-json\/wp\/v2\/media?parent=79986"}],"wp:term":[{"taxonomy":"product_brand","embeddable":true,"href":"https:\/\/brandss.com.py\/index\/wp-json\/wp\/v2\/product_brand?post=79986"},{"taxonomy":"product_cat","embeddable":true,"href":"https:\/\/brandss.com.py\/index\/wp-json\/wp\/v2\/product_cat?post=79986"},{"taxonomy":"product_tag","embeddable":true,"href":"https:\/\/brandss.com.py\/index\/wp-json\/wp\/v2\/product_tag?post=79986"}],"curies":[{"name":"wp","href":"https:\/\/api.w.org\/{rel}","templated":true}]}}